
{"id":133985,"date":"2026-03-24T08:17:08","date_gmt":"2026-03-24T08:17:08","guid":{"rendered":"https:\/\/gevelridder.nl\/product\/sirliftalot4-250-kg\/"},"modified":"2026-04-06T19:08:48","modified_gmt":"2026-04-06T19:08:48","slug":"sirliftalot4-250-kg","status":"publish","type":"product","link":"https:\/\/gevelridder.nl\/fr\/produit\/sirliftalot4-250-kg\/","title":{"rendered":"SirLiftAlot4 250 kg"},"content":{"rendered":"\n<h2 class=\"wp-block-heading\">SirLiftAlot4 250kg Ventouse de levage pour verre ou Porte-verre<\/h2>\n\n\n\n<p>La Ventouse de levage pour verre SirLiftAlot4 250 kg ou le porte-verre est la ventouse la plus vendue d\u2019AtoutL\u00e8ve. Avec 4 ventouses \u00e0 pompe manuelle en Lexan, le \u00ab LiftAlot4 \u00bb est l\u00e9ger et poss\u00e8de un palonnier de 100 cm de large. Cet appareil de levage \u00e0 ventouse se fixe \u00e0 l\u2019AtoutL\u00e8ve, peut pivoter \u00e0 360 degr\u00e9s et \u00eatre lev\u00e9 dans 3 positions.<\/p>\n\n\n\n<h3 class=\"wp-block-heading\">Les vitriers utilisent le SirliftAlot4<\/h3>\n\n\n\n<p>Le produit est id\u00e9al pour les vitriers, les entrepreneurs et les sous-traitants lorsqu\u2019ils vont monter des mat\u00e9riaux lourds verticalement ou horizontalement. Travaillez en toute s\u00e9curit\u00e9 et dans le respect des conditions de travail.<\/p>\n\n\n\n<h4 class=\"wp-block-heading\"><strong>Humidit\u00e9<\/strong><\/h4>\n\n\n\n<p>Par temps humide ou pluvieux, travailler avec des ventouses \u00e0 vide est risqu\u00e9. L\u2019humidit\u00e9 sur la surface du verre peut entra\u00eener une adh\u00e9rence insuffisante des ventouses, ce qui peut provoquer un d\u00e9tachement inattendu du verre. Cela augmente le risque d\u2019accidents et de dommages.<\/p>\n\n\n\n<p>De plus, l\u2019humidit\u00e9 ou la salet\u00e9 peut \u00eatre aspir\u00e9e dans la chambre \u00e0 vide de la ventouse. Cela perturbe l\u2019\u00e9tanch\u00e9it\u00e9 et peut entra\u00eener une&nbsp;<strong>contamination des bords d\u2019\u00e9tanch\u00e9it\u00e9 ou des filtres<\/strong>, ce qui affecte \u00e0 long terme le fonctionnement du syst\u00e8me.<\/p>\n\n\n\n<p><strong>Lorsque la vapeur d\u2019eau est sous pression r\u00e9duite, le point d\u2019\u00e9bullition baisse,<\/strong>&nbsp;ce qui permet \u00e0 l\u2019humidit\u00e9 de s\u2019\u00e9vaporer plus rapidement. Cela fait augmenter la pression de vapeur \u00e0 l\u2019int\u00e9rieur du syst\u00e8me de vide, ce qui r\u00e9duit effectivement le vide. Par cons\u00e9quent, la pression n\u00e9gative (la diff\u00e9rence entre la pression int\u00e9rieure et ext\u00e9rieure) diminue, et donc aussi la force d\u2019aspiration et l\u2019adh\u00e9rence de la ventouse. Cet effet rend les ventouses \u00e0 vide encore moins fiables dans des conditions humides.<\/p>\n\n\n\n<p><strong>Pour cette raison, l\u2019utilisation de palonniers \u00e0 ventouses par temps de pluie, de condensation ou sur du verre humide est fortement d\u00e9conseill\u00e9e \u2013 tant du point de vue de la s\u00e9curit\u00e9 que des dommages potentiels au syst\u00e8me.<\/strong><\/p>\n\n\n\n<h2 class=\"wp-block-heading\">Syst\u00e8me antichute Ventouse de levage pour verre SirliftAlot4<\/h2>\n\n\n\n<p>Gr\u00e2ce au syst\u00e8me antichute, la ventouse AtoutL\u00e8ve peut \u00e9galement \u00eatre utilis\u00e9e pour lever des objets plus haut que le rez-de-chauss\u00e9e.<\/p>\n\n\n\n<p>Les prix ne comprennent pas les frais de livraison pour les clients en dehors des Pays-Bas et en Belgique.<\/p>\n","protected":false},"excerpt":{"rendered":"<p>La ventouse AtoutL\u00e8ve avec 4 ventouses manuelles est l\u00e9g\u00e8re et poss\u00e8de un palonnier de +\/- 130x30x15 cm.<\/p>\n<p>Cette ventouse peut \u00eatre utilis\u00e9e dans 3 positions gr\u00e2ce \u00e0 ses 3 \u0153illets de levage.<\/p>\n","protected":false},"featured_media":131398,"template":"","meta":{"_acf_changed":false,"_seopress_robots_primary_cat":"none","_seopress_titles_title":"","_seopress_titles_desc":"","_seopress_robots_index":""},"product_brand":[],"product_cat":[1926,903],"product_tag":[1669,1696,997,1667,1423,1390,1509,1321,1275,1563,1021,1399,1853,1792,1689,1308,1826,1312,1307,1212],"class_list":{"0":"post-133985","1":"product","2":"type-product","3":"status-publish","4":"has-post-thumbnail","6":"product_cat-les-plus-vendus","7":"product_cat-palonniers-a-ventouses","8":"product_tag-agenceurs","9":"product_tag-aluminiumlift","10":"product_tag-atoutleve","11":"product_tag-chassis-de-fenetre","12":"product_tag-hissage","13":"product_tag-levage-2","14":"product_tag-levage-3","15":"product_tag-levage-de-verre","16":"product_tag-location-monte-verre","17":"product_tag-miroiterie-2","18":"product_tag-monte-verre","19":"product_tag-palan","20":"product_tag-sirliftalot4","21":"product_tag-transport","22":"product_tag-ventouse","23":"product_tag-ventouse-a-pompe","24":"product_tag-ventouse-a-vide","25":"product_tag-verre-2","26":"product_tag-vitrier","27":"product_tag-vitrier-2","28":"product_shipping_class-paquet-80-50-20","30":"first","31":"instock","32":"taxable","33":"shipping-taxable","34":"purchasable","35":"product-type-simple"},"acf":[],"_links":{"self":[{"href":"https:\/\/gevelridder.nl\/fr\/wp-json\/wp\/v2\/product\/133985","targetHints":{"allow":["GET"]}}],"collection":[{"href":"https:\/\/gevelridder.nl\/fr\/wp-json\/wp\/v2\/product"}],"about":[{"href":"https:\/\/gevelridder.nl\/fr\/wp-json\/wp\/v2\/types\/product"}],"wp:featuredmedia":[{"embeddable":true,"href":"https:\/\/gevelridder.nl\/fr\/wp-json\/wp\/v2\/media\/131398"}],"wp:attachment":[{"href":"https:\/\/gevelridder.nl\/fr\/wp-json\/wp\/v2\/media?parent=133985"}],"wp:term":[{"taxonomy":"product_brand","embeddable":true,"href":"https:\/\/gevelridder.nl\/fr\/wp-json\/wp\/v2\/product_brand?post=133985"},{"taxonomy":"product_cat","embeddable":true,"href":"https:\/\/gevelridder.nl\/fr\/wp-json\/wp\/v2\/product_cat?post=133985"},{"taxonomy":"product_tag","embeddable":true,"href":"https:\/\/gevelridder.nl\/fr\/wp-json\/wp\/v2\/product_tag?post=133985"}],"curies":[{"name":"wp","href":"https:\/\/api.w.org\/{rel}","templated":true}]}}