
{"id":133977,"date":"2026-03-24T08:17:08","date_gmt":"2026-03-24T08:17:08","guid":{"rendered":"https:\/\/gevelridder.nl\/product\/sirliftalot2-150kg-ventouses-a-pompe-3-0\/"},"modified":"2026-04-06T19:08:11","modified_gmt":"2026-04-06T19:08:11","slug":"sirliftalot2-150kg-ventouses-a-pompe-3-0","status":"publish","type":"product","link":"https:\/\/gevelridder.nl\/fr\/produit\/sirliftalot2-150kg-ventouses-a-pompe-3-0\/","title":{"rendered":"SirLiftAlot2 150kg ventouses \u00e0 pompe 3.0"},"content":{"rendered":"\n<h2 class=\"wp-block-heading\">SirLiftAlot2 150kg Palonnier \u00e0 ventouses ou Porte-verre<\/h2>\n\n\n\n<p>Le SirLiftAlot2, palonnier \u00e0 ventouses ou porte-verre avec 2 ventouses manuelles LiftAlot2 est l\u00e9ger et a un palonnier de 50 cm de large. Cet appareil de levage \u00e0 vide se fixe \u00e0 l\u2019AtoutL\u00e8ve, peut pivoter \u00e0 360 degr\u00e9s et \u00eatre lev\u00e9 dans 3 positions. Consciemment, travailler, fonctionne, m\u00eame le site&nbsp;<a href=\"https:\/\/avh-leverancier.volandis.nl\/alle-producten\/gevelridder-model-s\/\">outils ergonomiques<\/a>&nbsp;recommande nos produits, alors ne prends pas de risque et travaille en toute s\u00e9curit\u00e9 et de mani\u00e8re responsable avec le palonnier \u00e0 ventouses SirLiftAlot2.<\/p>\n\n\n\n<h2 class=\"wp-block-heading\">Les vitriers utilisent le SirLiftAlot2<\/h2>\n\n\n\n<p>Le produit est id\u00e9al pour les vitriers, les entrepreneurs et les sous-traitants lorsqu\u2019ils vont monter des mat\u00e9riaux lourds verticalement ou horizontalement.<\/p>\n\n\n\n<h2 class=\"wp-block-heading\">Protection antichute du palonnier \u00e0 ventouses SirLiftAlot2<\/h2>\n\n\n\n<p>Gr\u00e2ce \u00e0 la protection antichute, le palonnier \u00e0 ventouses AtoutL\u00e8ve peut \u00e9galement \u00eatre utilis\u00e9 pour lever des objets au-dessus du niveau du sol (&gt; 1,2 m\u00e8tre du bas de l\u2019objet au niveau du sol). De plus, ce produit peut \u00e9galement \u00eatre utilis\u00e9 comme palonnier de levage pour, par exemple, des stores ou des volets roulants. Le produit est fabriqu\u00e9 en aluminium, les ventouses sont de la marque Powr-grip avec un&nbsp;<a href=\"https:\/\/gevelridder.nl\/product\/aaaaaanbieding-powr-grip-pompzuiger-lexaan\/\">noyau en lexan<\/a>.<\/p>\n\n\n\n<p><strong>Humidit\u00e9<\/strong><\/p>\n\n\n\n<p>Par temps humide ou pluvieux, travailler avec des ventouses \u00e0 vide est risqu\u00e9. L\u2019humidit\u00e9 sur la surface du verre peut entra\u00eener une adh\u00e9rence insuffisante des ventouses, ce qui peut provoquer un d\u00e9tachement inattendu du verre. Cela augmente le risque d\u2019accidents et de dommages.<\/p>\n\n\n\n<p>De plus, l\u2019humidit\u00e9 ou la salet\u00e9 peut \u00eatre aspir\u00e9e dans la chambre \u00e0 vide de la ventouse. Cela perturbe l\u2019\u00e9tanch\u00e9it\u00e9 et peut entra\u00eener une&nbsp;<strong>contamination des bords d\u2019\u00e9tanch\u00e9it\u00e9 ou des filtres<\/strong>, ce qui affecte \u00e0 long terme le fonctionnement du syst\u00e8me.<\/p>\n\n\n\n<p><strong>Lorsque la vapeur d\u2019eau est sous pression r\u00e9duite, le point d\u2019\u00e9bullition baisse,<\/strong>&nbsp;ce qui permet \u00e0 l\u2019humidit\u00e9 de s\u2019\u00e9vaporer plus rapidement. Cela fait augmenter la pression de vapeur \u00e0 l\u2019int\u00e9rieur du syst\u00e8me de vide, ce qui r\u00e9duit effectivement le vide. Par cons\u00e9quent, la pression n\u00e9gative (la diff\u00e9rence entre la pression int\u00e9rieure et ext\u00e9rieure) diminue, et donc aussi la force d\u2019aspiration et l\u2019adh\u00e9rence de la ventouse. Cet effet rend les ventouses \u00e0 vide encore moins fiables dans des conditions humides.<\/p>\n\n\n\n<p><strong>Pour cette raison, l\u2019utilisation de palonniers \u00e0 ventouses par temps de pluie, de condensation ou sur du verre humide est fortement d\u00e9conseill\u00e9e \u2013 tant du point de vue de la s\u00e9curit\u00e9 que des dommages potentiels au syst\u00e8me.<\/strong><\/p>\n\n\n\n<p>FR : Palonnier \u00e0 ventouses avec 4 ventouses manuelles Powr-grip, aluminium.<br>Les prix n\u2019incluent pas les frais d\u2019exp\u00e9dition pour les clients en dehors des Pays-Bas et de la Belgique.<br>FR : Palonnier \u00e0 ventouses avec 4 ventouses Powr-Grip, aluminium.<br>Les prix n\u2019incluent pas les frais d\u2019exp\u00e9dition pour les clients en dehors des Pays-Bas et de la Belgique.<br>FR : Palonnier \u00e0 ventouses avec 4 ventouses manuelles Powr-Grip, aluminium.<br>Les prix ne comprennent pas les frais de livraison pour les clients en dehors des Pays-Bas et de la Belgique.<\/p>\n","protected":false},"excerpt":{"rendered":"<p>Le palonnier \u00e0 ventouses AtoutL\u00e8ve avec 2 ventouses manuelles. Inclut deux housses de protection pour les ventouses.<\/p>\n<p><b>\u2714\u00a0<\/b><strong>Pour le transport vertical du verre<\/strong><\/p>\n<p><strong>\u2714\u00a0L\u00e9ger 5 kg<\/strong><\/p>\n<p><strong>\u2714\u00a0L= 70 cm, H=30 cm, l=8 cm<\/strong><\/p>\n<p><strong>\u2714<\/strong>\u00a0<strong>CMU 1<\/strong><strong>50 kg<\/strong><\/p>\n<p><strong>\u2714\u00a0<\/strong><strong>3 positions<\/strong><\/p>\n","protected":false},"featured_media":131490,"template":"","meta":{"_acf_changed":false,"_seopress_robots_primary_cat":"none","_seopress_titles_title":"","_seopress_titles_desc":"","_seopress_robots_index":""},"product_brand":[],"product_cat":[903],"product_tag":[1828,1669,1696,1149,1667,1829,1830,1831,1832,1833,1834,1835,1321,1837,1371,1021,1220,1063,1836,1308,1378,1826,1355,1307,1212,1827,1838],"class_list":{"0":"post-133977","1":"product","2":"type-product","3":"status-publish","4":"has-post-thumbnail","6":"product_cat-palonniers-a-ventouses","7":"product_tag-accu-glaszuiger","8":"product_tag-agenceurs","9":"product_tag-aluminiumlift","10":"product_tag-bohle","11":"product_tag-chassis-de-fenetre","12":"product_tag-dubbel-vacuumsysteem-en-13155","13":"product_tag-glashijs","14":"product_tag-glasmontage","15":"product_tag-glaspaneel-hijsen","16":"product_tag-glaszuiger","17":"product_tag-glazen-ruit-plaatsen","18":"product_tag-handpomp-zuiger","19":"product_tag-levage-de-verre","20":"product_tag-levage-sous-vide","21":"product_tag-leve-grip","22":"product_tag-monte-verre","23":"product_tag-porte-verre","24":"product_tag-powrgrip","25":"product_tag-vacuumheffer","26":"product_tag-ventouse-a-pompe","27":"product_tag-ventouse-a-pompe-manuelle","28":"product_tag-ventouse-a-vide","29":"product_tag-vie-de-vitrier","30":"product_tag-vitrier","31":"product_tag-vitrier-2","32":"product_tag-wpg","33":"product_tag-zuignap-glas","34":"product_shipping_class-paquet-80-50-20","36":"first","37":"instock","38":"taxable","39":"shipping-taxable","40":"purchasable","41":"product-type-simple"},"acf":[],"_links":{"self":[{"href":"https:\/\/gevelridder.nl\/fr\/wp-json\/wp\/v2\/product\/133977","targetHints":{"allow":["GET"]}}],"collection":[{"href":"https:\/\/gevelridder.nl\/fr\/wp-json\/wp\/v2\/product"}],"about":[{"href":"https:\/\/gevelridder.nl\/fr\/wp-json\/wp\/v2\/types\/product"}],"wp:featuredmedia":[{"embeddable":true,"href":"https:\/\/gevelridder.nl\/fr\/wp-json\/wp\/v2\/media\/131490"}],"wp:attachment":[{"href":"https:\/\/gevelridder.nl\/fr\/wp-json\/wp\/v2\/media?parent=133977"}],"wp:term":[{"taxonomy":"product_brand","embeddable":true,"href":"https:\/\/gevelridder.nl\/fr\/wp-json\/wp\/v2\/product_brand?post=133977"},{"taxonomy":"product_cat","embeddable":true,"href":"https:\/\/gevelridder.nl\/fr\/wp-json\/wp\/v2\/product_cat?post=133977"},{"taxonomy":"product_tag","embeddable":true,"href":"https:\/\/gevelridder.nl\/fr\/wp-json\/wp\/v2\/product_tag?post=133977"}],"curies":[{"name":"wp","href":"https:\/\/api.w.org\/{rel}","templated":true}]}}