
{"id":133966,"date":"2026-03-24T11:43:18","date_gmt":"2026-03-24T11:43:18","guid":{"rendered":"https:\/\/gevelridder.nl\/product\/sir-liftalot-palonnier-a-ventouses-quattro-rotatif-250\/"},"modified":"2026-04-06T19:07:35","modified_gmt":"2026-04-06T19:07:35","slug":"sir-liftalot-palonnier-a-ventouses-quattro-rotatif-250","status":"publish","type":"product","link":"https:\/\/gevelridder.nl\/fr\/produit\/sir-liftalot-palonnier-a-ventouses-quattro-rotatif-250\/","title":{"rendered":"Sir Liftalot Palonnier \u00e0 ventouses Quattro rotatif 250"},"content":{"rendered":"\n<h2 class=\"wp-block-heading\">Sir Liftalot Palonnier \u00e0 ventouses Quattro rotatif 250<\/h2>\n\n\n\n<p>Pour tout professionnel qui cherche une ventouse rotative l\u00e9g\u00e8re, le SirLiftAlot 4 est l\u2019outil de levage parfait. La facilit\u00e9 que cet appareil offre est une belle innovation dans le monde de la construction.<\/p>\n\n\n\n<p>Le Sir Liftalot4 rotatif n\u2019est pas juste un appareil de levage. Il a quatre&nbsp;<a href=\"https:\/\/gevelridder.nl\/product\/aaaaaanbieding-powr-grip-pompzuiger-lexaan\/\">ventouses manuelles<\/a>&nbsp;robustes qui peuvent supporter au total 250 kg. Que tu doives soulever, tourner ou placer de lourdes plaques de verre, cet appareil rend ton travail beaucoup plus simple. Et le mieux ? Il est rotatif, jusqu\u2019\u00e0 360 degr\u00e9s. Cela signifie que tu peux man\u0153uvrer le verre dans n\u2019importe quelle position souhait\u00e9e sans aucun effort.<\/p>\n\n\n\n<p>La force du Sir Liftalot4 r\u00e9side dans les ventouses \u00e0 pompe manuelle en lexan, simples et bien pens\u00e9es. Le lexan est connu pour sa durabilit\u00e9 et sa r\u00e9sistance. Ces ventouses \u00e0 pompe manuelle assurent une prise solide sur le mat\u00e9riau.<\/p>\n\n\n\n<h2 class=\"wp-block-heading\">Pourquoi choisir le Sir Liftalot Palonnier \u00e0 ventouses Quattro rotatif 250 ?<\/h2>\n\n\n\n<ol class=\"wp-block-list\">\n<li><strong>S\u00e9curit\u00e9 d\u2019abord :<\/strong>\u00a0Avec une capacit\u00e9 de levage de 250 kg, tu es assur\u00e9 d\u2019une mani\u00e8re stable et s\u00fbre de manipuler le verre.<\/li>\n\n\n\n<li><strong>Contr\u00f4le total :<\/strong>\u00a0La fonction de rotation \u00e0 360 degr\u00e9s signifie que tu peux tourner le verre dans n\u2019importe quelle direction, ce qui garantit un placement pr\u00e9cis.<\/li>\n\n\n\n<li><strong>Aspiration puissante :<\/strong>\u00a0Les ventouses \u00e0 pompe manuelle en lexan garantissent une prise solide et minimisent le risque d\u2019accidents.<\/li>\n\n\n\n<li><strong>Facile \u00e0 utiliser :<\/strong>\u00a0Pas besoin d\u2019instructions compliqu\u00e9es ou de formation. Sir Liftalot2 est convivial, m\u00eame pour le d\u00e9butant.<\/li>\n<\/ol>\n\n\n\n<p>Pour les ouvriers du b\u00e2timent qui appr\u00e9cient la qualit\u00e9 et la facilit\u00e9 sur le chantier, Sir Liftalot4 est l\u2019outil id\u00e9al. Assure-toi d\u2019\u00eatre pr\u00eat \u00e0 \u00e9lever tes projets \u00e0 un niveau sup\u00e9rieur avec cet appareil de levage \u00e0 vide rotatif.<\/p>\n","protected":false},"excerpt":{"rendered":"<p>Soul\u00e8ve, tourne et\u00a0place\u00a0le verre en toute s\u00e9curit\u00e9 et facilement avec le palonnier \u00e0 vide l\u00e9ger d\u2019AtoutL\u00e8ve.<\/p>\n<p><b>\u2714\u00a0L\u00e9ger 10 kg<\/b><\/p>\n<p><b>\u2714\u00a0Rotatif<\/b><\/p>\n<p><b>\u2714\u00a04 Ventouses \u00e0 pompe Lexan<\/b><\/p>\n<p><b>\u2714\u00a0CMU 250 kg<\/b><\/p>\n","protected":false},"featured_media":132462,"template":"","meta":{"_acf_changed":false,"_seopress_robots_primary_cat":"none","_seopress_titles_title":"","_seopress_titles_desc":"","_seopress_robots_index":""},"product_brand":[],"product_cat":[903,906],"product_tag":[1812,1637,1809,1186,1012],"class_list":{"0":"post-133966","1":"product","2":"type-product","3":"status-publish","4":"has-post-thumbnail","6":"product_cat-palonniers-a-ventouses","7":"product_cat-porte-verres","8":"product_tag-palonnier-a-ventouses-250-kg","9":"product_tag-placer","10":"product_tag-sirliftalot-rotatif-150-kg","11":"product_tag-ventouses-rotatives","12":"product_tag-verre","13":"product_shipping_class-paquet-80-50-20","15":"first","16":"instock","17":"taxable","18":"shipping-taxable","19":"purchasable","20":"product-type-simple"},"acf":[],"_links":{"self":[{"href":"https:\/\/gevelridder.nl\/fr\/wp-json\/wp\/v2\/product\/133966","targetHints":{"allow":["GET"]}}],"collection":[{"href":"https:\/\/gevelridder.nl\/fr\/wp-json\/wp\/v2\/product"}],"about":[{"href":"https:\/\/gevelridder.nl\/fr\/wp-json\/wp\/v2\/types\/product"}],"wp:featuredmedia":[{"embeddable":true,"href":"https:\/\/gevelridder.nl\/fr\/wp-json\/wp\/v2\/media\/132462"}],"wp:attachment":[{"href":"https:\/\/gevelridder.nl\/fr\/wp-json\/wp\/v2\/media?parent=133966"}],"wp:term":[{"taxonomy":"product_brand","embeddable":true,"href":"https:\/\/gevelridder.nl\/fr\/wp-json\/wp\/v2\/product_brand?post=133966"},{"taxonomy":"product_cat","embeddable":true,"href":"https:\/\/gevelridder.nl\/fr\/wp-json\/wp\/v2\/product_cat?post=133966"},{"taxonomy":"product_tag","embeddable":true,"href":"https:\/\/gevelridder.nl\/fr\/wp-json\/wp\/v2\/product_tag?post=133966"}],"curies":[{"name":"wp","href":"https:\/\/api.w.org\/{rel}","templated":true}]}}