
{"id":133959,"date":"2026-04-03T09:37:20","date_gmt":"2026-04-03T09:37:20","guid":{"rendered":"https:\/\/gevelridder.nl\/product\/palonnier-a-ventouses-sir-liftalot-due-rotante-150\/"},"modified":"2026-04-06T18:49:26","modified_gmt":"2026-04-06T18:49:26","slug":"palonnier-a-ventouses-sir-liftalot-due-rotante-150","status":"publish","type":"product","link":"https:\/\/gevelridder.nl\/fr\/produit\/palonnier-a-ventouses-sir-liftalot-due-rotante-150\/","title":{"rendered":"Palonnier \u00e0 ventouses Sir Liftalot Due rotante 150"},"content":{"rendered":"\n<h2 class=\"wp-block-heading\">Sir Liftalot2 rotatif avec ventouses \u00e0 pompe<\/h2>\n\n\n\n<p>Pour chaque ouvrier du b\u00e2timent \u00e0 la recherche de l\u2019outil parfait pour rendre son travail fluide et s\u00fbr, nous pr\u00e9sentons le Sir Liftalot2, le palonnier \u00e0 ventouses rotatif. La facilit\u00e9 qu\u2019offre cet appareil est un v\u00e9ritable changement de donne dans le monde de la construction.<\/p>\n\n\n\n<p>Sir Liftalot2 n\u2019est pas un simple appareil de levage. Il est \u00e9quip\u00e9 de deux robustes&nbsp;<a href=\"https:\/\/gevelridder.nl\/product\/aaaaaanbieding-powr-grip-pompzuiger-lexaan\/\">ventouses \u00e0 pompe manuelle<\/a>&nbsp;capables de supporter au total 150 kg. Que tu aies besoin de soulever, tourner ou placer de lourdes plaques de verre, cet appareil rend ton travail beaucoup plus simple. Et le meilleur ? Il est rotatif, jusqu\u2019\u00e0 360 degr\u00e9s. Cela signifie que tu peux man\u0153uvrer le verre dans n\u2019importe quelle position souhait\u00e9e sans aucun effort.<\/p>\n\n\n\n<p>La force du Sir Liftalot2 r\u00e9side dans ses ventouses \u00e0 pompe manuelle en lexan, simples et bien con\u00e7ues. Le lexan est connu pour sa durabilit\u00e9 et sa r\u00e9sistance. Ces ventouses \u00e0 pompe manuelle assurent une prise ferme sur le mat\u00e9riau, r\u00e9duisant consid\u00e9rablement le risque d\u2019accidents ou de dommages.<\/p>\n\n\n\n<h2 class=\"wp-block-heading\">Pourquoi choisir le Sir Liftalot2 ?<\/h2>\n\n\n\n<ol class=\"wp-block-list\">\n<li><strong>La s\u00e9curit\u00e9 d\u2019abord :<\/strong>\u00a0Avec une capacit\u00e9 de levage de 150 kg, tu es assur\u00e9 d\u2019une mani\u00e8re stable et s\u00fbre de manipuler le verre.<\/li>\n\n\n\n<li><strong>Contr\u00f4le total :<\/strong>\u00a0La fonction de rotation \u00e0 360 degr\u00e9s signifie que tu peux tourner le verre dans n\u2019importe quelle direction, ce qui garantit un placement pr\u00e9cis.<\/li>\n\n\n\n<li><strong>Aspiration puissante :<\/strong>\u00a0Les ventouses \u00e0 pompe manuelle en lexan garantissent une prise solide et minimisent le risque d\u2019accidents.<\/li>\n\n\n\n<li><strong>Facile \u00e0 utiliser :<\/strong>\u00a0Pas besoin d\u2019instructions compliqu\u00e9es ou de formation. Sir Liftalot2 est convivial, m\u00eame pour le d\u00e9butant.<\/li>\n<\/ol>\n\n\n\n<p>Pour les ouvriers du b\u00e2timent qui appr\u00e9cient la qualit\u00e9 et la facilit\u00e9 sur le chantier, le Sir Liftalot2 est l\u2019outil id\u00e9al. Assure-toi d\u2019\u00eatre pr\u00eat \u00e0 \u00e9lever tes projets \u00e0 un niveau sup\u00e9rieur avec ce palonnier \u00e0 ventouses rotatif.<\/p>\n","protected":false},"excerpt":{"rendered":"<p>Soul\u00e8ve, tourne et\u00a0place\u00a0le verre en toute s\u00e9curit\u00e9 et facilement avec le palonnier \u00e0 ventouses l\u00e9ger d\u2019AtoutL\u00e8ve.<\/p>\n<p><b>\u2714\u00a0L\u00e9ger 6 kg<\/b><\/p>\n<p><b>\u2714\u00a0Rotatif<\/b><\/p>\n<p><b>\u2714\u00a0Ventouses \u00e0 pompe en lexan<\/b><\/p>\n","protected":false},"featured_media":132959,"template":"","meta":{"_acf_changed":false,"_seopress_robots_primary_cat":"none","_seopress_titles_title":"","_seopress_titles_desc":"","_seopress_robots_index":""},"product_brand":[],"product_cat":[903],"product_tag":[1637,1809,1186,1012],"class_list":{"0":"post-133959","1":"product","2":"type-product","3":"status-publish","4":"has-post-thumbnail","6":"product_cat-palonniers-a-ventouses","7":"product_tag-placer","8":"product_tag-sirliftalot-rotatif-150-kg","9":"product_tag-ventouses-rotatives","10":"product_tag-verre","11":"product_shipping_class-paquet-80-50-20","13":"first","14":"instock","15":"taxable","16":"shipping-taxable","17":"purchasable","18":"product-type-simple"},"acf":[],"_links":{"self":[{"href":"https:\/\/gevelridder.nl\/fr\/wp-json\/wp\/v2\/product\/133959","targetHints":{"allow":["GET"]}}],"collection":[{"href":"https:\/\/gevelridder.nl\/fr\/wp-json\/wp\/v2\/product"}],"about":[{"href":"https:\/\/gevelridder.nl\/fr\/wp-json\/wp\/v2\/types\/product"}],"wp:featuredmedia":[{"embeddable":true,"href":"https:\/\/gevelridder.nl\/fr\/wp-json\/wp\/v2\/media\/132959"}],"wp:attachment":[{"href":"https:\/\/gevelridder.nl\/fr\/wp-json\/wp\/v2\/media?parent=133959"}],"wp:term":[{"taxonomy":"product_brand","embeddable":true,"href":"https:\/\/gevelridder.nl\/fr\/wp-json\/wp\/v2\/product_brand?post=133959"},{"taxonomy":"product_cat","embeddable":true,"href":"https:\/\/gevelridder.nl\/fr\/wp-json\/wp\/v2\/product_cat?post=133959"},{"taxonomy":"product_tag","embeddable":true,"href":"https:\/\/gevelridder.nl\/fr\/wp-json\/wp\/v2\/product_tag?post=133959"}],"curies":[{"name":"wp","href":"https:\/\/api.w.org\/{rel}","templated":true}]}}