
{"id":133948,"date":"2026-03-24T11:40:03","date_gmt":"2026-03-24T11:40:03","guid":{"rendered":"https:\/\/gevelridder.nl\/product\/leve-serre-pose-de-toitures-de-veranda-et-de-serre\/"},"modified":"2026-04-06T18:45:01","modified_gmt":"2026-04-06T18:45:01","slug":"leve-serre-pose-de-toitures-de-veranda-et-de-serre","status":"publish","type":"product","link":"https:\/\/gevelridder.nl\/fr\/produit\/leve-serre-pose-de-toitures-de-veranda-et-de-serre\/","title":{"rendered":"L\u00e8ve-serre : Pose de toitures de v\u00e9randa et de serre"},"content":{"rendered":"\n<h2 class=\"wp-block-heading\">L\u00e8ve-serre<\/h2>\n\n\n\n<p>L\u00e8ve-serre pour la pose de vitres longues et \u00e9troites dans un toit de serre depuis le dessous, \u00e9quip\u00e9 d\u2019un palonnier avec ventouses manuelles et d\u2019un treuil \u00e9lectrique.<\/p>\n\n\n\n<h2 class=\"wp-block-heading\">Le l\u00e8ve-charge convient pour<\/h2>\n\n\n\n<p>Jusqu\u2019\u00e0 une hauteur de 4,2 m\u00e8tres, \u00e9lectrique, convient aussi pour la pose de plaques de plafond, stores, volets roulants, climatiseurs, etc. Pour cela, tu as besoin d\u2019un plateau, qui co\u00fbte 350 euros.Fonctionne avec un treuil \u00e9lectrique et est tr\u00e8s compact \u00e0 transporter et \u00e0 amener sur le lieu de montage. Si tu poses des stores ou des volets roulants, nous avons aussi des&nbsp;<a href=\"https:\/\/gevelridder.nl\/fr\/?post_type=product&amp;p=129060\">chariots pratiques<\/a>&nbsp;pour le&nbsp;<a href=\"https:\/\/gevelridder.nl\/fr\/?post_type=product&amp;p=128502\">transport<\/a>&nbsp;sans endommager les profil\u00e9s.<\/p>\n\n\n\n<h2 class=\"wp-block-heading\">D\u00e9tails L\u00e8ve-serre<\/h2>\n\n\n\n<p>\u00c9quip\u00e9 d\u2019un palonnier avec 4 ventouses manuelles, mais il y a aussi un accessoire disponible (option) pour la pose de plaques de plafond, stores, volets roulants, etc.<br>Peut atteindre une hauteur de 4,2 m\u00e8tres.<br>Convient pour un poids maximum de 120 kg.<br>Appelle-nous ou \u00e9cris-nous pour plus d\u2019informations,<\/p>\n","protected":false},"excerpt":{"rendered":"<div class=\"woocommerce-product-details__short-description\">\n<p>Le l\u00e8ve-charge portable pour montage de verre est un monte-charge de montage extr\u00eamement compact et l\u00e9ger pour monter facilement le verre et autres objets lourds qui doivent \u00eatre install\u00e9s en hauteur.<\/p>\n<p><strong>\u2714\u00a0CMU 120 kg.<\/strong><\/p>\n<p><strong>\u2714\u00a0Jusqu\u2019\u00e0 4,2 m\u00e8tres de haut.<\/strong><\/p>\n<p><strong>\u2714\u00a0Poids 66 kg.<\/strong><\/p>\n<p><strong>\u2714\u00a0Avec plateau \u00e0 ventouses avec supports.<\/strong><\/p>\n<p><strong>\u2714\u00a0550\u00d7650 mm transport.<\/strong><\/p>\n<p><strong>\u2714\u00a01,0x 1,1 ou 0,75 x 1,6 m pendant l\u2019utilisation.<\/strong><\/p>\n<p><strong>\u2714\u00a0montage rapide par 1 personne.<\/strong><\/p>\n<p><strong>\u2714\u00a0\u00c9quip\u00e9 d\u2019une t\u00e9l\u00e9commande filaire.<\/strong><\/p>\n<p><strong>\u2714\u00a0Levage au millim\u00e8tre pr\u00e8s.<\/strong><\/p>\n<p><strong>\u2714\u00a0Toits de serre.<\/strong><\/p>\n<p><strong>\u2714 Couvertures de terrasse.<\/strong><\/p>\n<\/div>\n","protected":false},"featured_media":131588,"template":"","meta":{"_acf_changed":false,"_seopress_robots_primary_cat":"none","_seopress_titles_title":"","_seopress_titles_desc":"","_seopress_robots_index":""},"product_brand":[],"product_cat":[892,899],"product_tag":[1452,1066,1443,1024,1649,1805],"class_list":{"0":"post-133948","1":"product","2":"type-product","3":"status-publish","4":"has-post-thumbnail","6":"product_cat-chariots","7":"product_cat-monte-vitre","8":"product_tag-chariot-2","9":"product_tag-leve-serre","10":"product_tag-louer","11":"product_tag-pose-de-verre","12":"product_tag-prevention-du-mal-de-dos","13":"product_tag-serreglas","14":"product_shipping_class-europalette","16":"first","17":"onbackorder","18":"taxable","19":"shipping-taxable","20":"purchasable","21":"product-type-simple"},"acf":[],"_links":{"self":[{"href":"https:\/\/gevelridder.nl\/fr\/wp-json\/wp\/v2\/product\/133948","targetHints":{"allow":["GET"]}}],"collection":[{"href":"https:\/\/gevelridder.nl\/fr\/wp-json\/wp\/v2\/product"}],"about":[{"href":"https:\/\/gevelridder.nl\/fr\/wp-json\/wp\/v2\/types\/product"}],"wp:featuredmedia":[{"embeddable":true,"href":"https:\/\/gevelridder.nl\/fr\/wp-json\/wp\/v2\/media\/131588"}],"wp:attachment":[{"href":"https:\/\/gevelridder.nl\/fr\/wp-json\/wp\/v2\/media?parent=133948"}],"wp:term":[{"taxonomy":"product_brand","embeddable":true,"href":"https:\/\/gevelridder.nl\/fr\/wp-json\/wp\/v2\/product_brand?post=133948"},{"taxonomy":"product_cat","embeddable":true,"href":"https:\/\/gevelridder.nl\/fr\/wp-json\/wp\/v2\/product_cat?post=133948"},{"taxonomy":"product_tag","embeddable":true,"href":"https:\/\/gevelridder.nl\/fr\/wp-json\/wp\/v2\/product_tag?post=133948"}],"curies":[{"name":"wp","href":"https:\/\/api.w.org\/{rel}","templated":true}]}}