
{"id":133934,"date":"2026-03-24T11:43:39","date_gmt":"2026-03-24T11:43:39","guid":{"rendered":"https:\/\/gevelridder.nl\/product\/porter-et-rouler-set\/"},"modified":"2026-04-06T18:56:06","modified_gmt":"2026-04-06T18:56:06","slug":"porter-et-rouler-set","status":"publish","type":"product","link":"https:\/\/gevelridder.nl\/fr\/produit\/porter-et-rouler-set\/","title":{"rendered":"Porter et rouler (set)"},"content":{"rendered":"\n<h3 class=\"wp-block-heading\"><strong>Carry &amp; Roll \u2013 L\u2019aide au levage intelligente pour le verre et les panneaux<\/strong><\/h3>\n\n\n\n<p>Tu cherches un&nbsp;<strong>chariot \u00e0 vitres<\/strong>&nbsp;ou un&nbsp;<strong>chariot \u00e0 panneaux<\/strong>&nbsp;facile \u00e0 utiliser dans des endroits difficiles ? Le&nbsp;<strong>Carry &amp; Roll<\/strong>&nbsp;est la solution innovante pour transporter et soulever en toute s\u00e9curit\u00e9 du verre et des panneaux \u2013 m\u00eame dans des endroits difficiles d\u2019acc\u00e8s comme les escaliers ou les passages \u00e9troits.<\/p>\n\n\n\n<p>Cette&nbsp;<strong>aide au levage en acier inoxydable fabriqu\u00e9e \u00e0 la main<\/strong>&nbsp;est sp\u00e9cialement con\u00e7ue pour les professionnels du verre et de la construction. Gr\u00e2ce \u00e0 la combinaison d\u2019<strong>acier inoxydable robuste<\/strong>&nbsp;et d\u2019un&nbsp;<strong>tapis de verre de haute qualit\u00e9<\/strong>, le Carry &amp; Roll offre une protection et une stabilit\u00e9 optimales. En haut, deux&nbsp;<strong>supports d\u2019espacement en caoutchouc<\/strong>&nbsp;garantissent que le verre ne s\u2019ab\u00eeme pas pendant le transport ou lors d\u2019un bref arr\u00eat.<\/p>\n\n\n\n<p>Ce qui rend le Carry &amp; Roll unique, c\u2019est son ing\u00e9nieux&nbsp;<strong>tra\u00eeneau sculpt\u00e9 avec ressort de blocage<\/strong>. Il te permet de positionner facilement le tra\u00eeneau dans diff\u00e9rentes positions, pour monter sans effort quelques marches, puis continuer \u00e0&nbsp;<strong>rouler<\/strong>&nbsp;\u2013 sans avoir \u00e0 soulever ou \u00e0 porter.<\/p>\n\n\n\n<hr class=\"wp-block-separator has-alpha-channel-opacity\"\/>\n\n\n\n<h3 class=\"wp-block-heading\">\u2705&nbsp;<strong>Avantages en un coup d\u2019\u0153il :<\/strong><\/h3>\n\n\n\n<ul class=\"wp-block-list\">\n<li>Id\u00e9al comme\u00a0<strong>aide au levage pour le verre<\/strong>\u00a0et les\u00a0<strong>panneaux en bois, trespa ou plastique<\/strong><\/li>\n\n\n\n<li><strong>Mobile et adapt\u00e9 aux escaliers<\/strong>\u00a0\u2013 soul\u00e8ve quelques marches et continue \u00e0 rouler<\/li>\n\n\n\n<li>Design\u00a0<strong>compact et robuste<\/strong>\u00a0en acier inoxydable \u2013 adapt\u00e9 \u00e0 une utilisation intensive<\/li>\n\n\n\n<li>Recouvert d\u2019un\u00a0<strong>tapis de verre sp\u00e9cial<\/strong>\u00a0pour prot\u00e9ger les mat\u00e9riaux fragiles<\/li>\n\n\n\n<li>\u00c9quip\u00e9 d\u2019<strong>entretoises en caoutchouc<\/strong>\u00a0contre les rayures du verre<\/li>\n\n\n\n<li><strong>Tra\u00eeneau blocable flexible (sculpt\u00e9)<\/strong>\u00a0\u2013 r\u00e9glable pour chaque situation<\/li>\n<\/ul>\n","protected":false},"excerpt":{"rendered":"<p>Le\u00a0<strong data-start=\"40\" data-end=\"56\">Carry &amp; Roll<\/strong>\u00a0est une\u00a0<strong data-start=\"85\" data-end=\"104\">aide au levage intelligente et fabriqu\u00e9e \u00e0 la main en acier inoxydable<\/strong>\u00a0pour d\u00e9placer en toute s\u00e9curit\u00e9 et efficacement du verre et des panneaux, m\u00eame dans les escaliers ou les passages \u00e9troits. Gr\u00e2ce au\u00a0<strong data-start=\"226\" data-end=\"240\">tapis de verre<\/strong>, aux\u00a0<strong data-start=\"245\" data-end=\"272\">entretoises en caoutchouc<\/strong>\u00a0et au\u00a0<strong data-start=\"279\" data-end=\"310\">tra\u00eeneau sculpt\u00e9 adapt\u00e9 aux escaliers<\/strong>\u00a0avec m\u00e9canisme de blocage, cet outil compact est parfait pour les professionnels du verre et de la construction.<\/p>\n<p><br data-start=\"410\" data-end=\"413\" \/><strong data-start=\"416\" data-end=\"436\">\u2714\u00a0Prix par set<\/strong><\/p>\n<p><strong data-start=\"416\" data-end=\"436\">\u2714\u00a0<\/strong>Enti\u00e8rement fabriqu\u00e9 en\u00a0<strong data-start=\"464\" data-end=\"489\">acier inoxydable<\/strong><\/p>\n<p><strong data-start=\"416\" data-end=\"436\">\u2714\u00a0<\/strong>Pour une durabilit\u00e9 et une utilisation intensive.<\/p>\n<p><strong data-start=\"416\" data-end=\"436\">\u2714\u00a0<\/strong>75 cm de haut<\/p>\n<p><strong data-start=\"416\" data-end=\"436\">\u2714\u00a0<\/strong>30 cm de large<\/p>\n<p><strong data-start=\"416\" data-end=\"436\">\u2714\u00a0<\/strong>la goutti\u00e8re fait 45 mm<\/p>\n","protected":false},"featured_media":132470,"template":"","meta":{"_acf_changed":false,"_seopress_robots_primary_cat":"none","_seopress_titles_title":"","_seopress_titles_desc":"","_seopress_robots_index":""},"product_brand":[],"product_cat":[891,892,893,895],"product_tag":[1669,989,1670,1474,1054,1015,1027,1018,1668,1667,1021,1629,1671,1327,1333,1212,1307],"class_list":{"0":"post-133934","1":"product","2":"type-product","3":"status-publish","4":"has-post-thumbnail","6":"product_cat-chariot-a-panneaux-et-a-vitres","7":"product_cat-chariots","8":"product_cat-chariots-de-facade","9":"product_cat-diable-a-vitres","10":"product_tag-agenceurs","11":"product_tag-carryroll","12":"product_tag-chariot","13":"product_tag-chariot-a-chassis","14":"product_tag-chariot-a-panneaux","15":"product_tag-chariot-a-vitres","16":"product_tag-chariot-a-vitres-2","17":"product_tag-chariot-a-vitres-et-a-panneaux","18":"product_tag-chariot-tout-terrain","19":"product_tag-chassis-de-fenetre","20":"product_tag-monte-verre","21":"product_tag-placement-de-verre","22":"product_tag-porte-chassis","23":"product_tag-transport-de-verre-2","24":"product_tag-transport-de-verre","25":"product_tag-vitrier-2","26":"product_tag-vitrier","27":"product_shipping_class-25-euros","29":"first","30":"instock","31":"taxable","32":"shipping-taxable","33":"purchasable","34":"product-type-simple"},"acf":[],"_links":{"self":[{"href":"https:\/\/gevelridder.nl\/fr\/wp-json\/wp\/v2\/product\/133934","targetHints":{"allow":["GET"]}}],"collection":[{"href":"https:\/\/gevelridder.nl\/fr\/wp-json\/wp\/v2\/product"}],"about":[{"href":"https:\/\/gevelridder.nl\/fr\/wp-json\/wp\/v2\/types\/product"}],"wp:featuredmedia":[{"embeddable":true,"href":"https:\/\/gevelridder.nl\/fr\/wp-json\/wp\/v2\/media\/132470"}],"wp:attachment":[{"href":"https:\/\/gevelridder.nl\/fr\/wp-json\/wp\/v2\/media?parent=133934"}],"wp:term":[{"taxonomy":"product_brand","embeddable":true,"href":"https:\/\/gevelridder.nl\/fr\/wp-json\/wp\/v2\/product_brand?post=133934"},{"taxonomy":"product_cat","embeddable":true,"href":"https:\/\/gevelridder.nl\/fr\/wp-json\/wp\/v2\/product_cat?post=133934"},{"taxonomy":"product_tag","embeddable":true,"href":"https:\/\/gevelridder.nl\/fr\/wp-json\/wp\/v2\/product_tag?post=133934"}],"curies":[{"name":"wp","href":"https:\/\/api.w.org\/{rel}","templated":true}]}}