
{"id":133904,"date":"2026-03-24T11:34:17","date_gmt":"2026-03-24T11:34:17","guid":{"rendered":"https:\/\/gevelridder.nl\/product\/quattro-lift-combi-200-plus\/"},"modified":"2026-04-06T18:59:36","modified_gmt":"2026-04-06T18:59:36","slug":"quattro-lift-combi-200-plus","status":"publish","type":"product","link":"https:\/\/gevelridder.nl\/fr\/produit\/quattro-lift-combi-200-plus\/","title":{"rendered":"Quattro-lift Combi 200 Plus"},"content":{"rendered":"\n<h2 class=\"wp-block-heading\">Quattro-lift Combi 200 Plus<\/h2>\n\n\n\n<p>Avec ce Quattro-lift Combi 200 Prof Kim 4, tu peux monter 200 kg de verre sans aide suppl\u00e9mentaire. Ce superbe monte-charge pour le professionnel peut \u00e9galement \u00eatre transform\u00e9 en un Quattro lift \u00ab&nbsp;ordinaire&nbsp;\u00bb sans chariot de lest. Deux en un, donc. Ce l\u00e8ve-vitrage est la Mercedes des chariots de transport et de pose combin\u00e9s, fabriqu\u00e9 en Australie. Il est extr\u00eamement robuste, compact, intelligent et compos\u00e9 uniquement de petits segments maniables. Le chariot de pose est \u00e9quip\u00e9 d\u2019un frein \u00e0 pied solide et lourd. Cette version \u00ab&nbsp;prof Kim4&nbsp;\u00bb est \u00e9quip\u00e9e de 4 ventouses Kim120 Plus, les ventouses \u00e0 pompe manuelle \u00e9lectrique qui sont tr\u00e8s pratiques sur ce chariot. En backup, deux grandes ventouses \u00e0 pompe manuelle sont \u00e9galement fournies.<\/p>\n\n\n\n<p>Avec le Quattro lift sans chariot de lest, tu peux poser du verre jusqu\u2019\u00e0 80 kg seul, 150 kg \u00e0 deux et 200 kg \u00e0 trois personnes, sans enfreindre la loi sur le levage. Si tu as d\u00e9j\u00e0 un Quattro lift 200, tu peux acheter le chariot de lest s\u00e9par\u00e9ment. Appelle-nous pour plus d\u2019infos.<\/p>\n\n\n\n<p>Un l\u00e8ve-vitrage mobile pratique pour tourner, transporter et poser le verre. De plus, tu peux acheter une extension inf\u00e9rieure pour 240 euros suppl\u00e9mentaires pour pouvoir saisir le verre plus bas.<\/p>\n\n\n\n<p>Pourquoi louer ou acheter un co\u00fbteux robot de vitrage ? Dans le cadre des calculs d\u2019azote, le Quattro-lift est \u00e9galement id\u00e9al pour les chantiers pr\u00e8s des zones Natura 2000. Pas besoin de carburants fossiles suppl\u00e9mentaires pour amener et utiliser le co\u00fbteux robot de vitrage sur le site, le Quattro-lift Combi est un monte-charge compact facile \u00e0 transporter dans ton van, et l\u2019appareil ne fonctionne ni \u00e0 l\u2019\u00e9lectricit\u00e9 ni avec un carburant fossile, durable, s\u00fbr, efficace et manuel !<\/p>\n\n\n\n<p>Le mignon&nbsp;<strong>koala, symbole de l\u2019Australie<\/strong>&nbsp;est fier de ce chariot. En raison de son apparence de nounours, il est souvent consid\u00e9r\u00e9 \u00e0 tort comme un ours. \u00ab&nbsp;Koala&nbsp;\u00bb vient du Dharuk, une langue aborig\u00e8ne \u00e9teinte. Cela signifierait quelque chose comme \u00ab&nbsp;ne boit pas&nbsp;\u00bb, faisant r\u00e9f\u00e9rence au fait que le koala boit rarement. Le Quattro-lift Combi 200 ne boit pas non plus, nous levons donc notre verre \u00e0 ce magnifique chariot !<\/p>\n\n\n\n<p>Si tu souhaites recevoir des informations d\u00e9taill\u00e9es ou une d\u00e9monstration sans engagement dans notre showroom au centre du pays, n\u2019h\u00e9site pas \u00e0 nous contacter.<\/p>\n\n\n\n<h3 class=\"wp-block-heading\">\u00c9vite de porter le verre \u00e0 la main<\/h3>\n\n\n\n<p>Le verre est encore souvent soulev\u00e9 et port\u00e9 \u00e0 la main, alors que ce n\u2019est pas n\u00e9cessaire. Parfois, les bons outils d\u2019aide au levage et de transport manquent, parfois c\u2019est par facilit\u00e9 de l\u2019employ\u00e9. Le verre peut \u00eatre soulev\u00e9 manuellement s\u2019il s\u2019agit de plaques de verre pas trop grandes ni lourdes et qu\u2019elles n\u2019ont pas besoin d\u2019\u00eatre transport\u00e9es trop loin. Mais pour ta propre s\u00e9curit\u00e9 aussi, il est pr\u00e9f\u00e9rable d\u2019utiliser des aides au levage.<\/p>\n\n\n\n<p>Mais veux-tu prendre le risque d\u2019avoir mal au dos toute ta vie ? Nous non !<\/p>\n\n\n\n<p><a href=\"https:\/\/arbocatalogus-vlakglas.nl\/handeling\/handmatig-tillen-en-dragen-van-glas\">Voir aussi le catalogue Arbo pour l\u2019industrie du verre plat<\/a><\/p>\n\n\n\n<p>Une bonne alternative \u00e0 ce produit est l\u2019achat d\u2019un&nbsp;<a href=\"https:\/\/gevelridder.nl\/fr\/product\/entretoise-atoutleve-2-metres\/\">set AtoutL\u00e8ve<\/a>, avec lequel tu peux effectuer encore plus de t\u00e2ches. Ce set se compose d\u2019un chariot, d\u2019un AtoutL\u00e8ve, d\u2019une ventouse et d\u2019une pince de serrage.<\/p>\n\n\n\n<p>Les causes les plus courantes d\u2019accidents et de blessures sont :<\/p>\n\n\n\n<ul class=\"wp-block-list\">\n<li>Coupures dues \u00e0 la manipulation du verre<\/li>\n\n\n\n<li>Surcharge physique due au levage et au transport de lourdes plaques de verre<\/li>\n\n\n\n<li>Tr\u00e9bucher, glisser ou tomber<\/li>\n\n\n\n<li>\u00catre frapp\u00e9 par une charge qui tombe<\/li>\n<\/ul>\n\n\n\n<p>Principaux risques :<\/p>\n\n\n\n<ol class=\"wp-block-list\">\n<li>Charge physique<\/li>\n\n\n\n<li>\u00catre frapp\u00e9 par des mat\u00e9riaux (qui tombent)<\/li>\n\n\n\n<li>Risque de coupure<\/li>\n\n\n\n<li>Tr\u00e9bucher, tomber et glisser<\/li>\n<\/ol>\n\n\n\n<p>Solutions pour les risques :<\/p>\n\n\n\n<ol class=\"wp-block-list\">\n<li>Levage et transport manuels s\u00fbrs<\/li>\n\n\n\n<li>Pr\u00e9vention des blessures par coupure<\/li>\n\n\n\n<li>Pr\u00e9vention des chutes, glissades et tr\u00e9buchements<\/li>\n\n\n\n<li>L\u2019EPI appropri\u00e9 pour chaque manipulation !<\/li>\n<\/ol>\n\n\n\n<p>Exactement, donc AtoutL\u00e8ve !<\/p>\n","protected":false},"excerpt":{"rendered":"<p>\u2714\u00a0D\u00e9lai de livraison 10 jours ouvrables<\/p>\n<p>\u2714\u00a0Utilisable avec ou sans chariot de lest.<\/p>\n<p>\u2714\u00a0Avec chariot de lest, soulever 200 kg seul !<\/p>\n<p>\u2714\u00a0Pompage automatique avec 4 KIM120.<\/p>\n<p>\u2714\u00a0CMU 200 kg.<\/p>\n<p>\u2714\u00a0Poids propre environ 44 kg, chariot de lest 170 kg.<\/p>\n<p>\u2714\u00a0Avec d\u00e9placement lat\u00e9ral !<\/p>\n<p>\u2714\u00a0Fonction de rotation dans le plan et hors plan.<\/p>\n","protected":false},"featured_media":131870,"template":"","meta":{"_acf_changed":false,"_seopress_robots_primary_cat":"none","_seopress_titles_title":"","_seopress_titles_desc":"","_seopress_robots_index":""},"product_brand":[],"product_cat":[899],"product_tag":[997,1632],"class_list":{"0":"post-133904","1":"product","2":"type-product","3":"status-publish","4":"has-post-thumbnail","6":"product_cat-monte-vitre","7":"product_tag-atoutleve","8":"product_tag-plaatsingskar","9":"product_shipping_class-europalette","11":"first","12":"onbackorder","13":"taxable","14":"shipping-taxable","15":"purchasable","16":"product-type-simple"},"acf":[],"_links":{"self":[{"href":"https:\/\/gevelridder.nl\/fr\/wp-json\/wp\/v2\/product\/133904","targetHints":{"allow":["GET"]}}],"collection":[{"href":"https:\/\/gevelridder.nl\/fr\/wp-json\/wp\/v2\/product"}],"about":[{"href":"https:\/\/gevelridder.nl\/fr\/wp-json\/wp\/v2\/types\/product"}],"wp:featuredmedia":[{"embeddable":true,"href":"https:\/\/gevelridder.nl\/fr\/wp-json\/wp\/v2\/media\/131870"}],"wp:attachment":[{"href":"https:\/\/gevelridder.nl\/fr\/wp-json\/wp\/v2\/media?parent=133904"}],"wp:term":[{"taxonomy":"product_brand","embeddable":true,"href":"https:\/\/gevelridder.nl\/fr\/wp-json\/wp\/v2\/product_brand?post=133904"},{"taxonomy":"product_cat","embeddable":true,"href":"https:\/\/gevelridder.nl\/fr\/wp-json\/wp\/v2\/product_cat?post=133904"},{"taxonomy":"product_tag","embeddable":true,"href":"https:\/\/gevelridder.nl\/fr\/wp-json\/wp\/v2\/product_tag?post=133904"}],"curies":[{"name":"wp","href":"https:\/\/api.w.org\/{rel}","templated":true}]}}