
{"id":133903,"date":"2026-04-03T09:37:20","date_gmt":"2026-04-03T09:37:20","guid":{"rendered":"https:\/\/gevelridder.nl\/product\/treuil-manuel-pour-atoutleve\/"},"modified":"2026-04-06T19:12:06","modified_gmt":"2026-04-06T19:12:06","slug":"treuil-manuel-pour-atoutleve","status":"publish","type":"product","link":"https:\/\/gevelridder.nl\/fr\/produit\/treuil-manuel-pour-atoutleve\/","title":{"rendered":"Treuil manuel pour AtoutL\u00e8ve"},"content":{"rendered":"\n<p>Bonjour aux membres de l\u2019Ordre, il peut bien s\u00fbr arriver que le treuil manuel c\u00e8de apr\u00e8s un long tournoi, c\u2019est regrettable. AtoutL\u00e8ve peut t\u2019aider \u00e0 repartir au combat le plus rapidement possible avec un nouveau treuil manuel. Ce treuil convient \u00e0 tous les types d\u2019AtoutL\u00e8ve et est compos\u00e9 d\u2019engrenages tremp\u00e9s au grand feu, le cheval a d\u00fb attendre de nouveaux fers pour ses sabots. \u00c9conomise en commandant d\u2019autres&nbsp;<a href=\"https:\/\/gevelridder.nl\/product\/glaskar-250-platenwagen\/\">\u00e9quipements<\/a>&nbsp;de notre collection.<\/p>\n\n\n\n<p>L\u2019engrenage de ce treuil est prot\u00e9g\u00e9. Attention : si le treuil ne cliquette pas pendant le levage, le frein est d\u00e9fectueux. Arr\u00eatez le levage et faites r\u00e9parer le treuil.<\/p>\n\n\n\n<p>Voici les mod\u00e8les d\u2019AtoutL\u00e8ve pour lesquels ce treuil manuel est compatible.<\/p>\n\n\n\n<p><a href=\"https:\/\/gevelridder.nl\/product\/gevelridder-s-incl-afstandhouder\/\">-1. AtoutL\u00e8ve S<\/a><\/p>\n\n\n\n<p><a href=\"https:\/\/gevelridder.nl\/?post_type=product&amp;p=99254\">-2. AtoutL\u00e8ve M<\/a><\/p>\n\n\n\n<p><a href=\"https:\/\/gevelridder.nl\/product\/gevelridder-l\/\">-3. AtoutL\u00e8ve L<\/a><\/p>\n\n\n\n<p><a href=\"https:\/\/gevelridder.nl\/?post_type=product&amp;p=99286\">-4. AtoutL\u00e8ve XL<\/a><\/p>\n\n\n\n<h2 class=\"wp-block-heading\">R\u00f4le des fabricants dans le marquage CE du treuil manuel<\/h2>\n\n\n\n<p>Les fabricants doivent v\u00e9rifier si un produit r\u00e9pond aux exigences.<\/p>\n\n\n\n<h2 class=\"wp-block-heading\">Marquage CE pour les produits hors EEE<\/h2>\n\n\n\n<p>Le produit est-il fabriqu\u00e9 hors EEE ? Dans ce cas, l\u2019importateur du produit doit v\u00e9rifier si le produit r\u00e9pond aux exigences et donc s\u2019il doit recevoir le marquage CE.<\/p>\n\n\n\n<p>Si l\u2019importateur commercialise les produits sous son propre nom, il assume alors la responsabilit\u00e9 du fabricant. Dans ce cas \u00e9galement, il doit apposer lui-m\u00eame le marquage CE.<\/p>\n\n\n\n<h2 class=\"wp-block-heading\">Marquage CE obligatoire pour plus de 20 groupes de produits<\/h2>\n\n\n\n<p>Le marquage CE s\u2019applique \u00e0 plus de 20 groupes de produits, notamment :<\/p>\n\n\n\n<ul class=\"wp-block-list\">\n<li>produits de construction ;<\/li>\n\n\n\n<li>appareils \u00e0 gaz ;<\/li>\n\n\n\n<li>jouets ;<\/li>\n\n\n\n<li>instruments de mesure ;<\/li>\n\n\n\n<li>t\u00e9l\u00e9phones mobiles ;<\/li>\n\n\n\n<li>ascenseurs.<\/li>\n<\/ul>\n\n\n\n<p>Nous conseillons \u00e0 nos clients de suivre le&nbsp;<a href=\"https:\/\/www.nlarbeidsinspectie.nl\/onderwerpen\/arbocatalogus\" target=\"_blank\" rel=\"noreferrer noopener\">catalogue des normes de s\u00e9curit\u00e9<\/a>. Ce catalogue est consid\u00e9r\u00e9 comme une \u2018prescription\u2019 reconnue, largement accept\u00e9e et r\u00e9dig\u00e9e par les partenaires sociaux pour promouvoir des conditions de travail saines et s\u00fbres.<\/p>\n","protected":false},"excerpt":{"rendered":"<p>Bonjour aux membres de l\u2019Ordre, il peut bien s\u00fbr arriver que le treuil manuel se casse apr\u00e8s une longue utilisation. AtoutL\u00e8ve peut t\u2019aider \u00e0 repartir au combat le plus rapidement possible avec un nouveau treuil manuel. Ce treuil convient \u00e0 tous les types d\u2019AtoutL\u00e8ve et est compos\u00e9 d\u2019engrenages tremp\u00e9s au grand feu avec un frein automatique \u00e0 charge. Commande-le ici ! \u00c9conomise en commandant d\u2019autres\u00a0<a href=\"https:\/\/gevelridder.nl\/product\/glaskar-250-platenwagen\/\">\u00e9quipements<\/a>\u00a0de notre collection.<\/p>\n","protected":false},"featured_media":132958,"template":"","meta":{"_acf_changed":false,"_seopress_robots_primary_cat":"none","_seopress_titles_title":"","_seopress_titles_desc":"","_seopress_robots_index":""},"product_brand":[],"product_cat":[900,901,904],"product_tag":[997,1399,1374,1800],"class_list":{"0":"post-133903","1":"product","2":"type-product","3":"status-publish","4":"has-post-thumbnail","6":"product_cat-outillage-pour-le-verre","7":"product_cat-outils","8":"product_cat-pieces-detachees","9":"product_tag-atoutleve","10":"product_tag-palan","11":"product_tag-treuil-manuel","12":"product_tag-veilig-heffen","14":"first","15":"instock","16":"taxable","17":"shipping-taxable","18":"purchasable","19":"product-type-simple"},"acf":[],"_links":{"self":[{"href":"https:\/\/gevelridder.nl\/fr\/wp-json\/wp\/v2\/product\/133903","targetHints":{"allow":["GET"]}}],"collection":[{"href":"https:\/\/gevelridder.nl\/fr\/wp-json\/wp\/v2\/product"}],"about":[{"href":"https:\/\/gevelridder.nl\/fr\/wp-json\/wp\/v2\/types\/product"}],"wp:featuredmedia":[{"embeddable":true,"href":"https:\/\/gevelridder.nl\/fr\/wp-json\/wp\/v2\/media\/132958"}],"wp:attachment":[{"href":"https:\/\/gevelridder.nl\/fr\/wp-json\/wp\/v2\/media?parent=133903"}],"wp:term":[{"taxonomy":"product_brand","embeddable":true,"href":"https:\/\/gevelridder.nl\/fr\/wp-json\/wp\/v2\/product_brand?post=133903"},{"taxonomy":"product_cat","embeddable":true,"href":"https:\/\/gevelridder.nl\/fr\/wp-json\/wp\/v2\/product_cat?post=133903"},{"taxonomy":"product_tag","embeddable":true,"href":"https:\/\/gevelridder.nl\/fr\/wp-json\/wp\/v2\/product_tag?post=133903"}],"curies":[{"name":"wp","href":"https:\/\/api.w.org\/{rel}","templated":true}]}}