
{"id":133837,"date":"2026-03-24T11:36:55","date_gmt":"2026-03-24T11:36:55","guid":{"rendered":"https:\/\/gevelridder.nl\/product\/roue-avec-pneu-pneumatique-400-100-avec-bouchon-de-serrage\/"},"modified":"2026-04-06T19:01:14","modified_gmt":"2026-04-06T19:01:14","slug":"roue-avec-pneu-pneumatique-400-100-avec-bouchon-de-serrage","status":"publish","type":"product","link":"https:\/\/gevelridder.nl\/fr\/produit\/roue-avec-pneu-pneumatique-400-100-avec-bouchon-de-serrage\/","title":{"rendered":"Roue avec pneu pneumatique 400\/100 avec bouchon de serrage"},"content":{"rendered":"\n<h2 class=\"wp-block-heading\">Roue avec pneu pneumatique 400\/100 avec bouchon de serrage<\/h2>\n\n\n\n<p><strong>S\u00e9rie 54 Roues : Une Fusion d\u2019Innovation et de Fonctionnalit\u00e9<\/strong><\/p>\n\n\n\n<p>Dans un secteur o\u00f9 la qualit\u00e9 et la durabilit\u00e9 sont la cl\u00e9 du succ\u00e8s, nous te pr\u00e9sentons avec fiert\u00e9 nos roues S\u00e9rie 54 avec une jante en plastique et un pneu pneumatique noir. Celles-ci sont disponibles avec un roulement \u00e0 rouleaux.<\/p>\n\n\n\n<p>Ces roues, avec une impressionnante capacit\u00e9 de charge de 250 kg, sont ton partenaire fiable pour chaque t\u00e2che, lourde ou l\u00e9g\u00e8re. Leur construction robuste, avec une largeur de roue de 100 mm et un diam\u00e8tre de 400 mm, les rend id\u00e9ales pour une gamme d\u2019applications, des chariots industriels aux chariots de jardin. La longueur du moyeu est de 75 mm.<\/p>\n\n\n\n<p>Le profil \u00e0 crampons 4 pr, qui peut \u00eatre gonfl\u00e9 jusqu\u2019\u00e0 3 bars, offre une adh\u00e9rence et une stabilit\u00e9 exceptionnelles, m\u00eame sur des surfaces in\u00e9gales. Les pneus assurent un roulement doux et confortable, absorbent les chocs et minimisent les vibrations, ce qui r\u00e9duit la fatigue de l\u2019utilisateur et prolonge la dur\u00e9e de vie de ton \u00e9quipement.<\/p>\n\n\n\n<p>Note que l\u2019ex\u00e9cution r\u00e9elle de la roue peut diff\u00e9rer de la photo montr\u00e9e. Cependant, ce qui reste inchang\u00e9, c\u2019est notre engagement envers l\u2019excellence et la satisfaction du client.<\/p>\n\n\n\n<p>Nous soulignons aussi l\u2019importance du roulement ; le roulement \u00e0 rouleaux assure une rotation plus fluide. Avec un num\u00e9ro EAN 8718116089995, cette roue n\u2019est pas seulement un produit, mais une promesse de qualit\u00e9 et d\u2019efficacit\u00e9.<\/p>\n\n\n\n<p>Dans le monde des roues, notre S\u00e9rie 54 est synonyme d\u2019innovation, de fonctionnalit\u00e9 et de fiabilit\u00e9, un outil indispensable pour tout professionnel. Nous utilisons ces roues pour le&nbsp;<a href=\"https:\/\/gevelridder.nl\/glaskar-urban-platenwagen-350kg\/\">chariot urban<\/a>&nbsp;et le&nbsp;<a href=\"https:\/\/gevelridder.nl\/fr\/?post_type=product&amp;p=128799\">chariot carve 500<\/a>.<\/p>\n","protected":false},"excerpt":{"rendered":"<p>Avec une jante en plastique et un pneu pneumatique noir, ces roues assurent une conduite souple et stable, quelle que soit la charge. Nous avons opt\u00e9 pour un roulement \u00e0 rouleaux pour des performances optimales. Avec une capacit\u00e9 de charge de 250 kg et une construction robuste, ces roues sont le choix id\u00e9al pour tout projet n\u00e9cessitant fiabilit\u00e9 et durabilit\u00e9, mais gr\u00e2ce \u00e0 leur conception en plastique, elles restent l\u00e9g\u00e8res.<\/p>\n<p><b>\u2714\u00a0<\/b>Pneu pneumatique<\/p>\n<div class=\"markdown prose w-full break-words dark:prose-invert light\">\n<p><b>\u2714\u00a0<\/b>Diam\u00e8tre de la roue (mm) 400<\/p>\n<p><b>\u2714\u00a0<\/b>Largeur de la roue (mm) 100<\/p>\n<p><b>\u2714\u00a0<\/b>Capacit\u00e9 de charge (kg) 250<\/p>\n<p><b>\u2714\u00a0<\/b>Type de roulement : Roulement \u00e0 rouleaux<\/p>\n<p><b>\u2714\u00a0<\/b>Roues \u00e0 pneus pneumatiques<\/p>\n<p><b>\u2714\u00a0<\/b>Mat\u00e9riau de la jante en noyau de Polyamide 6<\/p>\n<p><b>\u2714\u00a0<\/b>Longueur du moyeu (mm) 75<\/p>\n<p><b>\u2714\u00a0<\/b>Diam\u00e8tre de l\u2019al\u00e9sage (mm) 20<\/p>\n<p><b>\u2714\u00a0<\/b>Utilisation int\u00e9rieure et ext\u00e9rieure<\/p>\n<\/div>\n","protected":false},"featured_media":131521,"template":"","meta":{"_acf_changed":false,"_seopress_robots_primary_cat":"none","_seopress_titles_title":"","_seopress_titles_desc":"","_seopress_robots_index":""},"product_brand":[],"product_cat":[893,905],"product_tag":[1054,1131,1536,1793,1792],"class_list":{"0":"post-133837","1":"product","2":"type-product","3":"status-publish","4":"has-post-thumbnail","6":"product_cat-chariots-de-facade","7":"product_cat-pieces-detachees-2","8":"product_tag-chariot-a-panneaux","9":"product_tag-pneu-400","10":"product_tag-pneu-gonflable-chariot-a-verre","11":"product_tag-tillen","12":"product_tag-transport","13":"product_shipping_class-16-euros","15":"first","16":"instock","17":"taxable","18":"shipping-taxable","19":"purchasable","20":"product-type-simple"},"acf":[],"_links":{"self":[{"href":"https:\/\/gevelridder.nl\/fr\/wp-json\/wp\/v2\/product\/133837","targetHints":{"allow":["GET"]}}],"collection":[{"href":"https:\/\/gevelridder.nl\/fr\/wp-json\/wp\/v2\/product"}],"about":[{"href":"https:\/\/gevelridder.nl\/fr\/wp-json\/wp\/v2\/types\/product"}],"wp:featuredmedia":[{"embeddable":true,"href":"https:\/\/gevelridder.nl\/fr\/wp-json\/wp\/v2\/media\/131521"}],"wp:attachment":[{"href":"https:\/\/gevelridder.nl\/fr\/wp-json\/wp\/v2\/media?parent=133837"}],"wp:term":[{"taxonomy":"product_brand","embeddable":true,"href":"https:\/\/gevelridder.nl\/fr\/wp-json\/wp\/v2\/product_brand?post=133837"},{"taxonomy":"product_cat","embeddable":true,"href":"https:\/\/gevelridder.nl\/fr\/wp-json\/wp\/v2\/product_cat?post=133837"},{"taxonomy":"product_tag","embeddable":true,"href":"https:\/\/gevelridder.nl\/fr\/wp-json\/wp\/v2\/product_tag?post=133837"}],"curies":[{"name":"wp","href":"https:\/\/api.w.org\/{rel}","templated":true}]}}