
{"id":133821,"date":"2026-03-24T08:17:11","date_gmt":"2026-03-24T08:17:11","guid":{"rendered":"https:\/\/gevelridder.nl\/product\/wheelie-z150-quasi-neuf\/"},"modified":"2026-04-06T19:13:37","modified_gmt":"2026-04-06T19:13:37","slug":"wheelie-z150-quasi-neuf","status":"publish","type":"product","link":"https:\/\/gevelridder.nl\/fr\/produit\/wheelie-z150-quasi-neuf\/","title":{"rendered":"Wheelie Z150 quasi neuf"},"content":{"rendered":"\n<h2 class=\"wp-block-heading\">wheelie<\/h2>\n\n\n\n<p>Le Wheelie Z150 est un chariot de transport pour l\u2019<a href=\"https:\/\/gevelridder.nl\/product\/gevelridder-l\/\">AtoutL\u00e8ve L<\/a>&nbsp;et&nbsp;<a href=\"https:\/\/gevelridder.nl\/?post_type=product&amp;p=99286\">XL<\/a>. De plus, il peut \u00eatre utilis\u00e9 pour le transport horizontal de stores et volets roulants lourds. Jusqu\u2019\u00e0 150 kilos !<\/p>\n\n\n\n<p>C\u2019est un chariot co\u00fbteux, mais en m\u00eame temps un chariot durable fabriqu\u00e9 avec beaucoup d\u2019amour. Fabriqu\u00e9 en Hollande, et nous en sommes fiers ! Car \u00e0 une \u00e9poque o\u00f9 la mondialisation joue un grand r\u00f4le, tout doit \u00eatre plus grand, plus rapide et plus abondant. Mais cela r\u00e9duit parfois la qualit\u00e9. Ce n\u2019est absolument pas le cas chez AtoutL\u00e8ve. C\u2019est pourquoi tu peux faire confiance \u00e0 notre qualit\u00e9 hollandaise.<\/p>\n\n\n\n<p>Commande le Wheelie en combinaison avec un AtoutL\u00e8ve L ou XL sur ce site et tu recevras gratuitement un cadeau pratique.<\/p>\n\n\n\n<h2 class=\"wp-block-heading\">Pourquoi le wheelie ?<\/h2>\n\n\n\n<p>AtoutL\u00e8ve existe pour soulager tes charges. C\u2019est pourquoi nous avons aussi d\u00e9velopp\u00e9 Wheelie pour le faire. Car m\u00eame si nous d\u00e9veloppons des produits qui doivent te soulager, certains de ces objets peuvent \u00eatre lourds. Par exemple, quand tu les installes ou les d\u00e9charges. Mais tu peux aussi transporter d\u2019autres objets qui sont trop lourds. Par exemple, une poutre, des stores ou des volets roulants. C\u2019est pourquoi c\u2019est fortement recommand\u00e9 ! C\u2019est un petit bijou. Et ensemble, vous formez un couple brillant.<\/p>\n\n\n\n<p>En plus de cela, il est lui-m\u00eame tr\u00e8s l\u00e9ger et ne prend pratiquement pas de place dans ton van, ton moyen de transport ou ton atelier. Cela le rend encore plus attrayant.<\/p>\n\n\n\n<h3 class=\"wp-block-heading\">Comment l\u2019utiliser ?<\/h3>\n\n\n\n<p>Chez AtoutL\u00e8ve, nous ne sommes pas juste une entreprise, nous faisons de notre mieux pour que ta journ\u00e9e de travail sur le chantier se d\u00e9roule de mani\u00e8re fluide, l\u00e9g\u00e8re et facile. Le wheelie veille \u00e0 ce que tu n\u2019aies pas mal au dos plus tard. C\u2019est pourquoi il est important de penser \u00e0 ton dos le plus t\u00f4t possible. Ne soul\u00e8ve donc pas d\u2019objets trop lourds. Par exemple, ne soul\u00e8ve pas seul, mais fais-le ensemble. Ou \u00e9vite de te pencher autant que possible ! V\u00e9rifie&nbsp;<a href=\"https:\/\/www.asap.be\/nl\/blog\/veiligheidtips\/zo-vermijd-je-rugklachten-in-de-bouw\">ici<\/a>&nbsp;\u00e0 quoi tu dois encore penser pour \u00e9viter d\u2019autres probl\u00e8mes.<\/p>\n\n\n\n<p>N\u2019attends donc pas plus longtemps pour faire cet investissement. Car tu vas vraiment durer plus longtemps !<\/p>\n\n\n\n<p>Notre conseil est donc aussi de penser \u00e0 toi-m\u00eame. Tes enfants, et ta femme \ud83d\ude42<\/p>\n","protected":false},"excerpt":{"rendered":"<p class=\"ai-optimize-25\">Le WheelieZ150 est un chariot de transport pour l\u2019<a href=\"https:\/\/gevelridder.nl\/product\/gevelridder-l\/\">AtoutL\u00e8ve L<\/a>\u00a0et\u00a0<a href=\"https:\/\/gevelridder.nl\/?post_type=product&amp;p=99286\">XL<\/a>. De plus, le Wheelie peut \u00eatre utilis\u00e9 pour le transport horizontal de stores et volets roulants lourds.<\/p>\n","protected":false},"featured_media":131532,"template":"","meta":{"_acf_changed":false,"_seopress_robots_primary_cat":"none","_seopress_titles_title":"","_seopress_titles_desc":"","_seopress_robots_index":""},"product_brand":[],"product_cat":[893,895,902],"product_tag":[1452,1414,1539,1773,1704,1786],"class_list":{"0":"post-133821","1":"product","2":"type-product","3":"status-publish","4":"has-post-thumbnail","6":"product_cat-chariots-de-facade","7":"product_cat-diable-a-vitres","8":"product_cat-outlet","9":"product_tag-chariot-2","10":"product_tag-levage-de-stores","11":"product_tag-volets","12":"product_tag-wagen","13":"product_tag-zonwering-ophangen","14":"product_tag-zonwering-plaatsen","15":"product_shipping_class-colis-50-50-60","17":"first","18":"outofstock","19":"sale","20":"taxable","21":"shipping-taxable","22":"purchasable","23":"product-type-simple"},"acf":[],"_links":{"self":[{"href":"https:\/\/gevelridder.nl\/fr\/wp-json\/wp\/v2\/product\/133821","targetHints":{"allow":["GET"]}}],"collection":[{"href":"https:\/\/gevelridder.nl\/fr\/wp-json\/wp\/v2\/product"}],"about":[{"href":"https:\/\/gevelridder.nl\/fr\/wp-json\/wp\/v2\/types\/product"}],"wp:featuredmedia":[{"embeddable":true,"href":"https:\/\/gevelridder.nl\/fr\/wp-json\/wp\/v2\/media\/131532"}],"wp:attachment":[{"href":"https:\/\/gevelridder.nl\/fr\/wp-json\/wp\/v2\/media?parent=133821"}],"wp:term":[{"taxonomy":"product_brand","embeddable":true,"href":"https:\/\/gevelridder.nl\/fr\/wp-json\/wp\/v2\/product_brand?post=133821"},{"taxonomy":"product_cat","embeddable":true,"href":"https:\/\/gevelridder.nl\/fr\/wp-json\/wp\/v2\/product_cat?post=133821"},{"taxonomy":"product_tag","embeddable":true,"href":"https:\/\/gevelridder.nl\/fr\/wp-json\/wp\/v2\/product_tag?post=133821"}],"curies":[{"name":"wp","href":"https:\/\/api.w.org\/{rel}","templated":true}]}}