
{"id":133818,"date":"2026-03-24T11:33:10","date_gmt":"2026-03-24T11:33:10","guid":{"rendered":"https:\/\/gevelridder.nl\/product\/systeme-antichute-securisation-secondaire-double\/"},"modified":"2026-04-06T19:09:47","modified_gmt":"2026-04-06T19:09:47","slug":"systeme-antichute-securisation-secondaire-double","status":"publish","type":"product","link":"https:\/\/gevelridder.nl\/fr\/produit\/systeme-antichute-securisation-secondaire-double\/","title":{"rendered":"Syst\u00e8me Antichute \u2013 S\u00e9curisation Secondaire Double"},"content":{"rendered":"\n<p>Le Secondary Safety Device (SSD) de Gevelridder est un syst\u00e8me de s\u00e9curit\u00e9 secondaire indispensable qui offre une protection suppl\u00e9mentaire lors de l\u2019utilisation de ventouses de levage pour vitrage. Ce syst\u00e8me est con\u00e7u pour permettre de d\u00e9poser une plaque de verre en toute s\u00e9curit\u00e9 en cas de perte de vide inattendue. Les sangles en polyester de haute qualit\u00e9 se placent facilement autour de la charge et se fixent \u00e0 un crochet de grue ou un point d\u2019ancrage. Gr\u00e2ce \u00e0 leur construction robuste, leurs manchons de protection et leur r\u00e9sistance \u00e0 l\u2019usure, ces sangles conviennent parfaitement \u00e0 une utilisation intensive dans le vitrage, la construction de fa\u00e7ades, le montage et la manutention industrielle du verre.<\/p>\n\n\n\n<p>Le syst\u00e8me SSD de Gevelridder emp\u00eache une plaque de verre de tomber en cas d\u2019incident, augmentant consid\u00e9rablement la s\u00e9curit\u00e9 des vitriers, monteurs, conducteurs de grue et travailleurs du b\u00e2timent. Ce produit n\u2019est pas un appareil de levage, mais agit comme s\u00e9curit\u00e9 suppl\u00e9mentaire en compl\u00e9ment des ventouses professionnelles. L\u2019ensemble est livr\u00e9 avec des manchons protecteurs et un sac de rangement durable pour faciliter le transport et le stockage en toute s\u00e9curit\u00e9.<\/p>\n\n\n\n<p>Que vous travailliez avec de grands panneaux de verre, des \u00e9l\u00e9ments isolants lourds ou des projets en hauteur, le SSD Gevelridder offre une s\u00e9curit\u00e9 maximale et r\u00e9pond aux exigences professionnelles de l\u2019industrie du verre et des fa\u00e7ades. Adaptable \u00e0 de nombreuses situations de travail, il constitue un \u00e9l\u00e9ment indispensable sur tout chantier o\u00f9 le verre est transport\u00e9, lev\u00e9 ou install\u00e9.<\/p>\n","protected":false},"excerpt":{"rendered":"<p>Le syst\u00e8me antichute de s\u00e9curisation secondaire double de 11 m\u00e8tres est un outil essentiel pour toute personne travaillant avec des ventouses de levage pour verre et des \u00e9quipements de montage de vitrages. Ce syst\u00e8me de s\u00e9curit\u00e9 secondaire r\u00e9duit les risques lors du levage et du d\u00e9placement du verre, en agissant comme protection suppl\u00e9mentaire en cas de perte de vide. Ce n\u2019est pas un appareil de levage, mais une solution de s\u00e9curit\u00e9 compl\u00e9mentaire permettant de pr\u00e9venir les accidents et d\u2019am\u00e9liorer la s\u00e9curit\u00e9 sur le lieu de travail.<br data-start=\"4918\" data-end=\"4921\" \/><em data-start=\"4921\" data-end=\"4969\">1) prix uniquement pour le syst\u00e8me antichute<\/em>*<\/p>\n","protected":false},"featured_media":132511,"template":"","meta":{"_acf_changed":false,"_seopress_robots_primary_cat":"none","_seopress_titles_title":"","_seopress_titles_desc":"","_seopress_robots_index":""},"product_brand":[],"product_cat":[903],"product_tag":[943,1783,1785,1321,1371,1527,1275,1563,1021,1315,1024,1090,1307,1212],"class_list":{"0":"post-133818","1":"product","2":"type-product","3":"status-publish","4":"has-post-thumbnail","6":"product_cat-palonniers-a-ventouses","7":"product_tag-atoutleve-m","8":"product_tag-ggs","9":"product_tag-glas-valbeveiliging-2","10":"product_tag-levage-de-verre","11":"product_tag-leve-grip","12":"product_tag-lifting-glas-new","13":"product_tag-location-monte-verre","14":"product_tag-miroiterie-2","15":"product_tag-monte-verre","16":"product_tag-monte-vitre","17":"product_tag-pose-de-verre","18":"product_tag-ventouse-a-vide-2","19":"product_tag-vitrier","20":"product_tag-vitrier-2","21":"product_shipping_class-25-euros","23":"first","24":"instock","25":"taxable","26":"shipping-taxable","27":"purchasable","28":"product-type-simple"},"acf":[],"_links":{"self":[{"href":"https:\/\/gevelridder.nl\/fr\/wp-json\/wp\/v2\/product\/133818","targetHints":{"allow":["GET"]}}],"collection":[{"href":"https:\/\/gevelridder.nl\/fr\/wp-json\/wp\/v2\/product"}],"about":[{"href":"https:\/\/gevelridder.nl\/fr\/wp-json\/wp\/v2\/types\/product"}],"wp:featuredmedia":[{"embeddable":true,"href":"https:\/\/gevelridder.nl\/fr\/wp-json\/wp\/v2\/media\/132511"}],"wp:attachment":[{"href":"https:\/\/gevelridder.nl\/fr\/wp-json\/wp\/v2\/media?parent=133818"}],"wp:term":[{"taxonomy":"product_brand","embeddable":true,"href":"https:\/\/gevelridder.nl\/fr\/wp-json\/wp\/v2\/product_brand?post=133818"},{"taxonomy":"product_cat","embeddable":true,"href":"https:\/\/gevelridder.nl\/fr\/wp-json\/wp\/v2\/product_cat?post=133818"},{"taxonomy":"product_tag","embeddable":true,"href":"https:\/\/gevelridder.nl\/fr\/wp-json\/wp\/v2\/product_tag?post=133818"}],"curies":[{"name":"wp","href":"https:\/\/api.w.org\/{rel}","templated":true}]}}