
{"id":133793,"date":"2026-03-24T11:34:38","date_gmt":"2026-03-24T11:34:38","guid":{"rendered":"https:\/\/gevelridder.nl\/product\/kit-de-calage-pour-chariot-a-vitres\/"},"modified":"2026-04-06T18:42:44","modified_gmt":"2026-04-06T18:42:44","slug":"kit-de-calage-pour-chariot-a-vitres","status":"publish","type":"product","link":"https:\/\/gevelridder.nl\/fr\/produit\/kit-de-calage-pour-chariot-a-vitres\/","title":{"rendered":"Kit de calage pour Chariot \u00e0 vitres"},"content":{"rendered":"\n<h2 class=\"wp-block-heading\">Kit de calage pour Chariot \u00e0 vitres<\/h2>\n\n\n\n<p>Avec ce kit de calage pour Chariot \u00e0 vitres, tu peux caler ton ch\u00e2ssis avec du verre contre le chariot. La bande de calage sur le fond mesure 70\u00d720 mm et est fix\u00e9e avec du velcro, la hauteur totale est donc d\u2019environ 24 mm. Le fer \u00e0 cheval a une \u00e9paisseur de calage de 65 mm.<\/p>\n\n\n\n<p>Le kit de calage peut \u00eatre utilis\u00e9 pour notre&nbsp;<a href=\"https:\/\/gevelridder.nl\/fr\/product\/chariot-a-vitres-et-chariot-a-panneaux-150kg-2-0\/\">chariot \u00e0 vitres de 150 kg<\/a>&nbsp;ainsi que pour le&nbsp;<a href=\"https:\/\/gevelridder.nl\/product\/glaskar-250-platenwagen\/\">chariot \u00e0 vitres de 250 kg<\/a>.<\/p>\n\n\n\n<h2 class=\"wp-block-heading\">Chariot \u00e0 panneaux<\/h2>\n\n\n\n<p>Le chariot de fa\u00e7ade 100\u00d7100 cm avec une rampe de chargement de 18 cm, adapt\u00e9 pour 250 kg, a deux tubes mont\u00e9s en dessous qui te permettent d\u2019utiliser des pinces de serrage. Il est enti\u00e8rement fabriqu\u00e9 en aluminium et a donc un poids propre de 12 kg. Les pinces de serrage ou les lances de serrage peuvent \u00eatre command\u00e9es s\u00e9par\u00e9ment.<\/p>\n\n\n\n<h3 class=\"wp-block-heading\">Chariot \u00e0 vitres avec un kit de calage<\/h3>\n\n\n\n<p>Ce petit chariot pratique est con\u00e7u et fabriqu\u00e9 aux Pays-Bas avec beaucoup d\u2019amour, nous en sommes fiers. #MadeinHolland. Les chariots sont fabriqu\u00e9s \u00e0 la main et \u00e9galement rev\u00eatus \u00e0 la main. C\u2019est donc \u00ab&nbsp;l\u2019Aston Martin&nbsp;\u00bb des chariots.<\/p>\n\n\n\n<p>Bien que ce soit la mani\u00e8re la moins s\u00fbre de transporter du verre, il est encore souvent soulev\u00e9 et port\u00e9 \u00e0 la main. Parfois, les bons outils d\u2019aide au levage et de transport manquent, parfois c\u2019est par facilit\u00e9 de l\u2019employ\u00e9. Le verre peut \u00eatre soulev\u00e9 manuellement s\u2019il s\u2019agit de plaques de verre pas trop grandes ni trop lourdes et qu\u2019elles n\u2019ont pas besoin d\u2019\u00eatre transport\u00e9es trop loin. Mais veux-tu prendre le risque d\u2019avoir mal au dos toute ta vie ? Nous non !<\/p>\n\n\n\n<p><a href=\"https:\/\/arbocatalogus-vlakglas.nl\/handeling\/handmatig-tillen-en-dragen-van-glas\">Voir aussi le Catalogue Arbo pour l\u2019industrie du verre plat<\/a><\/p>\n\n\n\n<p>Les causes les plus courantes d\u2019accidents et de blessures sont :<\/p>\n\n\n\n<ul class=\"wp-block-list\">\n<li>Coupures dues \u00e0 la manipulation du verre<\/li>\n\n\n\n<li>Surcharge physique due au levage et au transport de lourdes plaques de verre<\/li>\n\n\n\n<li>Tr\u00e9bucher, glisser ou tomber<\/li>\n\n\n\n<li>\u00catre frapp\u00e9 par une charge qui tombe<\/li>\n<\/ul>\n\n\n\n<p>Principaux risques :<\/p>\n\n\n\n<ol class=\"wp-block-list\">\n<li>Charge physique<\/li>\n\n\n\n<li>\u00catre frapp\u00e9 par des mat\u00e9riaux (qui tombent)<\/li>\n\n\n\n<li>Risque de coupure<\/li>\n\n\n\n<li>Tr\u00e9bucher, tomber et glisser<\/li>\n<\/ol>\n\n\n\n<p>Solutions pour les risques :<\/p>\n\n\n\n<ol class=\"wp-block-list\">\n<li>Levage et transport manuels s\u00fbrs<\/li>\n\n\n\n<li>Pr\u00e9vention des blessures par coupure<\/li>\n\n\n\n<li>Pr\u00e9vention des chutes, glissades et tr\u00e9buchements<\/li>\n\n\n\n<li>L\u2019EPI appropri\u00e9 pour chaque manipulation !<\/li>\n<\/ol>\n\n\n\n<p>Exactement, donc AtoutL\u00e8ve !<\/p>\n","protected":false},"excerpt":{"rendered":"<p>Avec ce kit de calage, tu peux caler ton ch\u00e2ssis avec du verre contre le chariot. La bande de calage sur le fond mesure 70\u00d720 mm et est fix\u00e9e avec du velcro, la hauteur totale est d\u2019environ 24 mm, elle peut donc \u00eatre d\u00e9plac\u00e9e (selon le ch\u00e2ssis). Le fer \u00e0 cheval a une \u00e9paisseur de calage de 65 mm.<\/p>\n","protected":false},"featured_media":138064,"template":"","meta":{"_acf_changed":false,"_seopress_robots_primary_cat":"none","_seopress_titles_title":"","_seopress_titles_desc":"","_seopress_robots_index":""},"product_brand":[],"product_cat":[892,893,905],"product_tag":[997,1511,1015,1051],"class_list":{"0":"post-133793","1":"product","2":"type-product","3":"status-publish","4":"has-post-thumbnail","6":"product_cat-chariots","7":"product_cat-chariots-de-facade","8":"product_cat-pieces-detachees-2","9":"product_tag-atoutleve","10":"product_tag-chariot-a-panneaux-2","11":"product_tag-chariot-a-vitres","12":"product_tag-montage-verre","13":"product_shipping_class-25-euros","15":"first","16":"instock","17":"taxable","18":"shipping-taxable","19":"purchasable","20":"product-type-simple"},"acf":[],"_links":{"self":[{"href":"https:\/\/gevelridder.nl\/fr\/wp-json\/wp\/v2\/product\/133793","targetHints":{"allow":["GET"]}}],"collection":[{"href":"https:\/\/gevelridder.nl\/fr\/wp-json\/wp\/v2\/product"}],"about":[{"href":"https:\/\/gevelridder.nl\/fr\/wp-json\/wp\/v2\/types\/product"}],"wp:featuredmedia":[{"embeddable":true,"href":"https:\/\/gevelridder.nl\/fr\/wp-json\/wp\/v2\/media\/138064"}],"wp:attachment":[{"href":"https:\/\/gevelridder.nl\/fr\/wp-json\/wp\/v2\/media?parent=133793"}],"wp:term":[{"taxonomy":"product_brand","embeddable":true,"href":"https:\/\/gevelridder.nl\/fr\/wp-json\/wp\/v2\/product_brand?post=133793"},{"taxonomy":"product_cat","embeddable":true,"href":"https:\/\/gevelridder.nl\/fr\/wp-json\/wp\/v2\/product_cat?post=133793"},{"taxonomy":"product_tag","embeddable":true,"href":"https:\/\/gevelridder.nl\/fr\/wp-json\/wp\/v2\/product_tag?post=133793"}],"curies":[{"name":"wp","href":"https:\/\/api.w.org\/{rel}","templated":true}]}}