
{"id":133785,"date":"2026-03-24T11:35:11","date_gmt":"2026-03-24T11:35:11","guid":{"rendered":"https:\/\/gevelridder.nl\/product\/kit-dextension-pour-grandes-vitres\/"},"modified":"2026-04-06T18:42:15","modified_gmt":"2026-04-06T18:42:15","slug":"kit-dextension-pour-grandes-vitres","status":"publish","type":"product","link":"https:\/\/gevelridder.nl\/fr\/produit\/kit-dextension-pour-grandes-vitres\/","title":{"rendered":"Kit d\u2019extension pour grandes vitres"},"content":{"rendered":"\n<h2 class=\"wp-block-heading\">Kit d\u2019extension pour grandes vitres<\/h2>\n\n\n\n<p>Avec ce kit d\u2019extension pour grandes vitres pour le chariot \u00e0 vitres d\u2019AtoutL\u00e8ve, vous pouvez transporter facilement et en toute s\u00e9curit\u00e9 de grands ch\u00e2ssis vitr\u00e9s. Le kit comprend une barre massive de 2 m\u00e8tres de long sur laquelle sont mont\u00e9es deux ventouses \u00e0 pompe en lexan. La position des ventouses est r\u00e9glable.<\/p>\n\n\n\n<p>Le kit est compatible avec notre&nbsp;<a href=\"https:\/\/gevelridder.nl\/fr\/product\/chariot-a-vitres-et-chariot-a-panneaux-150kg-2-0\/\">chariot \u00e0 vitres de 150 kg<\/a>&nbsp;et notre&nbsp;<a href=\"https:\/\/gevelridder.nl\/product\/glaskar-250-platenwagen\/\">chariot \u00e0 vitres de 250 kg<\/a>.<\/p>\n\n\n\n<h2 class=\"wp-block-heading\">Chariot \u00e0 panneaux<\/h2>\n\n\n\n<p>Le chariot \u00e0 fa\u00e7ade 100\u00d7100 cm avec une plateforme de chargement de 18 cm, adapt\u00e9 pour 250 kg, dispose de 2 tubes mont\u00e9s sur la face inf\u00e9rieure permettant l\u2019utilisation de pinces de serrage. Il est enti\u00e8rement fabriqu\u00e9 en aluminium et p\u00e8se environ 10 kg. Les pinces de serrage ou les lances de tension peuvent \u00eatre command\u00e9es s\u00e9par\u00e9ment. Assurez-vous que les chariots (et les chevalets \u00e0 verre) soient toujours de niveau pour \u00e9viter la chute du verre !<\/p>\n\n\n\n<h3 class=\"wp-block-heading\">Chariot \u00e0 vitres avec kit d\u2019extension pour grandes vitres<\/h3>\n\n\n\n<p>Nos chariots sont con\u00e7us et fabriqu\u00e9s avec passion, et nous en sommes fiers. #MadeinHolland. Les chariots sont fabriqu\u00e9s \u00e0 la main et \u00e9galement rev\u00eatus \u00e0 la main. C\u2019est donc \u00ab&nbsp;l\u2019Aston Martin&nbsp;\u00bb des chariots.<\/p>\n\n\n\n<p>Bien que ce soit la mani\u00e8re la moins s\u00fbre de transporter du verre, il est encore souvent soulev\u00e9 et port\u00e9 \u00e0 la main. Parfois, les bons outils d\u2019aide au levage et de transport manquent, parfois c\u2019est par facilit\u00e9 de l\u2019employ\u00e9. Le verre peut \u00eatre soulev\u00e9 manuellement s\u2019il s\u2019agit de plaques de verre pas trop grandes ni trop lourdes et qu\u2019elles n\u2019ont pas besoin d\u2019\u00eatre transport\u00e9es trop loin. Mais veux-tu prendre le risque d\u2019avoir mal au dos toute ta vie ? Nous non !<\/p>\n\n\n\n<p><a href=\"https:\/\/arbocatalogus-vlakglas.nl\/handeling\/handmatig-tillen-en-dragen-van-glas\">Voir aussi le Catalogue Arbo pour l\u2019industrie du verre plat<\/a><\/p>\n\n\n\n<p>Les causes les plus courantes d\u2019accidents et de blessures sont :<\/p>\n\n\n\n<ul class=\"wp-block-list\">\n<li>Coupures dues \u00e0 la manipulation du verre<\/li>\n\n\n\n<li>Surcharge physique due au levage et au transport de lourdes plaques de verre<\/li>\n\n\n\n<li>Tr\u00e9bucher, glisser ou tomber<\/li>\n\n\n\n<li>\u00catre frapp\u00e9 par une charge qui tombe<\/li>\n<\/ul>\n\n\n\n<p>Principaux risques :<\/p>\n\n\n\n<ol class=\"wp-block-list\">\n<li>Charge physique<\/li>\n\n\n\n<li>\u00catre frapp\u00e9 par des mat\u00e9riaux (qui tombent)<\/li>\n\n\n\n<li>Risque de coupure<\/li>\n\n\n\n<li>Tr\u00e9bucher, tomber et glisser<\/li>\n<\/ol>\n\n\n\n<p>Solutions pour les risques :<\/p>\n\n\n\n<ol class=\"wp-block-list\">\n<li>Levage et transport manuels s\u00fbrs<\/li>\n\n\n\n<li>Pr\u00e9vention des blessures par coupure<\/li>\n\n\n\n<li>Pr\u00e9vention des chutes, glissades et tr\u00e9buchements<\/li>\n\n\n\n<li>L\u2019EPI appropri\u00e9 pour chaque manipulation !<\/li>\n<\/ol>\n\n\n\n<p>Exactement, donc AtoutL\u00e8ve ! Saviez-vous que le chariot AtoutL\u00e8ve, aussi appel\u00e9 chariot \u00e0 panneaux ou chariot \u00e0 vitres, existe depuis plus de&nbsp;<a href=\"https:\/\/gevelridder.nl\/8-jaar-de-gevelridderkar\/\">8 ans<\/a>&nbsp;?<\/p>\n","protected":false},"excerpt":{"rendered":"<p>Avec ce kit d\u2019extension pour grandes vitres pour le chariot \u00e0 vitres d\u2019AtoutL\u00e8ve, vous pouvez transporter facilement et en toute s\u00e9curit\u00e9 de grands ch\u00e2ssis vitr\u00e9s. Le kit comprend une barre massive de 2 m\u00e8tres de long sur laquelle sont mont\u00e9es deux ventouses \u00e0 pompe manuelle en lexan. La position des ventouses est r\u00e9glable. De cette fa\u00e7on, le verre est fix\u00e9 au chariot (pas besoin de pince de serrage). Cela s\u2019applique bien s\u00fbr \u00e0 une seule plaque de verre, qui est maintenue par aspiration \u00e0 l\u2019arri\u00e8re. Assurez-vous que les chariots (et les chevalets \u00e0 verre) soient toujours de niveau pour \u00e9viter la chute du verre !<\/p>\n","protected":false},"featured_media":131838,"template":"","meta":{"_acf_changed":false,"_seopress_robots_primary_cat":"none","_seopress_titles_title":"","_seopress_titles_desc":"","_seopress_robots_index":""},"product_brand":[],"product_cat":[893,905],"product_tag":[997,1511,1015,1051],"class_list":{"0":"post-133785","1":"product","2":"type-product","3":"status-publish","4":"has-post-thumbnail","6":"product_cat-chariots-de-facade","7":"product_cat-pieces-detachees-2","8":"product_tag-atoutleve","9":"product_tag-chariot-a-panneaux-2","10":"product_tag-chariot-a-vitres","11":"product_tag-montage-verre","12":"product_shipping_class-65-euros","14":"first","15":"instock","16":"taxable","17":"shipping-taxable","18":"purchasable","19":"product-type-simple"},"acf":[],"_links":{"self":[{"href":"https:\/\/gevelridder.nl\/fr\/wp-json\/wp\/v2\/product\/133785","targetHints":{"allow":["GET"]}}],"collection":[{"href":"https:\/\/gevelridder.nl\/fr\/wp-json\/wp\/v2\/product"}],"about":[{"href":"https:\/\/gevelridder.nl\/fr\/wp-json\/wp\/v2\/types\/product"}],"wp:featuredmedia":[{"embeddable":true,"href":"https:\/\/gevelridder.nl\/fr\/wp-json\/wp\/v2\/media\/131838"}],"wp:attachment":[{"href":"https:\/\/gevelridder.nl\/fr\/wp-json\/wp\/v2\/media?parent=133785"}],"wp:term":[{"taxonomy":"product_brand","embeddable":true,"href":"https:\/\/gevelridder.nl\/fr\/wp-json\/wp\/v2\/product_brand?post=133785"},{"taxonomy":"product_cat","embeddable":true,"href":"https:\/\/gevelridder.nl\/fr\/wp-json\/wp\/v2\/product_cat?post=133785"},{"taxonomy":"product_tag","embeddable":true,"href":"https:\/\/gevelridder.nl\/fr\/wp-json\/wp\/v2\/product_tag?post=133785"}],"curies":[{"name":"wp","href":"https:\/\/api.w.org\/{rel}","templated":true}]}}