
{"id":133746,"date":"2026-03-24T11:44:24","date_gmt":"2026-03-24T11:44:24","guid":{"rendered":"https:\/\/gevelridder.nl\/product\/le-set-basic-thecannon-250-kg\/"},"modified":"2026-04-06T18:44:25","modified_gmt":"2026-04-06T18:44:25","slug":"set-de-base-the-cannon-250kg-basic","status":"publish","type":"product","link":"https:\/\/gevelridder.nl\/fr\/produit\/set-de-base-the-cannon-250kg-basic\/","title":{"rendered":"Le Set Basic TheCannon 250 kg"},"content":{"rendered":"\n<h2 class=\"wp-block-heading\">Set AtoutL\u00e8ve 250 kg<\/h2>\n\n\n\n<p>Pr\u00e9venez les maux de dos avec ce set AtoutL\u00e8ve, vous avez tout pour placer et transporter le verre, les ch\u00e2ssis, les stores, etc. jusqu\u2019\u00e0 5,8 m de hauteur et un poids maximal de 200-250 kg. De plus, ce set est tr\u00e8s ergonomique, compact, l\u00e9ger et donc facile \u00e0 transporter sur le chantier.<\/p>\n\n\n\n<h2 class=\"wp-block-heading\">Set AtoutL\u00e8ve, l\u2019outil contre les maux de dos<\/h2>\n\n\n\n<p><a href=\"https:\/\/gevelridder.nl\/fr\/product\/atoutleve-m-hybride\/\" target=\"_blank\" rel=\"noreferrer noopener\">L\u2019AtoutL\u00e8ve M Hybride<br><\/a>. Facile \u00e0 transporter. Repli\u00e9 2,4 m, d\u00e9ploy\u00e9 presque 4 m et avec le tube d\u2019extension suppl\u00e9mentaire, il peut s\u2019\u00e9tendre jusqu\u2019\u00e0 5,8 m de hauteur. Avec le support d\u2019extension suppl\u00e9mentaire, il peut aussi \u00eatre utilis\u00e9 pour soulever des panneaux d\u2019\u00e9chafaudages ou les d\u00e9charger du v\u00e9hicule.<\/p>\n\n\n\n<p>Le l\u00e9ger&nbsp;<a href=\"https:\/\/gevelridder.nl\/fr\/product\/sirliftalot4-250-kg\/\">SirLiftAlot 4<\/a>&nbsp;qui peut lever dans 3 positions, pensez par exemple aux toits de serre. Le palonnier fonctionne avec des ventouses en Lexan, d\u00e8s que vous voulez lever \u00e0 plus de 1,8 m (rez-de-chauss\u00e9e), vous devez utiliser une protection antichute, mais les supports de fixation sont \u00e9galement pr\u00e9sents pour cela.<\/p>\n\n\n\n<p><a href=\"https:\/\/gevelridder.nl\/product\/glaskar-250-platenwagen\/\" target=\"_blank\" rel=\"noreferrer noopener\">Le\u00a0Chariot \u00e0 vitres en aluminium 250 kg.<\/a>\u00a0Il a aussi un poids propre de 13 kg, le cadre fait 100\u00d7100 cm, la hauteur est de 200 mm, 250 kg maximum.<\/p>\n\n\n\n<p>Deux&nbsp;<a href=\"https:\/\/gevelridder.nl\/fr\/product\/serre-joint-alu-pour-chariot-a-vitres\/\">pinces de serrage<\/a>&nbsp;pour le chariot AtoutL\u00e8ve.<\/p>\n\n\n\n<h2 class=\"wp-block-heading\">Pr\u00e9venez les maux de dos avec le set AtoutL\u00e8ve<\/h2>\n\n\n\n<p>\u00c9vitez les maux de dos avec AtoutL\u00e8ve, vous pouvez efficacement et avec le dos droit monter facilement du verre, des fen\u00eatres et des portes. Vous pouvez aussi facilement installer des stores. L\u2019AtoutL\u00e8ve est facile \u00e0 transporter et l\u00e9ger. Les professionnels qui utilisent ces produits sont satisfaits. \u00ab&nbsp;Le soir, plus besoin de s\u2019allonger sur le canap\u00e9 avec des douleurs au dos, mais profiter pleinement de la vie.&nbsp;\u00bb<\/p>\n\n\n\n<h2 class=\"wp-block-heading\">Posture de travail malsaine et maux de dos<\/h2>\n\n\n\n<h3 class=\"wp-block-heading\">Pr\u00e9vention des maux de dos avec le set AtoutL\u00e8ve<\/h3>\n\n\n\n<p>Chez AtoutL\u00e8ve, il ne s\u2019agit pas de vendre nos beaux produits, NON, nous nous soucions de la sant\u00e9 de nos clients, que nous appelons en plaisantant nos patients. Souvent, ce sont les petites choses de la vie qui font la diff\u00e9rence. \u00c9conomiser sur un petit investissement peut souvent influencer n\u00e9gativement et drastiquement la vie d\u2019un monteur. Les employ\u00e9s qui travaillent souvent ou longtemps dans des postures malsaines ont plus de risques de d\u00e9velopper des probl\u00e8mes (permanents) ou des maladies professionnelles des muscles, tendons, ligaments ou articulations. Pensez aux postures malsaines comme travailler courb\u00e9, avec les bras lev\u00e9s ou \u00e0 genoux. Cela met les muscles et les tendons sous tension prolong\u00e9e ou forte. Les postures qui impliquent une position extr\u00eame des articulations peuvent \u00e9galement causer des tensions sur les tendons, ligaments et muscles.<\/p>\n\n\n\n<h3 class=\"wp-block-heading\">Portail Arbo et AtoutL\u00e8ve<\/h3>\n\n\n\n<p>Ainsi, travailler dans des postures malsaines peut conduire \u00e0 la fatigue ou m\u00eame \u00e0 des dommages. C\u2019est pourquoi il est important de limiter autant que possible cette forme de charge physique. Les employeurs sont oblig\u00e9s de prendre des mesures pour que les employ\u00e9s puissent travailler autant que possible dans de bonnes postures. Voir aussi :&nbsp;<a href=\"https:\/\/www.arboportaal.nl\/onderwerpen\/werkhoudingen\" target=\"_blank\" rel=\"noreferrer noopener\">posture de travail.<\/a><\/p>\n\n\n\n<p>Avec les outils d\u2019AtoutL\u00e8ve, les clients deviennent aussi plus conscients du travail qu\u2019ils font. Est-ce que je pourrai encore faire ce travail dans 10 ans si j\u2019ai constamment mal au dos ? C\u2019est pourquoi AtoutL\u00e8ve ! Aller au travail avec plaisir.<\/p>\n\n\n\n<h2 class=\"wp-block-heading\">P\u00e9nurie de personnel due aux maux de dos<\/h2>\n\n\n\n<p>Les employeurs tirent la sonnette d\u2019alarme depuis des ann\u00e9es concernant la p\u00e9nurie de personnel. Une des solutions est de ne pas se concentrer en tant qu\u2019entrepreneur sur la quantit\u00e9, mais sur la qualit\u00e9 du travail du personnel. AtoutL\u00e8ve joue un r\u00f4le important dans ce domaine. En travaillant de mani\u00e8re s\u00fbre, efficace mais aussi ergonomique sur le lieu de travail, le professionnel aura non seulement plus de plaisir dans son travail, mais les maux de dos et donc l\u2019absent\u00e9isme diminueront.<\/p>\n","protected":false},"excerpt":{"rendered":"<p><strong>\u2714\u00a0L\u00e9ger, peut \u00eatre soulev\u00e9 par une personne.<\/strong><\/p>\n<p><b>\u2714<\/b>\u00a0<strong>Bel ensemble complet :<\/strong><\/p>\n<ol>\n<li>TheCannon 75-250 kg<\/li>\n<li>10 blocs de lest<\/li>\n<li>Chariot \u00e0 vitres 250 kg<\/li>\n<li>Roue de secours<\/li>\n<li>Deux pinces de serrage en aluminium<\/li>\n<li>Palonnier \u00e0 ventouses : SirLiftAlot4<\/li>\n<\/ol>\n","protected":false},"featured_media":132500,"template":"","meta":{"_acf_changed":false,"_seopress_robots_primary_cat":"none","_seopress_titles_title":"","_seopress_titles_desc":"","_seopress_robots_index":""},"product_brand":[],"product_cat":[888,908],"product_tag":[1440,1571,997,1247,1417,1039,1420,1232,1264,1271,1257,1560,1557,1482,1021,1399,1629,1009,1078,1761,1762,1763,1351],"class_list":{"0":"post-133746","1":"product","2":"type-product","3":"status-publish","4":"has-post-thumbnail","6":"product_cat-atoutleve","7":"product_cat-sets-avantageux","8":"product_tag-aide-contre-les-maux-de-dos","9":"product_tag-assemble","10":"product_tag-atoutleve","11":"product_tag-chariot-a-vitres-250-kg","12":"product_tag-echelle-de-levage","13":"product_tag-elevateur-de-chassis","14":"product_tag-ensemble-de-levage-pour-verre-et-chassis","15":"product_tag-levage-de-verre-facade","16":"product_tag-leve-verre-2","17":"product_tag-leve-vitre-250-kg","18":"product_tag-location-de-mini-grue-a-verre","19":"product_tag-mini-elevateur","20":"product_tag-mini-grue-pour-verre","21":"product_tag-monte-echelle","22":"product_tag-monte-verre","23":"product_tag-palan","24":"product_tag-placement-de-verre","25":"product_tag-set-atoutleve","26":"product_tag-thecannon-atoutleve","27":"product_tag-tilhulpmiddel-glaszetten","28":"product_tag-tilhulpmiddelen-bouw-en-afbouw","29":"product_tag-vacuumheffer-glas","30":"product_tag-ventouse-a-verre-250-kg","31":"product_shipping_class-atoutleve-m","33":"first","34":"instock","35":"sale","36":"taxable","37":"shipping-taxable","38":"purchasable","39":"product-type-simple"},"acf":[],"_links":{"self":[{"href":"https:\/\/gevelridder.nl\/fr\/wp-json\/wp\/v2\/product\/133746","targetHints":{"allow":["GET"]}}],"collection":[{"href":"https:\/\/gevelridder.nl\/fr\/wp-json\/wp\/v2\/product"}],"about":[{"href":"https:\/\/gevelridder.nl\/fr\/wp-json\/wp\/v2\/types\/product"}],"wp:featuredmedia":[{"embeddable":true,"href":"https:\/\/gevelridder.nl\/fr\/wp-json\/wp\/v2\/media\/132500"}],"wp:attachment":[{"href":"https:\/\/gevelridder.nl\/fr\/wp-json\/wp\/v2\/media?parent=133746"}],"wp:term":[{"taxonomy":"product_brand","embeddable":true,"href":"https:\/\/gevelridder.nl\/fr\/wp-json\/wp\/v2\/product_brand?post=133746"},{"taxonomy":"product_cat","embeddable":true,"href":"https:\/\/gevelridder.nl\/fr\/wp-json\/wp\/v2\/product_cat?post=133746"},{"taxonomy":"product_tag","embeddable":true,"href":"https:\/\/gevelridder.nl\/fr\/wp-json\/wp\/v2\/product_tag?post=133746"}],"curies":[{"name":"wp","href":"https:\/\/api.w.org\/{rel}","templated":true}]}}