
{"id":133710,"date":"2026-03-24T08:17:08","date_gmt":"2026-03-24T08:17:08","guid":{"rendered":"https:\/\/gevelridder.nl\/product\/chariot-a-vitres-chariot-a-panneaux-250kg\/"},"modified":"2026-04-06T18:18:33","modified_gmt":"2026-04-06T18:18:33","slug":"chariot-a-vitres-chariot-a-panneaux-250kg","status":"publish","type":"product","link":"https:\/\/gevelridder.nl\/fr\/produit\/chariot-a-vitres-chariot-a-panneaux-250kg\/","title":{"rendered":"Chariot \u00e0 vitres Chariot \u00e0 panneaux 250kg"},"content":{"rendered":"\n<p>Si tu veux un Chariot \u00e0 vitres ou Chariot \u00e0 panneaux pratique et l\u00e9ger, avec tout de m\u00eame un grand plateau de pose par ex. pour des ch\u00e2ssis plus larges, alors le chariot de fa\u00e7ade est le bon produit pour toi.<\/p>\n\n\n\n<h2 class=\"wp-block-heading\">Chariot \u00e0 vitres et \u00e0 panneaux<\/h2>\n\n\n\n<p>Le chariot de fa\u00e7ade 100\u00d7100 cm avec un plateau de chargement de 18 cm, adapt\u00e9 pour 250 kg, il a 2 tubes mont\u00e9s en partie basse ce qui te donne la possibilit\u00e9 d\u2019utiliser des serre-joints, les tubes sont prolong\u00e9s \u00e0 l\u2019arri\u00e8re pour que tu puisses placer les serre-joints en position de stationnement.<\/p>\n\n\n\n<p>Le chariot est enti\u00e8rement fabriqu\u00e9 en aluminium et a donc un poids propre de seulement 14 kg. Les serre-joints ou sangles de serrage sont \u00e0 commander s\u00e9par\u00e9ment.<\/p>\n\n\n\n<p>Ce petit chariot pratique est con\u00e7u et fabriqu\u00e9 aux Pays-Bas avec beaucoup d\u2019amour, nous en sommes fiers. #MadeinHolland. Les chariots sont fabriqu\u00e9s \u00e0 la main et \u00e9galement recouverts \u00e0 la main. C\u2019est ainsi \u00ab l\u2019Aston Martin \u00bb des chariots.<\/p>\n\n\n\n<h3 class=\"wp-block-heading\">Serre-joint pour le chariot<\/h3>\n\n\n\n<p>Le prix est hors&nbsp;<a href=\"https:\/\/gevelridder.nl\/fr\/product\/serre-joint-alu-pour-chariot-a-vitres\/\" target=\"_blank\" rel=\"noreferrer noopener\">serre-joint<\/a>, tu le commandes s\u00e9par\u00e9ment.<\/p>\n\n\n\n<h3 class=\"wp-block-heading\">Dimensions chariot<\/h3>\n\n\n\n<p>Le plateau de chargement fait 18 cm de large. La largeur totale du chariot roues comprises n\u2019est que de 50 cm.<\/p>\n\n\n\n<p>Le chariot est aussi disponible dans une version avec<a href=\"https:\/\/gevelridder.nl\/fr\/?post_type=product&amp;p=128502\">&nbsp;1 essieu pour 150 kg<\/a>. Les poign\u00e9es sont r\u00e9glables avec un clip rapide, Le chariot est \u00e9quip\u00e9 de feutre noir\/anthracite.<\/p>\n\n\n\n<h4 class=\"wp-block-heading\">TNO \u2013 Fiche technique charge de travail physique 2018<\/h4>\n\n\n\n<p>La charge physique est encore toujours, \u00e0 c\u00f4t\u00e9 de la charge de travail psychosociale, la cause principale des maladies professionnelles et de l\u2019absent\u00e9isme. Ceci est une fiche technique de&nbsp;<a href=\"https:\/\/www.arboportaal.nl\/onderwerpen\/tillen-en-dragen\/documenten\/publicatie\/2018\/07\/01\/factsheet-fysieke-arbeidsbelasting-2018\">TNO<\/a>&nbsp;avec des chiffres de juin 2018 utilise donc les aides au levage d\u2019AtoutL\u00e8ve !<\/p>\n\n\n\n<h4 class=\"wp-block-heading\">Lever et porter<\/h4>\n\n\n\n<p>Lever c\u2019est prendre et poser une charge avec tes mains, sans te d\u00e9placer toi-m\u00eame. Si tu d\u00e9places quelque chose en marchant pendant le levage, on appelle \u00e7a porter. Avec ces conseils tu \u00e9vites les probl\u00e8mes de sant\u00e9.<\/p>\n\n\n\n<p>Quels troubles peux-tu avoir ? Lever et porter pendant le travail est une cause importante de troubles physiques, comme des douleurs dans le (bas du) dos, \u00e9paules, nuque, genoux et hanches. Tu peux aussi avoir des troubles du dos, parce que tu l\u00e8ves des objets en \u00e9tant pench\u00e9 ou avec le dos tordu.<\/p>\n\n\n\n<p><a href=\"https:\/\/www.fnv.nl\/werk-inkomen\/veilig-gezond-werken\/lichamelijke-belasting\/tillen-en-dragen\">voir aussi<\/a><\/p>\n\n\n\n<p>Dans le royaume d\u2019AtoutL\u00e8ve, o\u00f9 l\u2019artisanat et l\u2019honneur sont tenus en haute estime, nous te pr\u00e9sentons avec fiert\u00e9 nos majestueux chariots \u00e0 vitres \u2013 un produit de notre propre conception et fabrication. Vigilant comme un chevalier qui garde son ch\u00e2teau, nous te conseillons de toujours positionner les chariots sur un sol plat, afin que le noble verre ne tombe pas. Et comme un \u00e9cuyer ch\u00e9rit son \u00e9quipement d\u2019armes, ne laisse pas les chariots charg\u00e9s dans les caprices du temps et du vent. Pr\u00e9serve leur splendeur et prot\u00e8ge ce qui est pr\u00e9cieux. Que ta qu\u00eate de perfection chez AtoutL\u00e8ve soit accomplie !<\/p>\n","protected":false},"excerpt":{"rendered":"<p><b>\u2714<\/b>\u00a0<strong>Pour le transport de verre, ch\u00e2ssis, panneaux etc.<\/strong><\/p>\n<p><strong>\u2714\u00a0L\u00e9ger, facile \u00e0 transporter.<\/strong><\/p>\n<p><strong>\u2714\u00a0L= 100 cm, H=100 cm, L=50 cm<\/strong><\/p>\n<p><strong>\u2714\u00a0Largeur de plateau 18 cm (espace vers roue 19,5 cm).<\/strong><\/p>\n<p><strong>\u2714<\/strong>\u00a0<strong>CMU 250 kg.<\/strong><\/p>\n<p><strong>\u2714\u00a0Poids propre 14 kg<\/strong><\/p>\n<p><strong>\u2714\u00a0<\/strong><strong>Pneus gonflables (bon amortissement).<\/strong><\/p>\n<p><strong>\u2714\u00a0<\/strong><strong>Ne se bloque pas dans le sable et le gravier<\/strong><strong>.<\/strong><\/p>\n<p><strong>\u2714\u00a0<\/strong><strong>Pare-chocs de s\u00e9curit\u00e9 contre le renversement du chariot.<\/strong><\/p>\n<p><strong>x\u00a0<\/strong><strong>Pinces de serrage non incluses<\/strong><\/p>\n<p>\u2660\u00a0<strong>Pince de serrage \u00e0 commander s\u00e9par\u00e9ment :<\/strong><\/p>\n<ul>\n<li><a href=\"https:\/\/gevelridder.nl\/fr\/product\/serre-joint-alu-pour-chariot-a-vitres\/\">Pince de serrage en alu (conseil)<\/a><\/li>\n<li><a href=\"https:\/\/gevelridder.nl\/fr\/?post_type=product&amp;p=128959\">Pince de serrage en acier<\/a><\/li>\n<li><a href=\"https:\/\/gevelridder.nl\/fr\/?post_type=product&amp;p=128881\">Lance de serrage<\/a><\/li>\n<\/ul>\n","protected":false},"featured_media":131402,"template":"","meta":{"_acf_changed":false,"_seopress_robots_primary_cat":"none","_seopress_titles_title":"","_seopress_titles_desc":"","_seopress_robots_index":""},"product_brand":[],"product_cat":[902],"product_tag":[1669,1670,1474,1054,1027,1015,1018,1668,1667,1021,1629,1671,1327,1333,1212,1307],"class_list":{"0":"post-133710","1":"product","2":"type-product","3":"status-publish","4":"has-post-thumbnail","6":"product_cat-outlet","7":"product_tag-agenceurs","8":"product_tag-chariot","9":"product_tag-chariot-a-chassis","10":"product_tag-chariot-a-panneaux","11":"product_tag-chariot-a-vitres-2","12":"product_tag-chariot-a-vitres","13":"product_tag-chariot-a-vitres-et-a-panneaux","14":"product_tag-chariot-tout-terrain","15":"product_tag-chassis-de-fenetre","16":"product_tag-monte-verre","17":"product_tag-placement-de-verre","18":"product_tag-porte-chassis","19":"product_tag-transport-de-verre-2","20":"product_tag-transport-de-verre","21":"product_tag-vitrier-2","22":"product_tag-vitrier","23":"product_shipping_class-65-euros","25":"first","26":"instock","27":"sale","28":"taxable","29":"shipping-taxable","30":"purchasable","31":"product-type-simple"},"acf":[],"_links":{"self":[{"href":"https:\/\/gevelridder.nl\/fr\/wp-json\/wp\/v2\/product\/133710","targetHints":{"allow":["GET"]}}],"collection":[{"href":"https:\/\/gevelridder.nl\/fr\/wp-json\/wp\/v2\/product"}],"about":[{"href":"https:\/\/gevelridder.nl\/fr\/wp-json\/wp\/v2\/types\/product"}],"wp:featuredmedia":[{"embeddable":true,"href":"https:\/\/gevelridder.nl\/fr\/wp-json\/wp\/v2\/media\/131402"}],"wp:attachment":[{"href":"https:\/\/gevelridder.nl\/fr\/wp-json\/wp\/v2\/media?parent=133710"}],"wp:term":[{"taxonomy":"product_brand","embeddable":true,"href":"https:\/\/gevelridder.nl\/fr\/wp-json\/wp\/v2\/product_brand?post=133710"},{"taxonomy":"product_cat","embeddable":true,"href":"https:\/\/gevelridder.nl\/fr\/wp-json\/wp\/v2\/product_cat?post=133710"},{"taxonomy":"product_tag","embeddable":true,"href":"https:\/\/gevelridder.nl\/fr\/wp-json\/wp\/v2\/product_tag?post=133710"}],"curies":[{"name":"wp","href":"https:\/\/api.w.org\/{rel}","templated":true}]}}