
{"id":133690,"date":"2026-03-24T08:17:09","date_gmt":"2026-03-24T08:17:09","guid":{"rendered":"https:\/\/gevelridder.nl\/product\/chariot-a-vitres-et-chariot-a-panneaux-150kg-2-0\/"},"modified":"2026-04-06T18:19:14","modified_gmt":"2026-04-06T18:19:14","slug":"chariot-a-vitres-et-chariot-a-panneaux-150kg-2-0","status":"publish","type":"product","link":"https:\/\/gevelridder.nl\/fr\/produit\/chariot-a-vitres-et-chariot-a-panneaux-150kg-2-0\/","title":{"rendered":"Chariot \u00e0 vitres et Chariot \u00e0 panneaux 150kg 2.0"},"content":{"rendered":"\n<h2 class=\"wp-block-heading\"><strong>Chariot \u00e0 vitres et Chariot \u00e0 panneaux<\/strong><\/h2>\n\n\n\n<h3 class=\"wp-block-heading\">Magnifique Chariot \u00e0 panneaux<\/h3>\n\n\n\n<p>Une fois habitu\u00e9 \u00e0 ce chariot \u00e0 vitres pratique et l\u00e9ger, tu ne voudras plus t\u2019en passer. Le chariot de fa\u00e7ade 100\u00d7100 cm avec une planche de chargement de 18 cm convient pour 150 kg. Le chariot pratique a 2 tubes mont\u00e9s en bas, ce qui te permet d\u2019utiliser des pinces de serrage. La remorque \u00e0 essieu simple est enti\u00e8rement fabriqu\u00e9e en aluminium l\u00e9ger et ne p\u00e8se que 10 kg.<\/p>\n\n\n\n<h3 class=\"wp-block-heading\">Roues de Chariot \u00e0 vitres mont\u00e9es sur roulements<\/h3>\n\n\n\n<p>Le chariot \u00e0 vitres est \u00e9quip\u00e9 d\u2019essieux avec des pneus gonflables, un choix d\u00e9lib\u00e9r\u00e9 de notre part. Les pneus gonflables offrent plus d\u2019amortissement et sont donc plus faciles \u00e0 passer sur une bosse. Nous vendons \u00e9galement ce chariot \u00e0 panneaux avec des pneus pleins s\u00e9par\u00e9s, qui sont plus souvent utilis\u00e9s dans les ateliers.<\/p>\n\n\n\n<p>Ce chariot \u00e0 panneaux et \u00e0 vitres est fabriqu\u00e9 avec beaucoup d\u2019amour aux Pays-Bas, nous en sommes fiers. Le prix n\u2019inclut pas la pince ou la lance de serrage. Tu les commandes s\u00e9par\u00e9ment. Les&nbsp;<a href=\"https:\/\/gevelridder.nl\/fr\/product\/serre-joint-alu-pour-chariot-a-vitres\/\">pinces<\/a>&nbsp;emp\u00eachent le verre de tomber vers l\u2019avant. Bien s\u00fbr, ne laisse pas le chariot dehors quand il est charg\u00e9, car le vent pourrait le renverser. La planche de chargement fait 18 cm de large et est magnifiquement recouverte \u00e0 la main.<\/p>\n\n\n\n<h3 class=\"wp-block-heading\">Barre de pouss\u00e9e du Chariot \u00e0 vitres<\/h3>\n\n\n\n<p>Le chariot est \u00e9quip\u00e9 d\u2019une barre de pouss\u00e9e r\u00e9glable que tu peux utiliser des deux c\u00f4t\u00e9s du chariot.<\/p>\n\n\n\n<p>Nous avons aussi le chariot en version 250 kg avec un double essieu :&nbsp;<a href=\"https:\/\/gevelridder.nl\/product\/glaskar-250-platenwagen\/\">Chariot de fa\u00e7ade 250kg \u2013 AtoutL\u00e8ve<\/a>.<\/p>\n\n\n\n<p>Notre soi-disant 4\u00d74 a l\u2019avantage que la planche de chargement est toujours horizontale, ce qui facilite le passage d\u2019un v\u00e9hicule \u00e0 double essieu sur un seuil. Le v\u00e9hicule \u00e0 essieu simple est en revanche un peu plus maniable.<\/p>\n\n\n\n<h3 class=\"wp-block-heading\">Charge physique et s\u00e9curit\u00e9<\/h3>\n\n\n\n<p>Les employ\u00e9s qui soul\u00e8vent ou portent presque quotidiennement des objets ou des personnes courent un risque \u00e9lev\u00e9 de probl\u00e8mes de dos (permanents). Il est donc important de limiter autant que possible cette forme de charge physique ou de l\u2019effectuer de mani\u00e8re responsable. Les employeurs sont tenus de prendre des mesures pour s\u2019assurer que le levage ou le port ne pr\u00e9sente pas de risques pour la sant\u00e9.<\/p>\n\n\n\n<p>Si tu veux en savoir plus sur le levage et le port, jette un \u0153il au site web sur les conditions de travail.<\/p>\n","protected":false},"excerpt":{"rendered":"<p>Le chariot de fa\u00e7ade avec une capacit\u00e9 de charge de 150 kg est une solution pratique et l\u00e9g\u00e8re pour le transport du verre et des panneaux. Dans la version 2.0, il est maintenant plus facile de ranger les pinces de serrage \u00e0 l\u2019arri\u00e8re du cadre. Avec des pneus gonflables pour une meilleure absorption des chocs et une meilleure maniabilit\u00e9, ce chariot \u00e0 panneaux est id\u00e9al pour une utilisation dans des situations o\u00f9 l\u2019espace est limit\u00e9. Par exemple, dans les ascenseurs et sur les galeries d\u2019appartements, ainsi que dans les ateliers. La barre de pouss\u00e9e r\u00e9glable des deux c\u00f4t\u00e9s facilite la man\u0153uvre. Nous proposons \u00e9galement une\u00a0<a href=\"https:\/\/gevelridder.nl\/product\/glaskar-250-platenwagen\/\">version 250 kg<\/a>\u00a0\u00e0 double essieu pour une capacit\u00e9 de charge encore plus importante. La s\u00e9curit\u00e9 est primordiale, et l\u2019utilisation de pinces emp\u00eache la chute du verre. Le prix n\u2019inclut pas les pinces de serrage, pour lesquelles nous proposons trois types diff\u00e9rents :<\/p>\n<ul>\n<li><a href=\"https:\/\/gevelridder.nl\/fr\/product\/serre-joint-alu-pour-chariot-a-vitres\/\">Pince de serrage en aluminium<\/a>\u00a0(la plus vendue)<\/li>\n<li><a href=\"https:\/\/gevelridder.nl\/fr\/product\/bride-de-serrage-pour-chariot-a-vitres-1-0-en-acier\/\">pince de serrage en acier<\/a>\u00a0(plus ch\u00e8re et plus lourde)<\/li>\n<li><a href=\"https:\/\/gevelridder.nl\/fr\/product\/lance-de-fixation-pour-le-chariot-a-panneaux\/\">lance de serrage<\/a>\u00a0(pour le verre plus petit).<\/li>\n<\/ul>\n","protected":false},"featured_media":131516,"template":"","meta":{"_acf_changed":false,"_seopress_robots_primary_cat":"none","_seopress_titles_title":"","_seopress_titles_desc":"","_seopress_robots_index":""},"product_brand":[],"product_cat":[891,893],"product_tag":[1669,1696,1670,1345,1027,1015,1668,1747,1563,1021,1315,1671,1358,1212,1307],"class_list":{"0":"post-133690","1":"product","2":"type-product","3":"status-publish","4":"has-post-thumbnail","6":"product_cat-chariot-a-panneaux-et-a-vitres","7":"product_cat-chariots-de-facade","8":"product_tag-agenceurs","9":"product_tag-aluminiumlift","10":"product_tag-chariot","11":"product_tag-chariot-a-verre","12":"product_tag-chariot-a-vitres-2","13":"product_tag-chariot-a-vitres","14":"product_tag-chariot-tout-terrain","15":"product_tag-gevelridderkar","16":"product_tag-miroiterie-2","17":"product_tag-monte-verre","18":"product_tag-monte-vitre","19":"product_tag-porte-chassis","20":"product_tag-vie-de-vitrier-2","21":"product_tag-vitrier-2","22":"product_tag-vitrier","23":"product_shipping_class-chariot-petit","25":"first","26":"instock","27":"taxable","28":"shipping-taxable","29":"purchasable","30":"product-type-simple"},"acf":[],"_links":{"self":[{"href":"https:\/\/gevelridder.nl\/fr\/wp-json\/wp\/v2\/product\/133690","targetHints":{"allow":["GET"]}}],"collection":[{"href":"https:\/\/gevelridder.nl\/fr\/wp-json\/wp\/v2\/product"}],"about":[{"href":"https:\/\/gevelridder.nl\/fr\/wp-json\/wp\/v2\/types\/product"}],"wp:featuredmedia":[{"embeddable":true,"href":"https:\/\/gevelridder.nl\/fr\/wp-json\/wp\/v2\/media\/131516"}],"wp:attachment":[{"href":"https:\/\/gevelridder.nl\/fr\/wp-json\/wp\/v2\/media?parent=133690"}],"wp:term":[{"taxonomy":"product_brand","embeddable":true,"href":"https:\/\/gevelridder.nl\/fr\/wp-json\/wp\/v2\/product_brand?post=133690"},{"taxonomy":"product_cat","embeddable":true,"href":"https:\/\/gevelridder.nl\/fr\/wp-json\/wp\/v2\/product_cat?post=133690"},{"taxonomy":"product_tag","embeddable":true,"href":"https:\/\/gevelridder.nl\/fr\/wp-json\/wp\/v2\/product_tag?post=133690"}],"curies":[{"name":"wp","href":"https:\/\/api.w.org\/{rel}","templated":true}]}}