
{"id":133668,"date":"2026-03-24T11:34:39","date_gmt":"2026-03-24T11:34:39","guid":{"rendered":"https:\/\/gevelridder.nl\/product\/atoutleve-pied-caoutchouc-set-2\/"},"modified":"2026-04-06T17:50:35","modified_gmt":"2026-04-06T17:50:35","slug":"atoutleve-pied-caoutchouc-set-2","status":"publish","type":"product","link":"https:\/\/gevelridder.nl\/fr\/produit\/atoutleve-pied-caoutchouc-set-2\/","title":{"rendered":"AtoutL\u00e8ve Pied Caoutchouc Set 2"},"content":{"rendered":"\n<h2 class=\"wp-block-heading\">AtoutL\u00e8ve Pied Caoutchouc Set 2<\/h2>\n\n\n\n<p>Remplace r\u00e9guli\u00e8rement le AtoutL\u00e8ve Pied Caoutchouc Set 2. Un chevalier sait mieux que quiconque \u00e0 quel point il est important de bien entretenir son \u00e9quipement, cela vaut aussi pour le AtoutL\u00e8ve Pied Caoutchouc Set 2. Cela d\u00e9pend souvent des d\u00e9tails. Ceci doit se faire aussi bien lors du contr\u00f4le annuel que pendant l\u2019utilisation de l\u2019AtoutL\u00e8ve. Chaque ann\u00e9e, tu dois faire contr\u00f4ler l\u2019AtoutL\u00e8ve. Avant d\u2019utiliser l\u2019AtoutL\u00e8ve, tu dois aussi contr\u00f4ler visuellement les pieds en caoutchouc. Quand le profil est us\u00e9, les pieds en caoutchouc doivent \u00eatre remplac\u00e9s des deux c\u00f4t\u00e9s, pour que l\u2019AtoutL\u00e8ve reste stable et ne puisse pas glisser.<\/p>\n\n\n\n<p>Le AtoutL\u00e8ve Pied Caoutchouc Set 2 convient pour les AtoutL\u00e8ve achet\u00e9s \u00e0 partir de 2022.<\/p>\n\n\n\n<p>Attention :<\/p>\n\n\n\n<p>Set 1 = AtoutL\u00e8ve achet\u00e9 avant 2021<\/p>\n\n\n\n<p>Set 2 = pour AtoutL\u00e8ve achet\u00e9 en 2022 ou apr\u00e8s<\/p>\n\n\n\n<p>Le set est disponible pour les AtoutL\u00e8ve suivants,&nbsp;<a href=\"https:\/\/gevelridder.nl\/fr\/product-categorie\/atoutleves\/\">clique ici<\/a>.<\/p>\n\n\n\n<p>Pour un AtoutL\u00e8ve, tu as besoin d\u2019un set !<\/p>\n\n\n\n<p>L\u2019AtoutL\u00e8ve est muni du marquage CE. AtoutL\u00e8ve est lui-m\u00eame fabricant de l\u2019AtoutL\u00e8ve et donc expert dans l\u2019attribution d\u2019un CE. Chaque ann\u00e9e, un expert doit contr\u00f4ler l\u2019AtoutL\u00e8ve.<\/p>\n\n\n\n<p>CE signifie \u00ab Conformit\u00e9 Europ\u00e9enne \u00bb. Le marquage CE est un label qui indique qu\u2019un produit r\u00e9pond aux exigences des directives europ\u00e9ennes. Les directives concernent les exigences l\u00e9gales en mati\u00e8re de s\u00e9curit\u00e9, sant\u00e9 et environnement.<\/p>\n\n\n\n<h2 class=\"wp-block-heading\">Objectif marquage CE AtoutL\u00e8ve Pied Caoutchouc Set 2<\/h2>\n\n\n\n<p>L\u2019objectif du marquage CE est de promouvoir la libre circulation des marchandises entre les \u00c9tats membres de l\u2019UE et l\u2019harmonisation de la l\u00e9gislation des pays de l\u2019UE en mati\u00e8re de s\u00e9curit\u00e9 et de sant\u00e9 des produits. Un produit avec le marquage CE a acc\u00e8s au march\u00e9 international en Europe. Le marquage CE \u2013 reconnaissable aux lettres C et E \u2013 doit figurer sur le produit ou sur une plaque signal\u00e9tique qui y est appos\u00e9e.<\/p>\n\n\n\n<h2 class=\"wp-block-heading\">Demander ou apposer le marquage CE<\/h2>\n\n\n\n<p>Il n\u2019est pas possible de demander le marquage CE, il est destin\u00e9 \u00e0 \u00eatre appos\u00e9 par les fabricants ou les importateurs eux-m\u00eames. Ce faisant, le fabricant ou l\u2019importateur d\u00e9clare que le produit r\u00e9pond aux exigences. Les produits pour lesquels il existe une directive europ\u00e9enne doivent toujours r\u00e9pondre \u00e0 la directive et \u00eatre munis du marquage CE. La mise sur le march\u00e9 du produit n\u2019est possible que si une \u00e9valuation de la conformit\u00e9 a \u00e9tabli que la directive est respect\u00e9e, un AtoutL\u00e8ve doit donc \u00e9galement avoir de bons caoutchoucs. Le fabricant ou l\u2019importateur d\u00e9clare avec une d\u00e9claration CE de conformit\u00e9 que le produit r\u00e9pond aux exigences et peut apposer le marquage CE.<\/p>\n\n\n\n<p><a href=\"https:\/\/kader-advies.nl\/begrippen\/ce-markering\/\">voir aussi.<\/a><\/p>\n","protected":false},"excerpt":{"rendered":"<p>Chers professionnels de l\u2019Ordre des Chevaliers, chers Chevaliers,<\/p>\n<p>Un chevalier sait mieux que quiconque \u00e0 quel point il est important de bien entretenir son \u00e9quipement. Cela d\u00e9pend souvent des d\u00e9tails. Il est donc important que les pieds en caoutchouc soient bien contr\u00f4l\u00e9s pour l\u2019usure lors du contr\u00f4le annuel. Ceci doit aussi \u00eatre bien contr\u00f4l\u00e9 avant d\u2019utiliser l\u2019AtoutL\u00e8ve. Quand le profil est us\u00e9, les pieds en caoutchouc doivent \u00eatre remplac\u00e9s des deux c\u00f4t\u00e9s, pour que l\u2019AtoutL\u00e8ve reste stable et ne puisse pas glisser.<\/p>\n<p>Attention :<\/p>\n<p>Set 1 = AtoutL\u00e8ve achet\u00e9 avant 2021<\/p>\n<p>Set 2 = pour AtoutL\u00e8ve achet\u00e9 en 2022 ou apr\u00e8s<\/p>\n<p>Pour un AtoutL\u00e8ve, tu as besoin d\u20191 set !<\/p>\n","protected":false},"featured_media":131756,"template":"","meta":{"_acf_changed":false,"_seopress_robots_primary_cat":"none","_seopress_titles_title":"","_seopress_titles_desc":"","_seopress_robots_index":""},"product_brand":[],"product_cat":[904],"product_tag":[997,1731],"class_list":{"0":"post-133668","1":"product","2":"type-product","3":"status-publish","4":"has-post-thumbnail","6":"product_cat-pieces-detachees","7":"product_tag-atoutleve","8":"product_tag-voetrubber","10":"first","11":"instock","12":"taxable","13":"shipping-taxable","14":"purchasable","15":"product-type-simple"},"acf":[],"_links":{"self":[{"href":"https:\/\/gevelridder.nl\/fr\/wp-json\/wp\/v2\/product\/133668","targetHints":{"allow":["GET"]}}],"collection":[{"href":"https:\/\/gevelridder.nl\/fr\/wp-json\/wp\/v2\/product"}],"about":[{"href":"https:\/\/gevelridder.nl\/fr\/wp-json\/wp\/v2\/types\/product"}],"wp:featuredmedia":[{"embeddable":true,"href":"https:\/\/gevelridder.nl\/fr\/wp-json\/wp\/v2\/media\/131756"}],"wp:attachment":[{"href":"https:\/\/gevelridder.nl\/fr\/wp-json\/wp\/v2\/media?parent=133668"}],"wp:term":[{"taxonomy":"product_brand","embeddable":true,"href":"https:\/\/gevelridder.nl\/fr\/wp-json\/wp\/v2\/product_brand?post=133668"},{"taxonomy":"product_cat","embeddable":true,"href":"https:\/\/gevelridder.nl\/fr\/wp-json\/wp\/v2\/product_cat?post=133668"},{"taxonomy":"product_tag","embeddable":true,"href":"https:\/\/gevelridder.nl\/fr\/wp-json\/wp\/v2\/product_tag?post=133668"}],"curies":[{"name":"wp","href":"https:\/\/api.w.org\/{rel}","templated":true}]}}