
{"id":133652,"date":"2026-03-24T11:35:38","date_gmt":"2026-03-24T11:35:38","guid":{"rendered":"https:\/\/gevelridder.nl\/product\/rallonge-atoutleve\/"},"modified":"2026-04-06T19:00:41","modified_gmt":"2026-04-06T19:00:41","slug":"rallonge-atoutleve","status":"publish","type":"product","link":"https:\/\/gevelridder.nl\/fr\/produit\/rallonge-atoutleve\/","title":{"rendered":"Rallonge ATOUTL\u00c8VE"},"content":{"rendered":"\n<h2 class=\"wp-block-heading\">Rallonge AtoutL\u00e8ve<\/h2>\n\n\n\n<p>La rallonge AtoutL\u00e8ve peut \u00eatre utilis\u00e9e pour l\u2019AtoutL\u00e8ve M.<\/p>\n\n\n\n<p>C\u2019est un produit id\u00e9al pour pouvoir lever jusqu\u2019au deuxi\u00e8me \u00e9tage.<\/p>\n\n\n\n<p>Gr\u00e2ce \u00e0 son format compact et r\u00e9tract\u00e9, ce type peut facilement \u00eatre transport\u00e9 dans une voiture ou une petite camionnette. L\u2019utilisation de l\u2019AtoutL\u00e8ve est recommand\u00e9e dans le catalogue des normes de s\u00e9curit\u00e9 et de sant\u00e9 au travail pour le vitrage. L\u2019utilisation de ce produit vous permet d\u2019avoir les mains libres pendant l\u2019installation et vous ne courez plus de danger dans les escaliers et sur les \u00e9chelles. Longueur de transport 2400 mm, largeur du pied 850 mm. Extensible jusqu\u2019\u00e0 4 m\u00e8tres en 2 parties (CMU 200 kg). Avec l\u2019utilisation de la troisi\u00e8me partie, extensible jusqu\u2019\u00e0 5850 mm (CMU 200 kg).<\/p>\n\n\n\n<h2 class=\"wp-block-heading\">Travailler sans la rallonge AtoutL\u00e8ve ?<\/h2>\n\n\n\n<p>Le levage est tr\u00e8s p\u00e9nible pour le corps, surtout si cela est fait souvent. Lors du levage d\u2019objets lourds, il existe un risque de dommages aux muscles du dos, aux bandes de tissu conjonctif autour de la colonne vert\u00e9brale ou aux disques intervert\u00e9braux. Plus on soul\u00e8ve lourd, plus le risque de dommages est grand. Mais le levage d\u2019objets l\u00e9gers peut \u00e9galement entra\u00eener des dommages, par exemple parce que cela doit se faire dans une position d\u00e9favorable (pench\u00e9, tourn\u00e9 ou avec les bras lev\u00e9s) ou en soulevant trop souvent de suite et avec trop peu de temps de r\u00e9cup\u00e9ration. Pour&nbsp;<a href=\"https:\/\/www.arboportaal.nl\/onderwerpen\/tillen-en-dragen\/wat-zijn-de-risico%E2%80%99s-van-tillen-en-dragen\" target=\"_blank\" rel=\"noreferrer noopener\">plus d\u2019informations.<\/a><\/p>\n\n\n\n<p>L\u2019AtoutL\u00e8ve te permet de r\u00e9aliser ton travail verticalement de mani\u00e8re efficace et s\u00fbre. Pour le transport horizontal, nous vous conseillons notre&nbsp;<a href=\"https:\/\/gevelridder.nl\/product\/glaskar-250-platenwagen\/\" target=\"_blank\" rel=\"noreferrer noopener\">chariot \u00e0 verre<\/a>. Comme ventouse, nous vous recommandons d\u2019acheter la&nbsp;<a href=\"https:\/\/gevelridder.nl\/fr\/product\/sirliftalot2-150kg-ventouses-a-pompe-3-0\/\">SirLiftAlot 2<\/a>&nbsp;ou&nbsp;<a href=\"https:\/\/gevelridder.nl\/fr\/product\/sirliftalot4-250-kg\/\">la SirliftAlot 4<\/a>.<\/p>\n\n\n\n<p><strong>DE:<\/strong>&nbsp;Facade Ritter, versenkbaren Hebevorrichtung alumium, bis 5.85 mtr 200 kg.<\/p>\n\n\n\n<p>Les prix n\u2019incluent pas les frais d\u2019exp\u00e9dition pour les clients en dehors des Pays-Bas et de la Belgique.<\/p>\n\n\n\n<p><strong>FR:<\/strong>&nbsp;Fa\u00e7ade Chevalier L\u2019\u00e9l\u00e9vateur de aluminium, sur 5.85 mtr, 200 kg.<\/p>\n\n\n\n<p>Les prix ne comprennent pas les frais de livraison pour les clients en dehors des Pays-Bas et de la Belgique.<\/p>\n\n\n\n<p><strong>UK:<\/strong>&nbsp;Sir LiftAlot, Facade Knight, Aluminium lifter up to 5.85 mtr, 200 kg.<\/p>\n\n\n\n<p>Les prix n\u2019incluent pas les frais d\u2019exp\u00e9dition pour les clients en dehors des Pays-Bas et de la Belgique.<\/p>\n","protected":false},"excerpt":{"rendered":"<p>Rallonge pour l\u2019AtoutL\u00e8ve M<\/p>\n","protected":false},"featured_media":131885,"template":"","meta":{"_acf_changed":false,"_seopress_robots_primary_cat":"none","_seopress_titles_title":"","_seopress_titles_desc":"","_seopress_robots_index":""},"product_brand":[],"product_cat":[904],"product_tag":[1033,943,1667,1087,1207,1321,1371,1275,1563,1051,1482,1021,1315,1024,1686,1687,1688,1689,1690,1212,1307],"class_list":{"0":"post-133652","1":"product","2":"type-product","3":"status-publish","4":"has-post-thumbnail","6":"product_cat-pieces-detachees","7":"product_tag-atoutleve-hybride-electrique","8":"product_tag-atoutleve-m","9":"product_tag-chassis-de-fenetre","10":"product_tag-elevateur","11":"product_tag-fleche","12":"product_tag-levage-de-verre","13":"product_tag-leve-grip","14":"product_tag-location-monte-verre","15":"product_tag-miroiterie-2","16":"product_tag-montage-verre","17":"product_tag-monte-echelle","18":"product_tag-monte-verre","19":"product_tag-monte-vitre","20":"product_tag-pose-de-verre","21":"product_tag-shopfitter","22":"product_tag-sirliftalot","23":"product_tag-suncreenlift","24":"product_tag-ventouse","25":"product_tag-viavac","26":"product_tag-vitrier-2","27":"product_tag-vitrier","28":"product_shipping_class-75-euros","30":"first","31":"instock","32":"taxable","33":"shipping-taxable","34":"purchasable","35":"product-type-simple"},"acf":[],"_links":{"self":[{"href":"https:\/\/gevelridder.nl\/fr\/wp-json\/wp\/v2\/product\/133652","targetHints":{"allow":["GET"]}}],"collection":[{"href":"https:\/\/gevelridder.nl\/fr\/wp-json\/wp\/v2\/product"}],"about":[{"href":"https:\/\/gevelridder.nl\/fr\/wp-json\/wp\/v2\/types\/product"}],"wp:featuredmedia":[{"embeddable":true,"href":"https:\/\/gevelridder.nl\/fr\/wp-json\/wp\/v2\/media\/131885"}],"wp:attachment":[{"href":"https:\/\/gevelridder.nl\/fr\/wp-json\/wp\/v2\/media?parent=133652"}],"wp:term":[{"taxonomy":"product_brand","embeddable":true,"href":"https:\/\/gevelridder.nl\/fr\/wp-json\/wp\/v2\/product_brand?post=133652"},{"taxonomy":"product_cat","embeddable":true,"href":"https:\/\/gevelridder.nl\/fr\/wp-json\/wp\/v2\/product_cat?post=133652"},{"taxonomy":"product_tag","embeddable":true,"href":"https:\/\/gevelridder.nl\/fr\/wp-json\/wp\/v2\/product_tag?post=133652"}],"curies":[{"name":"wp","href":"https:\/\/api.w.org\/{rel}","templated":true}]}}