
{"id":133644,"date":"2026-03-24T11:39:17","date_gmt":"2026-03-24T11:39:17","guid":{"rendered":"https:\/\/gevelridder.nl\/product\/atoutleve-special-version-gaine-dascenseur\/"},"modified":"2026-04-06T17:54:38","modified_gmt":"2026-04-06T17:54:38","slug":"atoutleve-special-version-gaine-dascenseur","status":"publish","type":"product","link":"https:\/\/gevelridder.nl\/fr\/produit\/atoutleve-special-version-gaine-dascenseur\/","title":{"rendered":"AtoutL\u00e8ve sp\u00e9cial : Version gaine d\u2019ascenseur"},"content":{"rendered":"\n<h2 class=\"wp-block-heading\">AtoutL\u00e8ve sp\u00e9cial : Version gaine d\u2019ascenseur<\/h2>\n\n\n\n<p>L\u2019AtoutL\u00e8ve sp\u00e9cial : Version gaine d\u2019ascenseur&nbsp;est \u00e9quip\u00e9 de crochets de s\u00e9curit\u00e9 sp\u00e9ciaux qui peuvent \u00eatre tourn\u00e9s sur le bord de la gaine. En combinaison avec un nouveau treuil l\u00e9ger, qui peut \u00eatre actionn\u00e9 avec une manivelle mais aussi avec une perceuse sans fil, c\u2019est un moyen de levage id\u00e9al \u00e0 utiliser dans une gaine d\u2019ascenseur. Le treuil est mont\u00e9 \u00e0 l\u2019ext\u00e9rieur de l\u2019AtoutL\u00e8ve, ce qui permet d\u2019avoir plus d\u2019espace de travail sous l\u2019AtoutL\u00e8ve. Cet AtoutL\u00e8ve est fabriqu\u00e9 sur mesure, le d\u00e9lai de livraison est d\u2019environ 2 semaines.<\/p>\n\n\n\n<p>C\u2019est un produit id\u00e9al pour soulever des objets lourds, aussi bien \u00e0 l\u2019int\u00e9rieur qu\u2019\u00e0 l\u2019ext\u00e9rieur. En utilisant l\u2019entretoise fournie, vous pouvez facilement le soulever par-dessus un appui de fen\u00eatre par exemple ou placer l\u2019AtoutL\u00e8ve \u00e0 une certaine distance du mur, afin de pouvoir y glisser un chariot \u00e0 verre. Une t\u00eate de fl\u00e8che (en option) peut \u00e9galement \u00eatre plac\u00e9e sur cet&nbsp;AtoutL\u00e8ve sp\u00e9cial : Version gaine d\u2019ascenseur, ce qui cr\u00e9e de l\u2019espace pour placer un \u00e9chafaudage roulant entre l\u2019AtoutL\u00e8ve et la fa\u00e7ade.<\/p>\n\n\n\n<p>Nouveau : le contrepoids au-dessus du crochet est prot\u00e9g\u00e9 par un manchon en caoutchouc pour prot\u00e9ger l\u2019objet que tu dois soulever.<\/p>\n\n\n\n<p>Gr\u00e2ce \u00e0 sa forme compacte et r\u00e9tract\u00e9e, ce type peut facilement \u00eatre emport\u00e9 dans une voiture ou une petite camionnette. . Longueur de transport 2400 mm, largeur du pied 850 mm. Extensible jusqu\u2019\u00e0 4 m\u00e8tres en 2 parties (CMU 200 kg). Avec l\u2019utilisation de la troisi\u00e8me partie extensible jusqu\u2019\u00e0 5850 mm (CMU 200 kg).<\/p>\n\n\n\n<p><strong>Attention : Lorsque tu travailles avec l\u2019AtoutL\u00e8ve, tu ne dois jamais te trouver sous la charge. En plus de la fixation des crochets, l\u2019AtoutL\u00e8ve dans une gaine d\u2019ascenseur doit \u00eatre fix\u00e9 \u00e0 l\u2019\u00e9tage avec une sangle de s\u00e9curit\u00e9.<\/strong><\/p>\n\n\n\n<h2 class=\"wp-block-heading\">Travailler avec l\u2019AtoutL\u00e8ve sp\u00e9cial : Version gaine d\u2019ascenseur.<\/h2>\n\n\n\n<p>Le levage est tr\u00e8s p\u00e9nible pour le corps, surtout si cela est fait souvent. Lors du levage d\u2019objets lourds, il existe un risque de dommages aux muscles du dos, aux bandes de tissu conjonctif autour de la colonne vert\u00e9brale ou aux disques intervert\u00e9braux. Plus on soul\u00e8ve lourd, plus le risque de dommages est grand. Mais le levage d\u2019objets l\u00e9gers peut \u00e9galement entra\u00eener des dommages, par exemple parce que cela doit se faire dans une position d\u00e9favorable (pench\u00e9, tourn\u00e9 ou avec les bras lev\u00e9s) ou en soulevant trop souvent de suite et avec trop peu de temps de r\u00e9cup\u00e9ration. Pour&nbsp;<a href=\"https:\/\/www.arboportaal.nl\/onderwerpen\/tillen-en-dragen\/wat-zijn-de-risico%E2%80%99s-van-tillen-en-dragen\" target=\"_blank\" rel=\"noreferrer noopener\">plus d\u2019informations.<\/a><\/p>\n\n\n\n<p>L\u2019AtoutL\u00e8ve te permet de r\u00e9aliser ton travail verticalement de mani\u00e8re efficace et s\u00fbre.<\/p>\n","protected":false},"excerpt":{"rendered":"<h2>AtoutL\u00e8ve sp\u00e9cial : Version gaine d\u2019ascenseur<\/h2>\n<p>L\u2019AtoutL\u00e8ve sp\u00e9cial : Version gaine d\u2019ascenseur\u00a0est \u00e9quip\u00e9 de crochets de s\u00e9curit\u00e9 sp\u00e9ciaux qui peuvent \u00eatre tourn\u00e9s sur le bord de la gaine. En combinaison avec un nouveau treuil l\u00e9ger, qui peut \u00eatre actionn\u00e9 avec une manivelle mais aussi avec une perceuse sans fil, c\u2019est un moyen de levage id\u00e9al \u00e0 utiliser dans une gaine d\u2019ascenseur. Le treuil est mont\u00e9 \u00e0 l\u2019ext\u00e9rieur de l\u2019AtoutL\u00e8ve, ce qui permet d\u2019avoir plus d\u2019espace de travail sous l\u2019AtoutL\u00e8ve. Cet AtoutL\u00e8ve est fabriqu\u00e9 sur mesure,\u00a0<strong>le d\u00e9lai de livraison est d\u2019environ 2 semaines.<\/strong><\/p>\n<p>Gr\u00e2ce \u00e0 sa forme compacte et r\u00e9tract\u00e9e, ce type peut facilement \u00eatre emport\u00e9 dans une voiture ou une petite camionnette. . Longueur de transport 2400 mm, largeur du pied 850 mm. Extensible jusqu\u2019\u00e0 4 m\u00e8tres en 2 parties (CMU 200 kg). Avec l\u2019utilisation de la troisi\u00e8me partie extensible jusqu\u2019\u00e0 5850 mm (CMU 200 kg).<\/p>\n<p><strong>Attention : Lorsque tu travailles avec l\u2019AtoutL\u00e8ve, tu ne dois jamais te trouver sous la charge. En plus de la fixation des crochets, l\u2019AtoutL\u00e8ve dans une gaine d\u2019ascenseur doit \u00eatre fix\u00e9 \u00e0 l\u2019\u00e9tage avec une sangle de s\u00e9curit\u00e9.<\/strong><\/p>\n","protected":false},"featured_media":132183,"template":"","meta":{"_acf_changed":false,"_seopress_robots_primary_cat":"none","_seopress_titles_title":"","_seopress_titles_desc":"","_seopress_robots_index":""},"product_brand":[],"product_cat":[888,889,909],"product_tag":[1033,943,1667,1087,1321,1408,1371,1402,1275,1563,1574,1568,1586,1051,1482,1021,1315,1024,1686,1687,1688,1689,1690,1212,1307],"class_list":{"0":"post-133644","1":"product","2":"type-product","3":"status-publish","4":"has-post-thumbnail","6":"product_cat-atoutleve","7":"product_cat-atoutleves","8":"product_cat-speciaux","9":"product_tag-atoutleve-hybride-electrique","10":"product_tag-atoutleve-m","11":"product_tag-chassis-de-fenetre","12":"product_tag-elevateur","13":"product_tag-levage-de-verre","14":"product_tag-levage-onduleur-panneaux-solaires","15":"product_tag-leve-grip","16":"product_tag-lever-climatiseur","17":"product_tag-location-monte-verre","18":"product_tag-miroiterie-2","19":"product_tag-montage-climatisation","20":"product_tag-montage-onduleur","21":"product_tag-montage-store","22":"product_tag-montage-verre","23":"product_tag-monte-echelle","24":"product_tag-monte-verre","25":"product_tag-monte-vitre","26":"product_tag-pose-de-verre","27":"product_tag-shopfitter","28":"product_tag-sirliftalot","29":"product_tag-suncreenlift","30":"product_tag-ventouse","31":"product_tag-viavac","32":"product_tag-vitrier-2","33":"product_tag-vitrier","34":"product_shipping_class-atoutleve-m","36":"first","37":"onbackorder","38":"taxable","39":"shipping-taxable","40":"purchasable","41":"product-type-simple"},"acf":[],"_links":{"self":[{"href":"https:\/\/gevelridder.nl\/fr\/wp-json\/wp\/v2\/product\/133644","targetHints":{"allow":["GET"]}}],"collection":[{"href":"https:\/\/gevelridder.nl\/fr\/wp-json\/wp\/v2\/product"}],"about":[{"href":"https:\/\/gevelridder.nl\/fr\/wp-json\/wp\/v2\/types\/product"}],"wp:featuredmedia":[{"embeddable":true,"href":"https:\/\/gevelridder.nl\/fr\/wp-json\/wp\/v2\/media\/132183"}],"wp:attachment":[{"href":"https:\/\/gevelridder.nl\/fr\/wp-json\/wp\/v2\/media?parent=133644"}],"wp:term":[{"taxonomy":"product_brand","embeddable":true,"href":"https:\/\/gevelridder.nl\/fr\/wp-json\/wp\/v2\/product_brand?post=133644"},{"taxonomy":"product_cat","embeddable":true,"href":"https:\/\/gevelridder.nl\/fr\/wp-json\/wp\/v2\/product_cat?post=133644"},{"taxonomy":"product_tag","embeddable":true,"href":"https:\/\/gevelridder.nl\/fr\/wp-json\/wp\/v2\/product_tag?post=133644"}],"curies":[{"name":"wp","href":"https:\/\/api.w.org\/{rel}","templated":true}]}}