
{"id":133576,"date":"2026-03-24T08:17:08","date_gmt":"2026-03-24T08:17:08","guid":{"rendered":"https:\/\/gevelridder.nl\/product\/atoutleve-set-basic-150kg\/"},"modified":"2026-04-06T17:52:33","modified_gmt":"2026-04-06T17:52:33","slug":"set-atoutleve-150kg","status":"publish","type":"product","link":"https:\/\/gevelridder.nl\/fr\/produit\/set-atoutleve-150kg\/","title":{"rendered":"AtoutL\u00e8ve Set BASIC 150kg"},"content":{"rendered":"\n<h2 class=\"wp-block-heading\">Set AtoutL\u00e8ve 150kg<\/h2>\n\n\n\n<p>Avec ce set AtoutL\u00e8ve 150kg, vous avez tout pour placer et transporter du verre, des ch\u00e2ssis, des stores, etc. jusqu\u2019\u00e0 5,8 m de hauteur et un poids maximal de 150 kg. De plus, ce set est tr\u00e8s ergonomique, compact, l\u00e9ger et donc facile \u00e0 emporter sur le chantier.<\/p>\n\n\n\n<p>Ce set comprend :<\/p>\n\n\n\n<p>L\u2019<a href=\"https:\/\/gevelridder.nl\/gevelridder-m-hybride-milieu\/\">AtoutL\u00e8ve M hybride :<br><\/a>Facile \u00e0 transporter. Repli\u00e9 2,4 m, d\u00e9ploy\u00e9 presque 4 m et avec le tube d\u2019extension suppl\u00e9mentaire, il peut s\u2019\u00e9tendre jusqu\u2019\u00e0 5,8 m de hauteur. Avec le\u00a0<strong>support d\u2019extension<\/strong>\u00a0suppl\u00e9mentaire, il peut aussi \u00eatre utilis\u00e9 pour soulever des panneaux d\u2019\u00e9chafaudages ou les d\u00e9charger du v\u00e9hicule.<\/p>\n\n\n\n<p>Le&nbsp;<a href=\"https:\/\/gevelridder.nl\/fr\/product\/sirliftalot2-150kg-ventouses-a-pompe-3-0\/\">SirLiftAlot 2<\/a>&nbsp;: un cadre de levage et d\u2019aspiration en aluminium l\u00e9ger, que tu peux utiliser dans 3 positions, pense par exemple aux toits de v\u00e9randa. L\u2019aspirateur fonctionne avec deux ventouses de bordure, donc d\u00e8s que tu veux soulever \u00e0 plus de 1,8 m (rez-de-chauss\u00e9e), tu dois utiliser une protection antichute, mais les supports de fixation sont \u00e9galement pr\u00e9sents pour cela.<\/p>\n\n\n\n<p>Le <a href=\"https:\/\/gevelridder.nl\/fr\/product\/chariot-a-vitres-et-chariot-a-panneaux-150kg-2-0\/\">Chariot \u00e0 vitres en aluminium \u00e0 essieu simple 150 kg<\/a>. Il a aussi un poids propre de 10 kg, le cadre fait 1000\u00d71000 mm, la rehausse 200 mm, 150 kg maximum.<\/p>\n\n\n\n<p><strong>Et une\u00a0<\/strong><a href=\"https:\/\/gevelridder.nl\/fr\/product\/serre-joint-alu-pour-chariot-a-vitres\/\">PINCE DE SERRAGE<\/a><strong>\u00a0!<\/strong><\/p>\n\n\n\n<h2 class=\"wp-block-heading\">\u00c9vitez les maux de dos avec le Set AtoutL\u00e8ve 150 kg<\/h2>\n\n\n\n<p>\u00c9vitez les maux de dos avec AtoutL\u00e8ve, vous pouvez efficacement et avec le dos droit monter facilement du verre, des fen\u00eatres et des portes. Vous pouvez aussi facilement installer des stores. L\u2019AtoutL\u00e8ve est facile \u00e0 transporter et l\u00e9ger. Les professionnels qui utilisent ces produits sont satisfaits. \u00ab&nbsp;Le soir, plus besoin de s\u2019allonger sur le canap\u00e9 avec des douleurs au dos, mais profiter pleinement de la vie.&nbsp;\u00bb<\/p>\n\n\n\n<h2 class=\"wp-block-heading\">Posture de travail malsaine et maux de dos<\/h2>\n\n\n\n<h3 class=\"wp-block-heading\">Pr\u00e9vention des maux de dos avec le Set AtoutL\u00e8ve 150kg<\/h3>\n\n\n\n<p>Chez AtoutL\u00e8ve, il ne s\u2019agit pas de vendre nos beaux produits, NON, nous nous soucions de la sant\u00e9 de nos clients, que nous appelons en plaisantant nos patients. Souvent, ce sont les petites choses de la vie qui font la diff\u00e9rence. \u00c9conomiser sur un petit investissement peut souvent influencer n\u00e9gativement et drastiquement la vie d\u2019un monteur. Les employ\u00e9s qui travaillent souvent ou longtemps dans des postures malsaines ont plus de risques de d\u00e9velopper des probl\u00e8mes (permanents) ou des maladies professionnelles des muscles, tendons, ligaments ou articulations. Pensez aux postures malsaines comme travailler courb\u00e9, avec les bras lev\u00e9s ou \u00e0 genoux. Cela met les muscles et les tendons sous tension prolong\u00e9e ou forte. Les postures qui impliquent une position extr\u00eame des articulations peuvent \u00e9galement causer des tensions sur les tendons, ligaments et muscles.<\/p>\n\n\n\n<h3 class=\"wp-block-heading\">Portail Arbo et AtoutL\u00e8ve<\/h3>\n\n\n\n<p>Ainsi, travailler dans des postures malsaines peut entra\u00eener de la fatigue, voire des dommages. C\u2019est pourquoi il est important de limiter autant que possible cette forme de charge physique. Les employeurs sont tenus de prendre des mesures pour que les employ\u00e9s puissent travailler autant que possible dans de bonnes postures. Voir aussi :&nbsp;<a href=\"https:\/\/www.arboportaal.nl\/onderwerpen\/werkhoudingen\">https:\/\/www.arboportaal.nl\/onderwerpen\/werkhoudingen<\/a><\/p>\n\n\n\n<p>Avec les outils d\u2019AtoutL\u00e8ve, les clients deviennent aussi plus conscients du travail qu\u2019ils font. Est-ce que je pourrai encore faire ce travail dans 10 ans si j\u2019ai constamment mal au dos ? C\u2019est pourquoi AtoutL\u00e8ve ! Aller au travail avec plaisir.<\/p>\n\n\n\n<h2 class=\"wp-block-heading\">P\u00e9nurie de personnel due aux maux de dos, utilisez le Set AtoutL\u00e8ve 150kg<\/h2>\n\n\n\n<p>Les employeurs tirent la sonnette d\u2019alarme depuis des ann\u00e9es concernant la p\u00e9nurie de personnel. Une des solutions est de ne pas se concentrer en tant qu\u2019entrepreneur sur la quantit\u00e9, mais sur la qualit\u00e9 du travail du personnel. AtoutL\u00e8ve joue un r\u00f4le important dans ce domaine. En travaillant de mani\u00e8re s\u00fbre, efficace mais aussi ergonomique sur le lieu de travail, le professionnel aura non seulement plus de plaisir dans son travail, mais les maux de dos et donc l\u2019absent\u00e9isme diminueront.<\/p>\n","protected":false},"excerpt":{"rendered":"<p><b>\u2714<\/b>\u00a0<strong>Bel ensemble complet :<\/strong><\/p>\n<ol>\n<li>\n<ol>\n<li>AtoutL\u00e8ve Hybride M<\/li>\n<li>Tube d\u2019extension<\/li>\n<li>Entretoise<\/li>\n<li>Chariot \u00e0 vitres 150 kg (essieu simple)<\/li>\n<li>Deux pinces de serrage en aluminium<\/li>\n<li>SirLiftAlot 2 WLL 150 kg<\/li>\n<\/ol>\n<\/li>\n<\/ol>\n<p><strong>\u2714\u00a0L\u00e9ger, facile \u00e0 transporter dans la camionnette.<\/strong><\/p>\n<p><strong>\u2714\u00a0<\/strong><strong>Longueur de transport 2400 mm.<\/strong><\/p>\n<p><strong>\u2714\u00a0<\/strong><strong>Extensible jusqu\u2019\u00e0 5850 mm maximum.<\/strong><\/p>\n","protected":false},"featured_media":131489,"template":"","meta":{"_acf_changed":false,"_seopress_robots_primary_cat":"none","_seopress_titles_title":"","_seopress_titles_desc":"","_seopress_robots_index":""},"product_brand":[],"product_cat":[908],"product_tag":[997,1471,1390,1051,1399,1728],"class_list":{"0":"post-133576","1":"product","2":"type-product","3":"status-publish","4":"has-post-thumbnail","6":"product_cat-sets-avantageux","7":"product_tag-atoutleve","8":"product_tag-chassis","9":"product_tag-levage-2","10":"product_tag-montage-verre","11":"product_tag-palan","12":"product_tag-set","13":"product_shipping_class-atoutleve-m","15":"first","16":"instock","17":"sale","18":"taxable","19":"shipping-taxable","20":"purchasable","21":"product-type-simple"},"acf":[],"_links":{"self":[{"href":"https:\/\/gevelridder.nl\/fr\/wp-json\/wp\/v2\/product\/133576","targetHints":{"allow":["GET"]}}],"collection":[{"href":"https:\/\/gevelridder.nl\/fr\/wp-json\/wp\/v2\/product"}],"about":[{"href":"https:\/\/gevelridder.nl\/fr\/wp-json\/wp\/v2\/types\/product"}],"wp:featuredmedia":[{"embeddable":true,"href":"https:\/\/gevelridder.nl\/fr\/wp-json\/wp\/v2\/media\/131489"}],"wp:attachment":[{"href":"https:\/\/gevelridder.nl\/fr\/wp-json\/wp\/v2\/media?parent=133576"}],"wp:term":[{"taxonomy":"product_brand","embeddable":true,"href":"https:\/\/gevelridder.nl\/fr\/wp-json\/wp\/v2\/product_brand?post=133576"},{"taxonomy":"product_cat","embeddable":true,"href":"https:\/\/gevelridder.nl\/fr\/wp-json\/wp\/v2\/product_cat?post=133576"},{"taxonomy":"product_tag","embeddable":true,"href":"https:\/\/gevelridder.nl\/fr\/wp-json\/wp\/v2\/product_tag?post=133576"}],"curies":[{"name":"wp","href":"https:\/\/api.w.org\/{rel}","templated":true}]}}