
{"id":133532,"date":"2026-03-24T11:33:32","date_gmt":"2026-03-24T11:33:32","guid":{"rendered":"https:\/\/gevelridder.nl\/product\/atoutleve-s-nautic\/"},"modified":"2026-04-13T14:53:50","modified_gmt":"2026-04-13T14:53:50","slug":"atoutleve-s-nautic","status":"publish","type":"product","link":"https:\/\/gevelridder.nl\/fr\/produit\/atoutleve-s-nautic\/","title":{"rendered":"AtoutL\u00e8ve S Nautic"},"content":{"rendered":"\n<h2 class=\"wp-block-heading\">AtoutL\u00e8ve S Nautic<\/h2>\n\n\n\n<p>L\u2019AtoutL\u00e8ve S Nautic est un appareil compact et simple avec un syst\u00e8me de levage sp\u00e9cialement con\u00e7u pour remplacer les vitres et les hublots lourds en mer.<\/p>\n\n\n\n<p>Sur le pont comme \u00e0 l\u2019int\u00e9rieur, nous devons composer avec un espace limit\u00e9. Avec l\u2019AtoutL\u00e8ve Nautic, il y a plus d\u2019espace pour placer notre chariot \u00e0 verre. La connexion et le contrepoids de l\u2019AtoutL\u00e8ve Nautic sont prot\u00e9g\u00e9s par du caoutchouc et donc plus r\u00e9sistants \u00e0 l\u2019eau de mer.<\/p>\n\n\n\n<h2 class=\"wp-block-heading\">Quel AtoutL\u00e8ve S Nautic utiliser dans quelle situation ?<\/h2>\n\n\n\n<ol class=\"wp-block-list\">\n<li><a href=\"https:\/\/gevelridder.nl\/nieuws\/gevelridder-2-0-serie\/\">AtoutL\u00e8ve M Hybride<\/a>&nbsp;L\u2019AtoutL\u00e8ve M est l\u2019AtoutL\u00e8ve le plus vendu, avec une longueur de transport de 2,4 m\u00e8tres, utilisable tant \u00e0 l\u2019int\u00e9rieur qu\u2019\u00e0 l\u2019ext\u00e9rieur. Avec l\u2019extension fournie, tu peux installer une vitre au premier \u00e9tage. La longueur maximale extensible est de 5,9 m\u00e8tres.<\/li>\n\n\n\n<li><a href=\"https:\/\/gevelridder.nl\/fr\/produit\/atoutleve-l-sans-tete\/\">AtoutL\u00e8ve L<\/a>\u00a0L\u2019AtoutL\u00e8ve L a une longueur repli\u00e9e de 5,25 m\u00e8tres et une longueur d\u00e9ploy\u00e9e de 9,5 m\u00e8tres. Cet AtoutL\u00e8ve l\u00e9ger peut \u00eatre utilis\u00e9 pour installer du verre jusqu\u2019au deuxi\u00e8me \u00e9tage. La t\u00eate d\u2019un AtoutL\u00e8ve M s\u2019adapte sur cet AtoutL\u00e8ve. Tu peux \u00e9galement y placer la\u00a0<a href=\"https:\/\/gevelridder.nl\/fr\/produit\/fleche-hybride-atoutleve\/\">t\u00eate de fl\u00e8che<\/a>\u00a0pour en faire un AtoutL\u00e8ve XL.<\/li>\n\n\n\n<li><a href=\"https:\/\/gevelridder.nl\/fr\/?post_type=product&amp;p=129020\">AtoutL\u00e8ve Nautic<\/a>&nbsp;est id\u00e9al pour une utilisation dans les espaces restreints. Comme le treuil est fix\u00e9 \u00e0 l\u2019ext\u00e9rieur, tu as plus d\u2019espace pour travailler entre l\u2019AtoutL\u00e8ve et le mur. La longueur repli\u00e9e est de 1,66 m\u00e8tre et la hauteur d\u00e9ploy\u00e9e maximale est de 2,47 m\u00e8tres.<\/li>\n<\/ol>\n\n\n\n<h2 class=\"wp-block-heading\">Dans le catalogue de s\u00e9curit\u00e9<\/h2>\n\n\n\n<p>Tu fixes la charge (l\u2019objet) au crochet de levage et tu la mets en mouvement en tournant le treuil. Ainsi, tu am\u00e8nes l\u2019objet sans probl\u00e8me jusqu\u2019au lieu de travail. Gr\u00e2ce \u00e0 sa forme compacte et r\u00e9tract\u00e9e, ce type peut facilement \u00eatre emport\u00e9 dans une voiture ou une petite camionnette. L\u2019AtoutL\u00e8ve S Nautic est recommand\u00e9 dans le&nbsp;<a href=\"https:\/\/arbocatalogus-vlakglas.nl\/\">catalogue de s\u00e9curit\u00e9 pour la pose de vitres<\/a>.<\/p>\n\n\n\n<h2 class=\"wp-block-heading\">Profite longtemps de ton AtoutL\u00e8ve<\/h2>\n\n\n\n<p>Le c\u00e2ble d\u2019un AtoutL\u00e8ve doit g\u00e9n\u00e9ralement \u00eatre remplac\u00e9 en premier. Cela arrive souvent car le c\u00e2ble est enroul\u00e9 sans charge et sans soin. Des boucles peuvent ainsi se former dans le tambour. Lorsque le c\u00e2ble est \u00e0 nouveau mis sous tension, il peut s\u2019endommager. Notre conseil est donc d\u2019enrouler le c\u00e2ble de mani\u00e8re tendue et avec attention.<\/p>\n\n\n\n<p>Tu cherches un type sp\u00e9cifique d\u2019AtoutL\u00e8ve ou une application particuli\u00e8re ? Consulte ce site web ou contacte-nous.<\/p>\n","protected":false},"excerpt":{"rendered":"<p class=\"ai-optimize-29\">Avec une\u00a0<strong>hauteur de travail maximale de 2,4 m\u00e8tres<\/strong>\u00a0et une\u00a0<strong>longueur de transport de seulement 1,6 m\u00e8tre<\/strong>, tu man\u0153uvres facilement le Nautica \u00e0 travers les coursives \u00e9troites, les salles des machines ou entre les \u00e9chafaudages. Malgr\u00e9 sa taille, il offre des performances optimales, exactement comme tu peux l\u2019attendre d\u2019un AtoutL\u00e8ve.<\/p>\n<p class=\"ai-optimize-34\"><b>\u2714\u00a0<\/b><strong>Pour le levage de vitres de navire, installations, etc.<\/strong><\/p>\n<p class=\"ai-optimize-35\"><b>\u2714\u00a0<\/b><strong>Pour les espaces restreints.<\/strong><\/p>\n<p class=\"ai-optimize-37\"><strong>\u2714\u00a0R\u00e9glable en hauteur<\/strong><strong>.<\/strong><\/p>\n<p class=\"ai-optimize-38\"><strong>\u2714\u00a0L\u00e9ger (15 kg).<\/strong><\/p>\n<p class=\"ai-optimize-39\"><strong>\u2714\u00a0<\/strong><strong>Longueur de transport 166 cm.<\/strong><\/p>\n<p class=\"ai-optimize-40\"><strong>\u2714\u00a0Hauteur de crochet max.\u00a0<\/strong><strong>216 cm.<\/strong><\/p>\n<p class=\"ai-optimize-41\"><strong>\u2714\u00a0<\/strong><strong>CMU 250 kg.<\/strong><\/p>\n<p class=\"ai-optimize-42\"><strong>\u2714\u00a0<\/strong><strong>Treuil \u00e0 manivelle.<\/strong><\/p>\n<p class=\"ai-optimize-43\"><strong>\u2714\u00a0<\/strong><strong>Avec entretoise (PI).<\/strong><\/p>\n<p class=\"ai-optimize-44\"><strong>\u2714\u00a0<\/strong><strong>Sans \u00e9missions.<\/strong><\/p>\n<p class=\"ai-optimize-30\">Que tu travailles sur un navire ou dans une cage d\u2019escalier \u00e9troite, le\u00a0<strong>Nautica<\/strong>\u00a0est ton partenaire fiable pour le levage dans les endroits difficiles d\u2019acc\u00e8s.<\/p>\n","protected":false},"featured_media":131853,"template":"","meta":{"_acf_changed":false,"_seopress_robots_primary_cat":"none","_seopress_titles_title":"","_seopress_titles_desc":"","_seopress_robots_index":""},"product_brand":[],"product_cat":[888,889],"product_tag":[1696,997,1589,1087,1423,1321,1318,1275,1551,1563,1152,1485,1482,1021,1315,1592,1491,1381,1724,1687,1689,1358,1307,1212],"class_list":{"0":"post-133532","1":"product","2":"type-product","3":"status-publish","4":"has-post-thumbnail","6":"product_cat-atoutleve","7":"product_cat-atoutleves","8":"product_tag-aluminiumlift","9":"product_tag-atoutleve","10":"product_tag-deplaceurs","11":"product_tag-elevateur","12":"product_tag-hissage","13":"product_tag-levage-de-verre","14":"product_tag-leve-verre","15":"product_tag-location-monte-verre","16":"product_tag-mini-grues","17":"product_tag-miroiterie-2","18":"product_tag-monte-charge-naval","19":"product_tag-monte-echelle-3","20":"product_tag-monte-echelle","21":"product_tag-monte-verre","22":"product_tag-monte-vitre","23":"product_tag-nautique","24":"product_tag-palan-dechelle","25":"product_tag-sante-et-securite","26":"product_tag-schepen","27":"product_tag-sirliftalot","28":"product_tag-ventouse","29":"product_tag-vie-de-vitrier-2","30":"product_tag-vitrier","31":"product_tag-vitrier-2","32":"product_shipping_class-atoutleve-m","34":"first","35":"instock","36":"taxable","37":"shipping-taxable","38":"purchasable","39":"product-type-simple"},"acf":[],"_links":{"self":[{"href":"https:\/\/gevelridder.nl\/fr\/wp-json\/wp\/v2\/product\/133532","targetHints":{"allow":["GET"]}}],"collection":[{"href":"https:\/\/gevelridder.nl\/fr\/wp-json\/wp\/v2\/product"}],"about":[{"href":"https:\/\/gevelridder.nl\/fr\/wp-json\/wp\/v2\/types\/product"}],"wp:featuredmedia":[{"embeddable":true,"href":"https:\/\/gevelridder.nl\/fr\/wp-json\/wp\/v2\/media\/131853"}],"wp:attachment":[{"href":"https:\/\/gevelridder.nl\/fr\/wp-json\/wp\/v2\/media?parent=133532"}],"wp:term":[{"taxonomy":"product_brand","embeddable":true,"href":"https:\/\/gevelridder.nl\/fr\/wp-json\/wp\/v2\/product_brand?post=133532"},{"taxonomy":"product_cat","embeddable":true,"href":"https:\/\/gevelridder.nl\/fr\/wp-json\/wp\/v2\/product_cat?post=133532"},{"taxonomy":"product_tag","embeddable":true,"href":"https:\/\/gevelridder.nl\/fr\/wp-json\/wp\/v2\/product_tag?post=133532"}],"curies":[{"name":"wp","href":"https:\/\/api.w.org\/{rel}","templated":true}]}}