
{"id":133460,"date":"2026-03-24T11:44:02","date_gmt":"2026-03-24T11:44:02","guid":{"rendered":"https:\/\/gevelridder.nl\/product\/atoutleve-lg-avec-fleche\/"},"modified":"2026-04-06T17:46:19","modified_gmt":"2026-04-06T17:46:19","slug":"atoutleve-lg-avec-fleche","status":"publish","type":"product","link":"https:\/\/gevelridder.nl\/fr\/produit\/atoutleve-lg-avec-fleche\/","title":{"rendered":"ATOUTL\u00c8VE LG (avec fl\u00e8che)"},"content":{"rendered":"\n<h2 class=\"wp-block-heading\">AtoutL\u00e8ve LG avec fl\u00e8che<\/h2>\n\n\n\n<p>Avec l\u2019AtoutL\u00e8ve LG avec fl\u00e8che, tu peux placer du verre, des ch\u00e2ssis, des climatiseurs, etc. jusqu\u2019au deuxi\u00e8me \u00e9tage par-dessus les \u00e9chafaudages.<\/p>\n\n\n\n<p>Avec cet appareil de levage pratique, les objets lourds dans un environnement ext\u00e9rieur comme le verre et les ch\u00e2ssis peuvent \u00eatre facilement hiss\u00e9s. Tu fixes la charge au crochet de levage et tu la mets en mouvement en tournant le treuil. Le treuil peut aussi \u00eatre entra\u00een\u00e9 avec une perceuse sans fil. Lever jusqu\u2019\u00e0 8,978 m1 de haut (axe du rouleau).<\/p>\n\n\n\n<h2 class=\"wp-block-heading\">Accessoires AtoutL\u00e8ve LG avec fl\u00e8che<\/h2>\n\n\n\n<p>Comme accessoires, tu peux utiliser la t\u00eate de l\u2019AtoutL\u00e8ve M Hybride.<\/p>\n\n\n\n<h2 class=\"wp-block-heading\">Risques du travail sans aide au levage<\/h2>\n\n\n\n<p>Soulever est tr\u00e8s contraignant pour le corps, surtout quand c\u2019est fait souvent. Lors du levage d\u2019objets lourds, il y a un risque d\u2019endommagement des muscles du dos, des ligaments du tissu conjonctif autour de la colonne vert\u00e9brale ou des disques intervert\u00e9braux. Plus tu soul\u00e8ves lourd, plus le risque de dommage est grand. Mais m\u00eame soulever des objets l\u00e9gers peut causer des dommages, par exemple parce que cela doit se faire dans une position d\u00e9favorable (se pencher, tourner ou avec les bras lev\u00e9s) ou en soulevant trop souvent de suite et avec trop peu de temps de r\u00e9cup\u00e9ration. Pour plus d\u2019informations :&nbsp;<a href=\"https:\/\/www.arboportaal.nl\/\" target=\"_blank\" rel=\"noreferrer noopener\">ArboPortal<\/a>.<\/p>\n\n\n\n<p>Tu cherches un type sp\u00e9cifique d\u2019AtoutL\u00e8ve ? Contacte-nous.<\/p>\n\n\n\n<p>L\u2019AtoutL\u00e8ve fait en sorte que tu accomplisses ton travail vertical de mani\u00e8re efficace et s\u00fbre. Nous recommandons le&nbsp;<a href=\"https:\/\/gevelridder.nl\/product\/glaskar-250-platenwagen\/\">Chariot \u00e0 vitres de 250 kg<\/a>&nbsp;pour le transport horizontal. Comme ventouse, il est pr\u00e9f\u00e9rable d\u2019acheter le&nbsp;<a href=\"https:\/\/gevelridder.nl\/fr\/product\/sirliftalot4-250-kg\/\">Sir LiftAlot4<\/a>&nbsp;\u2013 AtoutL\u00e8ve.<\/p>\n","protected":false},"excerpt":{"rendered":"<p><b>\u2714\u00a0<\/b><strong>Pour lever du verre, des stores, des installations, etc.<\/strong><\/p>\n<p><b>\u2714\u00a0<\/b><strong>Avec t\u00eate de fl\u00e8che pour travailler par-dessus les \u00e9chafaudages.<\/strong><\/p>\n<p><strong>\u2714\u00a0Pour utilisation jusqu\u2019au deuxi\u00e8me \u00e9tage<\/strong><strong>.<\/strong><\/p>\n<p><strong>\u2714\u00a0<\/strong><strong>D\u00e9ploiement rapide, avec diff\u00e9rentes options.<\/strong><\/p>\n<p><strong>\u2714\u00a0R\u00e9glable en hauteur<\/strong><strong>.<\/strong><\/p>\n<p><strong>\u2714\u00a0<\/strong><strong>Longueur de transport 540 cm.<\/strong><\/p>\n<p><strong>\u2714\u00a0<\/strong><strong>Extensible au maximum jusqu\u2019\u00e0 890 cm.<\/strong><\/p>\n<p><strong>\u2714<\/strong>\u00a0<strong>WLL250.<\/strong><\/p>\n<p><strong>\u2714<\/strong>\u00a0<strong>Treuil avec manivelle.<\/strong><\/p>\n<p><strong>\u2714<\/strong>\u00a0<strong>Le treuil peut \u00eatre enroul\u00e9 avec une perceuse sans fil.<\/strong><\/p>\n<p><strong>\u2714\u00a0<\/strong><strong>Sans \u00e9missions.<\/strong><\/p>\n<p>\u2660\u00a0<strong>attention : petite t\u00eate non incluse.<\/strong><\/p>\n<p>(T\u00eate de fl\u00e8che incluse, si tu as d\u00e9j\u00e0 un AtoutL\u00e8ve M Hybride, cette t\u00eate s\u2019adapte aussi sur l\u2019AtoutL\u00e8ve LG)<\/p>\n","protected":false},"featured_media":132482,"template":"","meta":{"_acf_changed":false,"_seopress_robots_primary_cat":"none","_seopress_titles_title":"","_seopress_titles_desc":"","_seopress_robots_index":""},"product_brand":[],"product_cat":[888,889],"product_tag":[1696,1697,1000,1667,1087,1318,1402,1405,1275,1482,1488,1021,1577,1599,1491,1698,1687,1699,1700,1701,1307,1212,1702,1703,1704],"class_list":{"0":"post-133460","1":"product","2":"type-product","3":"status-publish","4":"has-post-thumbnail","6":"product_cat-atoutleve","7":"product_cat-atoutleves","8":"product_tag-aluminiumlift","9":"product_tag-arbovriendelijk","10":"product_tag-atoutleve-l","11":"product_tag-chassis-de-fenetre","12":"product_tag-elevateur","13":"product_tag-leve-verre","14":"product_tag-lever-climatiseur","15":"product_tag-lever-onduleur-panneau-solaire","16":"product_tag-location-monte-verre","17":"product_tag-monte-echelle","18":"product_tag-monte-echelle-2","19":"product_tag-monte-verre","20":"product_tag-monter-climatiseur","21":"product_tag-onduleurs","22":"product_tag-palan-dechelle","23":"product_tag-ruit-plaatsen","24":"product_tag-sirliftalot","25":"product_tag-sunscreenlift","26":"product_tag-tilhulp","27":"product_tag-tweede-verdieping","28":"product_tag-vitrier","29":"product_tag-vitrier-2","30":"product_tag-volandis","31":"product_tag-windowframelift","32":"product_tag-zonwering-ophangen","33":"product_shipping_class-atoutleve-l","35":"first","36":"instock","37":"taxable","38":"shipping-taxable","39":"purchasable","40":"product-type-simple"},"acf":[],"_links":{"self":[{"href":"https:\/\/gevelridder.nl\/fr\/wp-json\/wp\/v2\/product\/133460","targetHints":{"allow":["GET"]}}],"collection":[{"href":"https:\/\/gevelridder.nl\/fr\/wp-json\/wp\/v2\/product"}],"about":[{"href":"https:\/\/gevelridder.nl\/fr\/wp-json\/wp\/v2\/types\/product"}],"wp:featuredmedia":[{"embeddable":true,"href":"https:\/\/gevelridder.nl\/fr\/wp-json\/wp\/v2\/media\/132482"}],"wp:attachment":[{"href":"https:\/\/gevelridder.nl\/fr\/wp-json\/wp\/v2\/media?parent=133460"}],"wp:term":[{"taxonomy":"product_brand","embeddable":true,"href":"https:\/\/gevelridder.nl\/fr\/wp-json\/wp\/v2\/product_brand?post=133460"},{"taxonomy":"product_cat","embeddable":true,"href":"https:\/\/gevelridder.nl\/fr\/wp-json\/wp\/v2\/product_cat?post=133460"},{"taxonomy":"product_tag","embeddable":true,"href":"https:\/\/gevelridder.nl\/fr\/wp-json\/wp\/v2\/product_tag?post=133460"}],"curies":[{"name":"wp","href":"https:\/\/api.w.org\/{rel}","templated":true}]}}