
{"id":133448,"date":"2026-03-24T11:35:38","date_gmt":"2026-03-24T11:35:38","guid":{"rendered":"https:\/\/gevelridder.nl\/product\/tete-hybride-atoutleve\/"},"modified":"2026-04-06T19:10:18","modified_gmt":"2026-04-06T19:10:18","slug":"tete-hybride-atoutleve","status":"publish","type":"product","link":"https:\/\/gevelridder.nl\/fr\/produit\/tete-hybride-atoutleve\/","title":{"rendered":"T\u00eate hybride AtoutL\u00e8ve"},"content":{"rendered":"\n<h2 class=\"wp-block-heading\">T\u00eate hybride AtoutL\u00e8ve<\/h2>\n\n\n\n<p>La t\u00eate hybride AtoutL\u00e8ve est une construction de t\u00eate fournie en standard avec l\u2019AtoutL\u00e8ve M. Si tu ach\u00e8tes un AtoutL\u00e8ve Hybrid L et que tu ne poss\u00e8des pas d\u2019AtoutL\u00e8ve Hybrid M, tu dois acheter cette t\u00eate ou la t\u00eate \u00e0 fl\u00e8che s\u00e9par\u00e9ment.<\/p>\n\n\n\n<p>La t\u00eate est l\u00e9g\u00e8re et rapide \u00e0 monter.<\/p>\n","protected":false},"excerpt":{"rendered":"<p>La t\u00eate hybride AtoutL\u00e8ve est une construction de t\u00eate fournie en standard avec l\u2019AtoutL\u00e8ve M. Si tu ach\u00e8tes un AtoutL\u00e8ve Hybrid L et que tu ne poss\u00e8des pas d\u2019AtoutL\u00e8ve Hybrid M, tu dois acheter cette t\u00eate ou la t\u00eate \u00e0 fl\u00e8che s\u00e9par\u00e9ment\u00a0<a href=\"https:\/\/gevelridder.nl\/fr\/product\/fleche-hybride-atoutleve\/\">.<\/a><\/p>\n","protected":false},"featured_media":136640,"template":"","meta":{"_acf_changed":false,"_seopress_robots_primary_cat":"none","_seopress_titles_title":"","_seopress_titles_desc":"","_seopress_robots_index":""},"product_brand":[],"product_cat":[888,904],"product_tag":[1033,943,1667,1087,1207,1321,1371,1275,1563,1051,1482,1021,1315,1024,1686,1687,1688,1689,1690,1307,1212],"class_list":{"0":"post-133448","1":"product","2":"type-product","3":"status-publish","4":"has-post-thumbnail","6":"product_cat-atoutleve","7":"product_cat-pieces-detachees","8":"product_tag-atoutleve-hybride-electrique","9":"product_tag-atoutleve-m","10":"product_tag-chassis-de-fenetre","11":"product_tag-elevateur","12":"product_tag-fleche","13":"product_tag-levage-de-verre","14":"product_tag-leve-grip","15":"product_tag-location-monte-verre","16":"product_tag-miroiterie-2","17":"product_tag-montage-verre","18":"product_tag-monte-echelle","19":"product_tag-monte-verre","20":"product_tag-monte-vitre","21":"product_tag-pose-de-verre","22":"product_tag-shopfitter","23":"product_tag-sirliftalot","24":"product_tag-suncreenlift","25":"product_tag-ventouse","26":"product_tag-viavac","27":"product_tag-vitrier","28":"product_tag-vitrier-2","29":"product_shipping_class-35-euros","31":"first","32":"instock","33":"taxable","34":"shipping-taxable","35":"purchasable","36":"product-type-simple"},"acf":[],"_links":{"self":[{"href":"https:\/\/gevelridder.nl\/fr\/wp-json\/wp\/v2\/product\/133448","targetHints":{"allow":["GET"]}}],"collection":[{"href":"https:\/\/gevelridder.nl\/fr\/wp-json\/wp\/v2\/product"}],"about":[{"href":"https:\/\/gevelridder.nl\/fr\/wp-json\/wp\/v2\/types\/product"}],"wp:featuredmedia":[{"embeddable":true,"href":"https:\/\/gevelridder.nl\/fr\/wp-json\/wp\/v2\/media\/136640"}],"wp:attachment":[{"href":"https:\/\/gevelridder.nl\/fr\/wp-json\/wp\/v2\/media?parent=133448"}],"wp:term":[{"taxonomy":"product_brand","embeddable":true,"href":"https:\/\/gevelridder.nl\/fr\/wp-json\/wp\/v2\/product_brand?post=133448"},{"taxonomy":"product_cat","embeddable":true,"href":"https:\/\/gevelridder.nl\/fr\/wp-json\/wp\/v2\/product_cat?post=133448"},{"taxonomy":"product_tag","embeddable":true,"href":"https:\/\/gevelridder.nl\/fr\/wp-json\/wp\/v2\/product_tag?post=133448"}],"curies":[{"name":"wp","href":"https:\/\/api.w.org\/{rel}","templated":true}]}}