
{"id":133426,"date":"2026-03-24T08:17:10","date_gmt":"2026-03-24T08:17:10","guid":{"rendered":"https:\/\/gevelridder.nl\/product\/fleche-hybride-atoutleve\/"},"modified":"2026-04-06T18:37:14","modified_gmt":"2026-04-06T18:37:14","slug":"fleche-hybride-atoutleve","status":"publish","type":"product","link":"https:\/\/gevelridder.nl\/fr\/produit\/fleche-hybride-atoutleve\/","title":{"rendered":"Fl\u00e8che Hybride AtoutL\u00e8ve"},"content":{"rendered":"\n<h2 class=\"wp-block-heading\">Fl\u00e8che Hybride AtoutL\u00e8ve<\/h2>\n\n\n\n<h2 class=\"wp-block-heading\">La Fl\u00e8che Hybride AtoutL\u00e8ve est une structure de fl\u00e8che qui peut \u00eatre mont\u00e9e sur l\u2019AtoutL\u00e8ve Hybride M et L.<\/h2>\n\n\n\n<p>C\u2019est un produit id\u00e9al pour lever au-dessus des \u00e9chafaudages.<\/p>\n\n\n\n<p>La fl\u00e8che est l\u00e9g\u00e8re et facile \u00e0 transporter dans une camionnette.<\/p>\n\n\n\n<p>L\u2019AtoutL\u00e8ve est recommand\u00e9 dans le catalogue Arbo des vitrages. En utilisant ce produit, tu as les mains libres pendant le montage et tu n\u2019es plus en danger sur les \u00e9chelles et les escabeaux. Longueur de transport 2400 mm, largeur du pied 850 mm. Extensible jusqu\u2019\u00e0 4 m\u00e8tres en 2 parties (CMU 200 kg). Extensible jusqu\u2019\u00e0 5850 mm avec la troisi\u00e8me partie (CMU 200 kg).<\/p>\n\n\n\n<h2 class=\"wp-block-heading\">Travailler sans AtoutL\u00e8ve M Hybride ?<\/h2>\n\n\n\n<p>Le levage est tr\u00e8s contraignant pour le corps, surtout s\u2019il est fr\u00e9quent. Lors du levage d\u2019objets lourds, il y a un risque d\u2019endommager les muscles du dos, les tissus conjonctifs autour de la colonne vert\u00e9brale ou les disques intervert\u00e9braux. Plus tu soul\u00e8ves lourd, plus le risque de dommages est \u00e9lev\u00e9. Mais le levage d\u2019objets l\u00e9gers peut aussi causer des dommages, par exemple parce qu\u2019il doit \u00eatre fait dans une position inconfortable (accroupi, tordu ou avec les bras lev\u00e9s) ou en soulevant trop souvent d\u2019affil\u00e9e avec un temps de r\u00e9cup\u00e9ration insuffisant. Pour&nbsp;<a href=\"https:\/\/www.arboportaal.nl\/onderwerpen\/tillen-en-dragen\/wat-zijn-de-risico%E2%80%99s-van-tillen-en-dragen\">plus d\u2019informations<\/a>.<\/p>\n\n\n\n<p>L\u2019AtoutL\u00e8ve te permet d\u2019effectuer ton travail vertical de mani\u00e8re efficace et s\u00fbre. Pour le transport horizontal, nous recommandons notre&nbsp;<a href=\"https:\/\/gevelridder.nl\/fr\/?post_type=product&amp;p=129241\">chariot \u00e0 verre<\/a>.<\/p>\n","protected":false},"excerpt":{"rendered":"<div class=\"woocommerce-product-details__short-description\">Tu peux maintenant facilement remplacer la t\u00eate amovible de l\u2019AtoutL\u00e8ve M Hybride par une t\u00eate de fl\u00e8che, ce qui te permet de placer facilement ton \u00e9chafaudage entre l\u2019AtoutL\u00e8ve et la fa\u00e7ade. En plus de travailler en toute s\u00e9curit\u00e9 et de mani\u00e8re saine avec cet AtoutL\u00e8ve, l\u2019Hybride est un produit qui s\u2019inscrit dans les r\u00e8gles sur les \u00e9missions d\u2019azote, pas de d\u00e9placements suppl\u00e9mentaires car tu le transportes dans ta camionnette et pas d\u2019\u00e9missions de moteurs, donc c\u2019est un plus en ces temps.<\/div>\n","protected":false},"featured_media":131876,"template":"","meta":{"_acf_changed":false,"_seopress_robots_primary_cat":"none","_seopress_titles_title":"","_seopress_titles_desc":"","_seopress_robots_index":""},"product_brand":[],"product_cat":[888,904],"product_tag":[1033,943,1667,1087,1207,1321,1371,1275,1563,1051,1482,1021,1315,1024,1686,1687,1688,1689,1690,1212,1307],"class_list":{"0":"post-133426","1":"product","2":"type-product","3":"status-publish","4":"has-post-thumbnail","6":"product_cat-atoutleve","7":"product_cat-pieces-detachees","8":"product_tag-atoutleve-hybride-electrique","9":"product_tag-atoutleve-m","10":"product_tag-chassis-de-fenetre","11":"product_tag-elevateur","12":"product_tag-fleche","13":"product_tag-levage-de-verre","14":"product_tag-leve-grip","15":"product_tag-location-monte-verre","16":"product_tag-miroiterie-2","17":"product_tag-montage-verre","18":"product_tag-monte-echelle","19":"product_tag-monte-verre","20":"product_tag-monte-vitre","21":"product_tag-pose-de-verre","22":"product_tag-shopfitter","23":"product_tag-sirliftalot","24":"product_tag-suncreenlift","25":"product_tag-ventouse","26":"product_tag-viavac","27":"product_tag-vitrier-2","28":"product_tag-vitrier","29":"product_shipping_class-75-euros","31":"first","32":"instock","33":"taxable","34":"shipping-taxable","35":"purchasable","36":"product-type-simple"},"acf":[],"_links":{"self":[{"href":"https:\/\/gevelridder.nl\/fr\/wp-json\/wp\/v2\/product\/133426","targetHints":{"allow":["GET"]}}],"collection":[{"href":"https:\/\/gevelridder.nl\/fr\/wp-json\/wp\/v2\/product"}],"about":[{"href":"https:\/\/gevelridder.nl\/fr\/wp-json\/wp\/v2\/types\/product"}],"wp:featuredmedia":[{"embeddable":true,"href":"https:\/\/gevelridder.nl\/fr\/wp-json\/wp\/v2\/media\/131876"}],"wp:attachment":[{"href":"https:\/\/gevelridder.nl\/fr\/wp-json\/wp\/v2\/media?parent=133426"}],"wp:term":[{"taxonomy":"product_brand","embeddable":true,"href":"https:\/\/gevelridder.nl\/fr\/wp-json\/wp\/v2\/product_brand?post=133426"},{"taxonomy":"product_cat","embeddable":true,"href":"https:\/\/gevelridder.nl\/fr\/wp-json\/wp\/v2\/product_cat?post=133426"},{"taxonomy":"product_tag","embeddable":true,"href":"https:\/\/gevelridder.nl\/fr\/wp-json\/wp\/v2\/product_tag?post=133426"}],"curies":[{"name":"wp","href":"https:\/\/api.w.org\/{rel}","templated":true}]}}