
{"id":133409,"date":"2026-03-24T11:44:24","date_gmt":"2026-03-24T11:44:24","guid":{"rendered":"https:\/\/gevelridder.nl\/product\/nouveau-elevall-2025-2\/"},"modified":"2026-04-06T18:48:01","modified_gmt":"2026-04-06T18:48:01","slug":"nouveau-elevall-2025-2","status":"publish","type":"product","link":"https:\/\/gevelridder.nl\/fr\/produit\/nouveau-elevall-2025-2\/","title":{"rendered":"Nouveau : Elevall 2025"},"content":{"rendered":"\n<h2 class=\"wp-block-heading\">Nouveau : Elevall 2025-180<\/h2>\n\n\n\n<p>Les b\u00e2timents sont de plus en plus souvent construits plus hauts et plus \u00e9troits, il est donc id\u00e9al d\u2019utiliser l\u2019Elevall 180 Basis avec cadre de ballast. Lors de la construction de projets de grande hauteur, il s\u2019agit souvent d\u2019une question d\u2019empilage. Mais comment remplacer une fen\u00eatre, un store, un verre de balustrade ou un autre grand \u00e9l\u00e9ment sans louer une grue co\u00fbteuse ? Souvent, toute la route doit \u00e9galement \u00eatre ferm\u00e9e et les \u00e9missions d\u2019une telle grue sont \u00e9galement nocives pour l\u2019environnement. De plus, des permis co\u00fbteux sont souvent n\u00e9cessaires pour les travaux dans les zones urbaines. Le mod\u00e8le Elevall 2025 poss\u00e8de, outre une t\u00e9l\u00e9commande sans fil, une t\u00e9l\u00e9commande filaire. De plus, cet Elevall dispose d\u2019un r\u00e9gulateur de fr\u00e9quence pour effectuer votre travail avec encore plus de pr\u00e9cision. En tant que concessionnaire officiel pour le Benelux, AtoutL\u00e8ve propose cette solution de grue unique.<\/p>\n\n\n\n<p>Jusqu\u2019\u00e0 10 m\u00e8tres de hauteur de levage, nous connaissons d\u00e9j\u00e0 l\u2019AtoutL\u00e8ve, maintenant AtoutL\u00e8ve a la solution pour soulever facilement et en toute s\u00e9curit\u00e9 des objets de 180 kg jusqu\u2019\u00e0 une hauteur de 60 m\u00e8tres. Bien pens\u00e9 par AtoutL\u00e8ve. AtoutL\u00e8ve est le concessionnaire officiel du Benelux. Vous voulez soulever encore plus haut ? alors nous avons l\u2019Elevall 400. Cependant, nous ne l\u2019avons pas en stock.<\/p>\n\n\n\n<p>Venez nous rendre visite dans notre showroom pour voir l\u2019Elevall, appelez ou envoyez un e-mail pour prendre rendez-vous !<\/p>\n","protected":false},"excerpt":{"rendered":"<p><strong>\u2714\u00a0\u00c0 serrer entre deux planchers.<\/strong><\/p>\n<p><strong>\u2714\u00a0Avec cadre de ballast.<\/strong><\/p>\n<p><strong>\u2714\u00a0Sans fil comme commande au fil.<\/strong><\/p>\n<p><strong>\u2714\u00a0R\u00e9gulateur de fr\u00e9quence pour un levage pr\u00e9cis.<\/strong><\/p>\n<p><strong>\u2714\u00a0Guide-fil.<\/strong><\/p>\n<p><strong>\u2714\u00a03x le poids de levage n\u00e9cessaire comme ballast<\/strong><\/p>\n<p><strong>\u2714\u00a0\u00c9ventuellement, au lieu du ballast, fixer avec des ancrages<\/strong><\/p>\n<p><strong>\u2714\u00a0Rapide \u00e0 construire.<\/strong><\/p>\n<p><strong>\u2714\u00a0Jusqu\u2019\u00e0 60 m\u00e8tres de haut.<\/strong><\/p>\n<p><strong>\u2714\u00a0CMU 180 kg.<\/strong><\/p>\n<p><strong>\u2714\u00a0Fl\u00e8che maximale de 181 cm \u00e0 partir de la colonne.<\/strong><\/p>\n<p><strong>\u2714\u00a0Maximum 126 cm \u00e0 l\u2019ext\u00e9rieur de la balustrade.<\/strong><\/p>\n<p><strong>\u2714\u00a0\u00c0 voir dans le showroom<\/strong><\/p>\n<p><strong>\u2714\u00a0<\/strong><strong>Livrable directement<\/strong><\/p>\n<p><strong>\u2714\u00a0Homologu\u00e9 CE, KIWA ISO 9001, TUV sud, AWS.<\/strong><\/p>\n<p><strong>\u2660 Ensemble de base avec cadre de ballast sans ballast !<\/strong><\/p>\n<p><strong>\u2660 Suppl\u00e9mentaire requis : 34 plaques de ballast de 16 kg<\/strong><\/p>\n<p><strong>\u2660 Alternative comme ballast 16 pieds en b\u00e9ton (cl\u00f4ture de chantier) de 36 kg<\/strong><\/p>\n<p><strong>\u2660 Alternative au ballast : ancrages<\/strong><\/p>\n","protected":false},"featured_media":132468,"template":"","meta":{"_acf_changed":false,"_seopress_robots_primary_cat":"none","_seopress_titles_title":"","_seopress_titles_desc":"","_seopress_robots_index":""},"product_brand":[],"product_cat":[898,899],"product_tag":[1676,946,997,1195,1677,1527,1632],"class_list":{"0":"post-133409","1":"product","2":"type-product","3":"status-publish","4":"has-post-thumbnail","6":"product_cat-mini-grue","7":"product_cat-monte-vitre","8":"product_tag-400-kg","9":"product_tag-60-metres","10":"product_tag-atoutleve","11":"product_tag-elevall","12":"product_tag-elevall-400","13":"product_tag-lifting-glas-new","14":"product_tag-plaatsingskar","15":"product_shipping_class-europalette","17":"first","18":"instock","19":"taxable","20":"shipping-taxable","21":"purchasable","22":"product-type-simple"},"acf":[],"_links":{"self":[{"href":"https:\/\/gevelridder.nl\/fr\/wp-json\/wp\/v2\/product\/133409","targetHints":{"allow":["GET"]}}],"collection":[{"href":"https:\/\/gevelridder.nl\/fr\/wp-json\/wp\/v2\/product"}],"about":[{"href":"https:\/\/gevelridder.nl\/fr\/wp-json\/wp\/v2\/types\/product"}],"wp:featuredmedia":[{"embeddable":true,"href":"https:\/\/gevelridder.nl\/fr\/wp-json\/wp\/v2\/media\/132468"}],"wp:attachment":[{"href":"https:\/\/gevelridder.nl\/fr\/wp-json\/wp\/v2\/media?parent=133409"}],"wp:term":[{"taxonomy":"product_brand","embeddable":true,"href":"https:\/\/gevelridder.nl\/fr\/wp-json\/wp\/v2\/product_brand?post=133409"},{"taxonomy":"product_cat","embeddable":true,"href":"https:\/\/gevelridder.nl\/fr\/wp-json\/wp\/v2\/product_cat?post=133409"},{"taxonomy":"product_tag","embeddable":true,"href":"https:\/\/gevelridder.nl\/fr\/wp-json\/wp\/v2\/product_tag?post=133409"}],"curies":[{"name":"wp","href":"https:\/\/api.w.org\/{rel}","templated":true}]}}