
{"id":133401,"date":"2026-03-24T08:17:10","date_gmt":"2026-03-24T08:17:10","guid":{"rendered":"https:\/\/gevelridder.nl\/product\/elevall-180-basis-avec-cadre-de-ballast\/"},"modified":"2026-04-06T18:35:11","modified_gmt":"2026-04-06T18:35:11","slug":"elevall-180-basis-avec-cadre-de-ballast","status":"publish","type":"product","link":"https:\/\/gevelridder.nl\/fr\/produit\/elevall-180-basis-avec-cadre-de-ballast\/","title":{"rendered":"Elevall 180 Basis avec cadre de ballast"},"content":{"rendered":"\n<h2 class=\"wp-block-heading\">Elevall 180 base avec cadre de ballast<\/h2>\n\n\n\n<p>Les b\u00e2timents sont de plus en plus souvent construits plus hauts et plus \u00e9troits, c\u2019est pourquoi il est id\u00e9al d\u2019utiliser l\u2019Elevall 180 Base avec cadre de ballast. Lors de la construction de projets de grande hauteur, c\u2019est souvent une question d\u2019empilage. Mais comment remplacer une fen\u00eatre, un store, un verre de balustrade ou un autre \u00e9l\u00e9ment de grande taille sans louer une grue co\u00fbteuse ? Souvent, toute la route doit aussi \u00eatre ferm\u00e9e et les \u00e9missions d\u2019une telle grue sont \u00e9galement nocives pour l\u2019environnement. De plus, des permis co\u00fbteux sont souvent n\u00e9cessaires pour les travaux dans les zones urbaines. C\u2019est pourquoi AtoutL\u00e8ve pr\u00e9sente fi\u00e8rement l\u2019Elevall. En tant que revendeur officiel pour le Benelux, AtoutL\u00e8ve propose cette solution de grue unique.<\/p>\n\n\n\n<p>Jusqu\u2019\u00e0 10 m\u00e8tres de hauteur de levage, nous connaissons d\u00e9j\u00e0 l\u2019AtoutL\u00e8ve, maintenant AtoutL\u00e8ve a la solution pour lever simplement et en toute s\u00e9curit\u00e9 des objets de 180 kg jusqu\u2019\u00e0 une hauteur de 60 m\u00e8tres. Bien vu d\u2019AtoutL\u00e8ve. AtoutL\u00e8ve est le revendeur officiel du Benelux.<\/p>\n\n\n\n<p>Venez nous rendre visite dans notre showroom pour voir l\u2019Elevall, appelez ou envoyez un e-mail pour prendre rendez-vous !<\/p>\n","protected":false},"excerpt":{"rendered":"<p>L\u00e0 o\u00f9 l\u2019AtoutL\u00e8ve s\u2019arr\u00eate, ce mini-\u00e9l\u00e9vateur pratique prend le relais.<\/p>\n<p><strong>\u2714\u00a0\u00c0 serrer entre deux planchers.<\/strong><\/p>\n<p><strong>\u2714\u00a0Avec cadre de ballast.<\/strong><\/p>\n<p><strong>\u2714\u00a03x le poids de levage n\u00e9cessaire comme ballast<\/strong><\/p>\n<p><strong>\u2714\u00a0\u00c9ventuellement, au lieu du ballast, fixer avec des ancrages<\/strong><\/p>\n<p><strong>\u2714\u00a0Rapide \u00e0 construire.<\/strong><\/p>\n<p><strong>\u2714\u00a0Jusqu\u2019\u00e0 60 m\u00e8tres de haut.<\/strong><\/p>\n<p><strong>\u2714\u00a0CMU 180 kg.<\/strong><\/p>\n<p><strong>\u2714\u00a0Fl\u00e8che maximale de 181 cm \u00e0 partir de la colonne.<\/strong><\/p>\n<p><strong>\u2714\u00a0Maximum 126 cm \u00e0 l\u2019ext\u00e9rieur de la balustrade.<\/strong><\/p>\n<p><strong>\u2714\u00a0\u00c0 voir dans le showroom<\/strong><\/p>\n<p><strong>\u2714\u00a0Disponible imm\u00e9diatement<\/strong><\/p>\n<p><strong>\u2714\u00a0Homologu\u00e9 CE, KIWA ISO 9001, TUV sud, AWS.<\/strong><\/p>\n<p><strong>\u2660 Ensemble de base avec cadre de ballast sans ballast !<\/strong><\/p>\n<p><strong>\u2660 Suppl\u00e9mentaire requis : 34 plaques de ballast de 16 kg<\/strong><\/p>\n<p><strong>\u2660 Alternative comme ballast 16 pieds en b\u00e9ton (cl\u00f4ture de chantier) de 36 kg<\/strong><\/p>\n<p><strong>\u2660 Alternative au ballast : ancrages<\/strong><\/p>\n","protected":false},"featured_media":132297,"template":"","meta":{"_acf_changed":false,"_seopress_robots_primary_cat":"none","_seopress_titles_title":"","_seopress_titles_desc":"","_seopress_robots_index":""},"product_brand":[],"product_cat":[898],"product_tag":[972,946,997,1195,1527,1632],"class_list":{"0":"post-133401","1":"product","2":"type-product","3":"status-publish","4":"has-post-thumbnail","6":"product_cat-mini-grue","7":"product_tag-180-kg","8":"product_tag-60-metres","9":"product_tag-atoutleve","10":"product_tag-elevall","11":"product_tag-lifting-glas-new","12":"product_tag-plaatsingskar","13":"product_shipping_class-europalette","15":"first","16":"onbackorder","17":"taxable","18":"shipping-taxable","19":"purchasable","20":"product-type-simple"},"acf":[],"_links":{"self":[{"href":"https:\/\/gevelridder.nl\/fr\/wp-json\/wp\/v2\/product\/133401","targetHints":{"allow":["GET"]}}],"collection":[{"href":"https:\/\/gevelridder.nl\/fr\/wp-json\/wp\/v2\/product"}],"about":[{"href":"https:\/\/gevelridder.nl\/fr\/wp-json\/wp\/v2\/types\/product"}],"wp:featuredmedia":[{"embeddable":true,"href":"https:\/\/gevelridder.nl\/fr\/wp-json\/wp\/v2\/media\/132297"}],"wp:attachment":[{"href":"https:\/\/gevelridder.nl\/fr\/wp-json\/wp\/v2\/media?parent=133401"}],"wp:term":[{"taxonomy":"product_brand","embeddable":true,"href":"https:\/\/gevelridder.nl\/fr\/wp-json\/wp\/v2\/product_brand?post=133401"},{"taxonomy":"product_cat","embeddable":true,"href":"https:\/\/gevelridder.nl\/fr\/wp-json\/wp\/v2\/product_cat?post=133401"},{"taxonomy":"product_tag","embeddable":true,"href":"https:\/\/gevelridder.nl\/fr\/wp-json\/wp\/v2\/product_tag?post=133401"}],"curies":[{"name":"wp","href":"https:\/\/api.w.org\/{rel}","templated":true}]}}