
{"id":133330,"date":"2026-03-24T11:34:38","date_gmt":"2026-03-24T11:34:38","guid":{"rendered":"https:\/\/gevelridder.nl\/product\/deurbuddy-doorjack\/"},"modified":"2026-04-06T18:27:17","modified_gmt":"2026-04-06T18:27:17","slug":"deurbuddy-doorjack","status":"publish","type":"product","link":"https:\/\/gevelridder.nl\/fr\/produit\/deurbuddy-doorjack\/","title":{"rendered":"Deurbuddy, doorjack"},"content":{"rendered":"\n<p>Avec le Deurbuddy l\u00e9ger et pratique, tu peux transporter et accrocher une porte en un tour de main sans te faire mal au dos.<\/p>\n\n\n\n<p>Une fois habitu\u00e9 \u00e0 ce poseur de portes l\u00e9ger et pratique, le Deurbuddy, tu ne pourras plus t\u2019en passer. L\u2019ajustement des portes, une t\u00e2che difficile ? Plus avec le Deurbuddy.<\/p>\n\n\n\n<p>Comme alternative \u00e0 ce chariot, il y a le&nbsp;<a href=\"https:\/\/gevelridder.nl\/fr\/?post_type=product&amp;p=128901\">kit AtoutL\u00e8ve<\/a>. Ce kit comprend un AtoutL\u00e8ve M, un Chariot \u00e0 vitres 250 kg avec pince de serrage et une ventouse \u00e0 verre.<\/p>\n\n\n\n<p>Ce superbe chariot soulage ton corps, pour que tu n\u2019aies pas \u00e0 rester allong\u00e9 sur le canap\u00e9 le soir avec mal au dos apr\u00e8s une dure journ\u00e9e de travail.<\/p>\n\n\n\n<h2 class=\"wp-block-heading\">TNO \u2013 Fiche d\u2019information sur la charge physique de travail 2018<\/h2>\n\n\n\n<p>La charge physique reste, avec la charge psychosociale, la principale cause des maladies professionnelles et de l\u2019absent\u00e9isme. Voici une fiche d\u2019information de TNO avec les chiffres de juin 2018. Utilise donc les aides \u00e0 la manutention d\u2019AtoutL\u00e8ve !&nbsp;<a href=\"https:\/\/www.arboportaal.nl\/onderwerpen\/tillen-en-dragen\/documenten\/publicatie\/2018\/07\/01\/factsheet-fysieke-arbeidsbelasting-2018\">https:\/\/www.arboportaal.nl\/onderwerpen\/tillen-en-dragen\/documenten\/publicatie\/2018\/07\/01\/factsheet-fysieke-arbeidsbelasting-2018<\/a><\/p>\n\n\n\n<h2 class=\"wp-block-heading\">Soulever et porter avec le Deurbuddy<\/h2>\n\n\n\n<p>Lever c\u2019est prendre et poser une charge avec tes mains, sans te d\u00e9placer toi-m\u00eame. Si tu d\u00e9places quelque chose en marchant pendant le levage, on appelle \u00e7a porter. Avec ces conseils tu \u00e9vites les probl\u00e8mes de sant\u00e9.<\/p>\n\n\n\n<p>Quels troubles peux-tu avoir ? Lever et porter pendant le travail est une cause importante de troubles physiques, comme des douleurs dans le (bas du) dos, \u00e9paules, nuque, genoux et hanches. Tu peux aussi avoir des troubles du dos, parce que tu l\u00e8ves des objets en \u00e9tant pench\u00e9 ou avec le dos tordu.<\/p>\n\n\n\n<p>voir aussi&nbsp;<a href=\"https:\/\/www.fnv.nl\/werk-inkomen\/veilig-gezond-werken\/lichamelijke-belasting\/tillen-en-dragen\">https:\/\/www.fnv.nl\/werk-inkomen\/veilig-gezond-werken\/lichamelijke-belasting\/tillen-en-dragen<\/a><\/p>\n","protected":false},"excerpt":{"rendered":"<div class=\"woocommerce-product-details__short-description\">\n<p>Avec le Deurbuddy l\u00e9ger et pratique, tu peux transporter et accrocher une porte en un tour de main sans te faire mal au dos. Pour portes de 80 mm.<\/p>\n<\/div>\n","protected":false},"featured_media":131747,"template":"","meta":{"_acf_changed":false,"_seopress_robots_primary_cat":"none","_seopress_titles_title":"","_seopress_titles_desc":"","_seopress_robots_index":""},"product_brand":[],"product_cat":[893,895],"product_tag":[1173,1183,1179],"class_list":{"0":"post-133330","1":"product","2":"type-product","3":"status-publish","4":"has-post-thumbnail","6":"product_cat-chariots-de-facade","7":"product_cat-diable-a-vitres","8":"product_tag-ajustement-des-portes","9":"product_tag-doorjack","10":"product_tag-pose-de-porte","11":"product_shipping_class-45-euros","13":"first","14":"onbackorder","15":"taxable","16":"shipping-taxable","17":"purchasable","18":"product-type-simple"},"acf":[],"_links":{"self":[{"href":"https:\/\/gevelridder.nl\/fr\/wp-json\/wp\/v2\/product\/133330","targetHints":{"allow":["GET"]}}],"collection":[{"href":"https:\/\/gevelridder.nl\/fr\/wp-json\/wp\/v2\/product"}],"about":[{"href":"https:\/\/gevelridder.nl\/fr\/wp-json\/wp\/v2\/types\/product"}],"wp:featuredmedia":[{"embeddable":true,"href":"https:\/\/gevelridder.nl\/fr\/wp-json\/wp\/v2\/media\/131747"}],"wp:attachment":[{"href":"https:\/\/gevelridder.nl\/fr\/wp-json\/wp\/v2\/media?parent=133330"}],"wp:term":[{"taxonomy":"product_brand","embeddable":true,"href":"https:\/\/gevelridder.nl\/fr\/wp-json\/wp\/v2\/product_brand?post=133330"},{"taxonomy":"product_cat","embeddable":true,"href":"https:\/\/gevelridder.nl\/fr\/wp-json\/wp\/v2\/product_cat?post=133330"},{"taxonomy":"product_tag","embeddable":true,"href":"https:\/\/gevelridder.nl\/fr\/wp-json\/wp\/v2\/product_tag?post=133330"}],"curies":[{"name":"wp","href":"https:\/\/api.w.org\/{rel}","templated":true}]}}