
{"id":133313,"date":"2026-03-24T11:33:09","date_gmt":"2026-03-24T11:33:09","guid":{"rendered":"https:\/\/gevelridder.nl\/product\/carve-x\/"},"modified":"2026-04-06T18:16:28","modified_gmt":"2026-04-06T18:16:28","slug":"carve-x","status":"publish","type":"product","link":"https:\/\/gevelridder.nl\/fr\/produit\/carve-x\/","title":{"rendered":"Carve X"},"content":{"rendered":"\n<h2 class=\"wp-block-heading\"><strong>Le chariot CARVE-X pour portes et vitres de 250 kg<\/strong><\/h2>\n\n\n\n<h2 class=\"wp-block-heading\">Le moyen de transport pour les plaques, le verre, les portes et les plans de travail en pierre naturelle !<\/h2>\n\n\n\n<p>Tu cherches un moyen efficace et fiable pour transporter des plaques, du verre, des portes mais aussi des plans de travail et des plateaux de table en pierre naturelle, o\u00f9 l\u2019objet doit \u00eatre transport\u00e9 le plus pr\u00e8s possible du sol en raison de sa hauteur ? M\u00eame dans les espaces les plus \u00e9troits ? Alors nous avons de bonnes nouvelles pour toi !<\/p>\n\n\n\n<p><strong>Pr\u00e9sentation des chariots \u00e0 plaques Carve X 250<\/strong><br>Con\u00e7us en pensant au professionnel. Ces chariots \u00e0 plaques combinent force, flexibilit\u00e9 et style pour t\u2019offrir la solution de transport parfaite. Avec une belle poign\u00e9e recouverte de cuir, le petit chariot est facile \u00e0 transporter.<\/p>\n\n\n\n<p><strong>Pourquoi le CARVE X devrait \u00eatre ton prochain achat :<\/strong><\/p>\n\n\n\n<ol class=\"wp-block-list\">\n<li><strong>Maniabilit\u00e9 exceptionnelle :<\/strong>\u00a0Avec quatre roues pivotantes \u00e0 ressort avec un disque en caoutchouc \u00e0 l\u2019avant et \u00e0 l\u2019arri\u00e8re, le CARVE X man\u0153uvre sans effort dans les espaces \u00e9troits \u2013 id\u00e9al pour le transport de plans de travail et de plateaux de table en pierre naturelle.<\/li>\n\n\n\n<li><strong>Polyvalent :<\/strong>\u00a0Que tu veuilles l\u2019utiliser comme tra\u00eeneau ou que tu ressentes le besoin d\u2019attacher des pinces de serrage pour plus de s\u00e9curit\u00e9 ; le CARVE offre les deux options !<\/li>\n\n\n\n<li><strong>Design \u00e9l\u00e9gant et pratique :<\/strong>\u00a0Le rev\u00eatement en feutre anthracite donne non seulement au CARVE un look \u00e9l\u00e9gant, mais prot\u00e8ge aussi tes mat\u00e9riaux contre les rayures et les dommages.<\/li>\n\n\n\n<li><strong>S\u00e9curit\u00e9 suppl\u00e9mentaire :<\/strong>\u00a0Pas de soucis pour les chocs ou les rayures gr\u00e2ce au bord de protection en caoutchouc.<\/li>\n\n\n\n<li><strong>Compact et pratique :<\/strong>\u00a0Avec ses petites dimensions, le CARVE X est facile \u00e0 transporter et \u00e0 ranger.<\/li>\n\n\n\n<li><strong>Grandes plaques<\/strong>\u00a0? : Utilises-en simplement deux<\/li>\n<\/ol>\n\n\n\n<p><strong>Conclusion :<\/strong><br>Que tu travailles dans la construction, l\u2019am\u00e9nagement int\u00e9rieur, la r\u00e9novation ou dans l\u2019industrie de la pierre naturelle, le chariot \u00e0 plaques et \u00e0 vitres CARVE-X est un outil indispensable. Maniable, durable et \u00e9l\u00e9gant ; Avec ce chariot, le transport devient un jeu d\u2019enfant.<\/p>\n\n\n\n<h4 class=\"wp-block-heading\">TNO \u2013 Fiche d\u2019information sur la charge physique de travail 2018<\/h4>\n\n\n\n<p>Outre la pression psychosociale au travail, la charge physique reste la principale cause de maladies professionnelles et d\u2019absent\u00e9isme. Voici une fiche d\u2019information de TNO avec des chiffres de juin 2018, alors utilise les aides au levage d\u2019AtoutL\u00e8ve !<\/p>\n\n\n\n<h4 class=\"wp-block-heading\">Soulever et porter<\/h4>\n\n\n\n<p>Soulever, c\u2019est prendre et d\u00e9poser une charge avec tes mains, sans te d\u00e9placer. Si tu bouges quelque chose en marchant pendant que tu soul\u00e8ves, on appelle \u00e7a porter. Avec ces conseils, tu peux \u00e9viter les probl\u00e8mes de sant\u00e9.<\/p>\n\n\n\n<p>Quels probl\u00e8mes peux-tu rencontrer ? Soulever et porter au travail est une cause importante de probl\u00e8mes physiques, tels que des douleurs dans le bas du dos, les \u00e9paules, le cou, les genoux et les hanches. Tu peux aussi avoir des probl\u00e8mes de dos en soulevant des objets avec le dos courb\u00e9 ou tordu.<\/p>\n\n\n\n<p><a href=\"https:\/\/www.fnv.nl\/werk-inkomen\/veilig-gezond-werken\/lichamelijke-belasting\/tillen-en-dragen\">voir aussi<\/a><\/p>\n\n\n\n<p>Pour ce chariot \u00e0 plaques sur pneus gonflables, tu es donc \u00e0 la bonne adresse chez AtoutL\u00e8ve. Assure-toi que les chariots (mais aussi les supports de verre) soient toujours de niveau pour \u00e9viter que le verre ne tombe !<\/p>\n","protected":false},"excerpt":{"rendered":"<p><strong>Le chariot de transport CARVE X : Parfait pour les plaques, les portes, le verre et la pierre naturelle !<\/strong><\/p>\n<p><b>\u2714\u00a0<\/b><strong>Pour le transport de verre haut, de ch\u00e2ssis, de pierre, etc.<\/strong><\/p>\n<p><strong>\u2714\u00a0Tr\u00e8s l\u00e9ger, facile \u00e0 transporter !<\/strong><\/p>\n<p><strong>\u2714\u00a0Planche \u00e0 15 mm du sol<\/strong><\/p>\n<p><strong>\u2714\u00a0Dimension int\u00e9rieure de la goutti\u00e8re 85 mm, 38 cm de long<\/strong><\/p>\n<p><strong>\u2714<\/strong>\u00a0<strong>CMU 250 kg.<\/strong><\/p>\n<p><strong>\u2714\u00a0Poids propre 6 kg.<\/strong><\/p>\n<p><strong>\u2714\u00a0<\/strong><strong>Roues pivotantes \u00e0 ressort.<\/strong><\/p>\n<p><strong>\u2714\u00a0<\/strong><strong>Bords de protection en caoutchouc.<\/strong><\/p>\n<p><strong>x\u00a0<\/strong><strong>Pinces de serrage non incluses ! -&gt;<\/strong><\/p>\n<p>\u2660\u00a0<strong>Pince de serrage \u00e0 commander s\u00e9par\u00e9ment :<\/strong><\/p>\n<ul>\n<li><a href=\"https:\/\/gevelridder.nl\/fr\/product\/serre-joint-alu-pour-chariot-a-vitres\/\">Pince de serrage en alu (conseil)<\/a><\/li>\n<li><a href=\"https:\/\/gevelridder.nl\/fr\/product\/bride-de-serrage-pour-chariot-a-vitres-1-0-en-acier\/\">Pince de serrage en acier<\/a><\/li>\n<li><a href=\"https:\/\/gevelridder.nl\/fr\/product\/lance-de-fixation-pour-le-chariot-a-panneaux\/\">Lance de serrage<\/a><\/li>\n<\/ul>\n","protected":false},"featured_media":132370,"template":"","meta":{"_acf_changed":false,"_seopress_robots_primary_cat":"none","_seopress_titles_title":"","_seopress_titles_desc":"","_seopress_robots_index":""},"product_brand":[],"product_cat":[891,892,893,895],"product_tag":[991,1474,1036,1640,993,1081,1015,1030,1057,1430,1327,1333,1336,1653,1654],"class_list":{"0":"post-133313","1":"product","2":"type-product","3":"status-publish","4":"has-post-thumbnail","6":"product_cat-chariot-a-panneaux-et-a-vitres","7":"product_cat-chariots","8":"product_cat-chariots-de-facade","9":"product_cat-diable-a-vitres","10":"product_tag-carve","11":"product_tag-chariot-a-chassis","12":"product_tag-chariot-a-chassis-2","13":"product_tag-chariot-a-plaques","14":"product_tag-chariot-a-portes","15":"product_tag-chariot-a-triple-vitrage","16":"product_tag-chariot-a-vitres","17":"product_tag-chariot-a-vitres-chariot-a-panneaux","18":"product_tag-chariots-a-panneaux","19":"product_tag-petit-chariot-2","20":"product_tag-transport-de-verre-2","21":"product_tag-transport-de-verre","22":"product_tag-transport-de-verre-a-la-main","23":"product_tag-triple","24":"product_tag-verre-lourd","25":"product_shipping_class-colis-160-50-40","27":"first","28":"instock","29":"taxable","30":"shipping-taxable","31":"purchasable","32":"product-type-simple"},"acf":[],"_links":{"self":[{"href":"https:\/\/gevelridder.nl\/fr\/wp-json\/wp\/v2\/product\/133313","targetHints":{"allow":["GET"]}}],"collection":[{"href":"https:\/\/gevelridder.nl\/fr\/wp-json\/wp\/v2\/product"}],"about":[{"href":"https:\/\/gevelridder.nl\/fr\/wp-json\/wp\/v2\/types\/product"}],"wp:featuredmedia":[{"embeddable":true,"href":"https:\/\/gevelridder.nl\/fr\/wp-json\/wp\/v2\/media\/132370"}],"wp:attachment":[{"href":"https:\/\/gevelridder.nl\/fr\/wp-json\/wp\/v2\/media?parent=133313"}],"wp:term":[{"taxonomy":"product_brand","embeddable":true,"href":"https:\/\/gevelridder.nl\/fr\/wp-json\/wp\/v2\/product_brand?post=133313"},{"taxonomy":"product_cat","embeddable":true,"href":"https:\/\/gevelridder.nl\/fr\/wp-json\/wp\/v2\/product_cat?post=133313"},{"taxonomy":"product_tag","embeddable":true,"href":"https:\/\/gevelridder.nl\/fr\/wp-json\/wp\/v2\/product_tag?post=133313"}],"curies":[{"name":"wp","href":"https:\/\/api.w.org\/{rel}","templated":true}]}}