
{"id":133278,"date":"2026-04-03T09:37:21","date_gmt":"2026-04-03T09:37:21","guid":{"rendered":"https:\/\/gevelridder.nl\/product\/quattro-lift-200kg\/"},"modified":"2026-04-06T18:57:58","modified_gmt":"2026-04-06T18:57:58","slug":"quattro-lift-200kg","status":"publish","type":"product","link":"https:\/\/gevelridder.nl\/fr\/produit\/quattro-lift-200kg\/","title":{"rendered":"Quattro-lift 200kg"},"content":{"rendered":"\n<h2 class=\"wp-block-heading\">Quattro-lift 200kg<\/h2>\n\n\n\n<p>Avec le Quattro-lift 200kg, vous placez le verre en un tour de main jusqu\u2019\u00e0 un poids maximal de 200kg. Ce chariot est la Mercedes des chariots combin\u00e9s de transport et de pose, fabriqu\u00e9 en Australie. Il est extr\u00eamement robuste, compact, intelligent et compos\u00e9 de seulement 5 segments.<\/p>\n\n\n\n<p>Avec ce chariot, vous pouvez placer seul jusqu\u2019\u00e0 80 kg de verre, \u00e0 deux 150 kg et \u00e0 trois 200 kg, sans enfreindre la loi sur le levage. Avec le&nbsp;<a href=\"https:\/\/gevelridder.nl\/fr\/?post_type=product&amp;p=129185\">Quattro Lift Professional<\/a>, vous pouvez placer seul du verre jusqu\u2019\u00e0 200 kg.<\/p>\n\n\n\n<h2 class=\"wp-block-heading\">Tourner et lever avec le Quattro-lift 200kg<\/h2>\n\n\n\n<p>Lift pratique pour tourner, transporter et poser le verre.<\/p>\n\n\n\n<h3 class=\"wp-block-heading\"><\/h3>\n\n\n\n<h3 class=\"wp-block-heading\">\u00c9vite de porter le verre \u00e0 la main<\/h3>\n\n\n\n<p>Le verre est encore souvent soulev\u00e9 et port\u00e9 \u00e0 la main, alors que ce n\u2019est pas n\u00e9cessaire. Parfois, les bons outils d\u2019aide au levage et de transport manquent, parfois c\u2019est par facilit\u00e9 de l\u2019employ\u00e9. Le verre peut \u00eatre soulev\u00e9 manuellement s\u2019il s\u2019agit de plaques de verre pas trop grandes ni lourdes et qu\u2019elles n\u2019ont pas besoin d\u2019\u00eatre transport\u00e9es trop loin. Mais pour ta propre s\u00e9curit\u00e9 aussi, il est pr\u00e9f\u00e9rable d\u2019utiliser des aides au levage.<\/p>\n\n\n\n<p>Mais veux-tu prendre le risque d\u2019avoir mal au dos toute ta vie ? Nous non !<\/p>\n\n\n\n<p><a href=\"https:\/\/arbocatalogus-vlakglas.nl\/handeling\/handmatig-tillen-en-dragen-van-glas\">Consultez \u00e9galement le catalogue Arbocatalogus pour le secteur du verre plat<\/a><\/p>\n\n\n\n<p>Une bonne alternative \u00e0 ce produit est l\u2019achat d\u2019un&nbsp;<a href=\"https:\/\/gevelridder.nl\/fr\/?post_type=product&amp;p=128973\">set AtoutL\u00e8ve<\/a>, avec lequel tu peux effectuer encore plus de t\u00e2ches. Ce set se compose d\u2019un chariot, d\u2019un AtoutL\u00e8ve, d\u2019une ventouse et d\u2019une pince de serrage.<\/p>\n\n\n\n<p>Les causes les plus courantes d\u2019accidents et de blessures sont :<\/p>\n\n\n\n<ul class=\"wp-block-list\">\n<li>Coupures dues \u00e0 la manipulation du verre<\/li>\n\n\n\n<li>Surcharge physique due au levage et au transport de lourdes plaques de verre<\/li>\n\n\n\n<li>Tr\u00e9bucher, glisser ou tomber<\/li>\n\n\n\n<li>\u00catre frapp\u00e9 par une charge qui tombe<\/li>\n<\/ul>\n\n\n\n<p>Principaux risques :<\/p>\n\n\n\n<ol class=\"wp-block-list\">\n<li>Charge physique<\/li>\n\n\n\n<li>\u00catre frapp\u00e9 par des mat\u00e9riaux (qui tombent)<\/li>\n\n\n\n<li>Risque de coupure<\/li>\n\n\n\n<li>Tr\u00e9bucher, tomber et glisser<\/li>\n<\/ol>\n\n\n\n<p>Solutions pour les risques :<\/p>\n\n\n\n<ol class=\"wp-block-list\">\n<li>Levage et transport manuels s\u00fbrs<\/li>\n\n\n\n<li>Pr\u00e9vention des blessures par coupure<\/li>\n\n\n\n<li>Pr\u00e9vention des chutes, glissades et tr\u00e9buchements<\/li>\n\n\n\n<li>L\u2019EPI appropri\u00e9 pour chaque manipulation !<\/li>\n<\/ol>\n\n\n\n<p>Exactement, donc AtoutL\u00e8ve !<\/p>\n","protected":false},"excerpt":{"rendered":"<p>Le Quattro-lift 200kg est con\u00e7u pour d\u00e9placer et monter le verre. Avec ce chariot, vous pouvez placer seul jusqu\u2019\u00e0 80 kg de verre, \u00e0 deux 150 kg et \u00e0 trois 200 kg, sans enfreindre la loi sur le levage.<\/p>\n<p>Avec ce lift, vous pouvez tourner, lever et placer le verre en un tour de main. Ce lift est \u00e9galement \u00e9quip\u00e9 d\u2019un site-shift, ce qui vous permet de d\u00e9placer le verre perpendiculairement au chariot \u00e0 l\u2019aide d\u2019un cliquet.<\/p>\n","protected":false},"featured_media":132963,"template":"","meta":{"_acf_changed":false,"_seopress_robots_primary_cat":"none","_seopress_titles_title":"","_seopress_titles_desc":"","_seopress_robots_index":""},"product_brand":[],"product_cat":[893,899],"product_tag":[1305,997,1224,1257,1632,1170,1324,1024,1122,1125],"class_list":{"0":"post-133278","1":"product","2":"type-product","3":"status-publish","4":"has-post-thumbnail","6":"product_cat-chariots-de-facade","7":"product_cat-monte-vitre","8":"product_tag-assembler-le-verre","9":"product_tag-atoutleve","10":"product_tag-levage-de-verre-2","11":"product_tag-location-de-mini-grue-a-verre","12":"product_tag-plaatsingskar","13":"product_tag-portes-sur-chariot-a-verre","14":"product_tag-pose-de-verre-2","15":"product_tag-pose-de-verre","16":"product_tag-tout-pour-le-verre","17":"product_tag-verre-de-balustrade","18":"product_shipping_class-europalette","20":"first","21":"instock","22":"taxable","23":"shipping-taxable","24":"purchasable","25":"product-type-simple"},"acf":[],"_links":{"self":[{"href":"https:\/\/gevelridder.nl\/fr\/wp-json\/wp\/v2\/product\/133278","targetHints":{"allow":["GET"]}}],"collection":[{"href":"https:\/\/gevelridder.nl\/fr\/wp-json\/wp\/v2\/product"}],"about":[{"href":"https:\/\/gevelridder.nl\/fr\/wp-json\/wp\/v2\/types\/product"}],"wp:featuredmedia":[{"embeddable":true,"href":"https:\/\/gevelridder.nl\/fr\/wp-json\/wp\/v2\/media\/132963"}],"wp:attachment":[{"href":"https:\/\/gevelridder.nl\/fr\/wp-json\/wp\/v2\/media?parent=133278"}],"wp:term":[{"taxonomy":"product_brand","embeddable":true,"href":"https:\/\/gevelridder.nl\/fr\/wp-json\/wp\/v2\/product_brand?post=133278"},{"taxonomy":"product_cat","embeddable":true,"href":"https:\/\/gevelridder.nl\/fr\/wp-json\/wp\/v2\/product_cat?post=133278"},{"taxonomy":"product_tag","embeddable":true,"href":"https:\/\/gevelridder.nl\/fr\/wp-json\/wp\/v2\/product_tag?post=133278"}],"curies":[{"name":"wp","href":"https:\/\/api.w.org\/{rel}","templated":true}]}}