
{"id":133262,"date":"2026-03-24T11:33:09","date_gmt":"2026-03-24T11:33:09","guid":{"rendered":"https:\/\/gevelridder.nl\/product\/carve-500kg-2-0\/"},"modified":"2026-04-06T18:01:32","modified_gmt":"2026-04-06T18:01:32","slug":"carve-500kg-2-0","status":"publish","type":"product","link":"https:\/\/gevelridder.nl\/fr\/produit\/carve-500kg-2-0\/","title":{"rendered":"Carve 500kg 2.0"},"content":{"rendered":"\n<h2 class=\"wp-block-heading\">Chariot de transport CARVE de 500 kg : la solution id\u00e9ale pour les plaques, le verre et les portes<\/h2>\n\n\n\n<p>\u00cates-vous actif dans la construction, l\u2019am\u00e9nagement int\u00e9rieur, la r\u00e9novation ou le secteur de la pierre naturelle ? Vous recherchez la solution optimale pour le transport de plaques, de verre, de portes, mais surtout de plans de travail et de plateaux de table en pierre naturelle, alors le chariot de transport CARVE 500 kg est votre meilleur choix.<\/p>\n\n\n\n<p><strong>Pourquoi le chariot de transport CARVE devrait \u00eatre votre prochain achat :<\/strong><\/p>\n\n\n\n<ol class=\"wp-block-list\">\n<li><strong>Maniabilit\u00e9 exceptionnelle :<\/strong>\u00a0Gr\u00e2ce \u00e0 un essieu fixe au centre et \u00e0 des roues doubles \u00e0 l\u2019avant et \u00e0 l\u2019arri\u00e8re, le CARVE se d\u00e9place sans effort dans les espaces restreints \u2013 id\u00e9al pour les plans de travail et les plateaux de table en pierre naturelle.<\/li>\n\n\n\n<li><strong>Polyvalence d\u2019utilisation :<\/strong>\u00a0Utilisez-le comme un tra\u00eeneau ou fixez des tendeurs pour plus de s\u00e9curit\u00e9 ; le CARVE offre les deux options.<\/li>\n\n\n\n<li><strong>Design \u00e9l\u00e9gant et pratique :<\/strong>\u00a0Le rev\u00eatement en feutre anthracite conf\u00e8re au CARVE non seulement un aspect \u00e9pur\u00e9, mais prot\u00e8ge \u00e9galement vos mat\u00e9riaux contre les rayures.<\/li>\n\n\n\n<li><strong>S\u00e9curit\u00e9 accrue :<\/strong>\u00a0Gr\u00e2ce aux pare-chocs rembourr\u00e9s \u00e0 l\u2019avant et \u00e0 l\u2019arri\u00e8re, vous n\u2019avez pas \u00e0 vous soucier des chocs ou des rayures.<\/li>\n\n\n\n<li><strong>Compact et pratique :<\/strong>\u00a0Avec une longueur de 140 cm et une dimension de jour de 60 mm, le CARVE est facile \u00e0 transporter et \u00e0 ranger.<\/li>\n\n\n\n<li><strong>Conception adapt\u00e9e aux seuils :<\/strong>\u00a0La construction unique du CARVE permet de franchir facilement les bosses sans d\u00e9stabiliser la charge.<\/li>\n<\/ol>\n\n\n\n<p>Un rapport de TNO de juin 2018 montre qu\u2019outre la charge de travail psychosociale, la charge physique reste la principale cause de maladies professionnelles et d\u2019absent\u00e9isme. Les troubles physiques, tels que les douleurs au dos, aux \u00e9paules, au cou, aux genoux et aux hanches, peuvent \u00eatre \u00e9vit\u00e9s gr\u00e2ce \u00e0 des outils appropri\u00e9s. Marcher en soulevant quelque chose peut entra\u00eener ces troubles. C\u2019est pourquoi AtoutL\u00e8ve propose ce chariot de transport avec des pneus \u00e0 air. Assurez-vous toujours que les chariots (mais aussi les supports \u00e0 verre) sont de niveau pour \u00e9viter que le verre ne tombe.<\/p>\n\n\n\n<p>Optez pour la qualit\u00e9, la durabilit\u00e9 et le style. Optez pour le chariot de transport CARVE 500 kg. Votre travail devient plus simple, plus s\u00fbr et plus efficace. Commandez maintenant et constatez la diff\u00e9rence !<\/p>\n","protected":false},"excerpt":{"rendered":"<p><strong>Le chariot de transport \/ chariot \u00e0 plaques \/ chariot \u00e0 verre l\u00e9ger CARVE : parfait pour le montage de verre (triple), de portes et de plans de travail dans les petits espaces.<\/strong><\/p>\n<p><strong>Nouveau : maintenant avec bord de protection en caoutchouc et amortisseur avant et arri\u00e8re<\/strong>.\u00a0<strong>Le Carve 2.0<\/strong><\/p>\n<p><strong>\u2714\u00a0L = 150 cm, H = 26 cm, L = 47 cm<\/strong><\/p>\n<p><strong>\u2714\u00a0<\/strong><strong>Bord de protection (nouveau).<\/strong><\/p>\n<p><strong>\u2714\u00a0<\/strong><strong>Gorge de dimension de jour 6 cm.<\/strong><\/p>\n<p><strong>\u2714<\/strong>\u00a0<strong>CMU 500 kg.<\/strong><\/p>\n<p><strong>\u2714\u00a0Poids propre 9 kg.<\/strong><\/p>\n<p><strong>\u2714\u00a0<\/strong><strong>Avec pneus gonflables (bon amortissement).<\/strong><\/p>\n<p><strong>\u2714\u00a0<\/strong><strong>Pare-chocs de s\u00e9curit\u00e9 contre le renversement du chariot.<\/strong><\/p>\n<p><strong>x<\/strong>\u00a0<strong>Pinces de serrage non incluses<\/strong><\/p>\n<p>\u2660\u00a0<strong>Pince de serrage \u00e0 commander s\u00e9par\u00e9ment :<\/strong><\/p>\n<ul>\n<li><a href=\"https:\/\/gevelridder.nl\/fr\/product\/serre-joint-alu-pour-chariot-a-vitres\/\">Pince de serrage en alu (conseil)<\/a><\/li>\n<li><a href=\"https:\/\/gevelridder.nl\/fr\/product\/bride-de-serrage-pour-chariot-a-vitres-1-0-en-acier\/\">Pince de serrage en acier<\/a><\/li>\n<li><a href=\"https:\/\/gevelridder.nl\/fr\/product\/lance-de-fixation-pour-le-chariot-a-panneaux\/\">Lance de serrage<\/a><\/li>\n<\/ul>\n<ul>\n<li>\n<ul>\n<li><\/li>\n<\/ul>\n<\/li>\n<\/ul>\n","protected":false},"featured_media":131943,"template":"","meta":{"_acf_changed":false,"_seopress_robots_primary_cat":"none","_seopress_titles_title":"","_seopress_titles_desc":"","_seopress_robots_index":""},"product_brand":[],"product_cat":[891,893,895],"product_tag":[1474,1036,993,1081,1015,1030,1057,1658,1333,1327,1336],"class_list":{"0":"post-133262","1":"product","2":"type-product","3":"status-publish","4":"has-post-thumbnail","6":"product_cat-chariot-a-panneaux-et-a-vitres","7":"product_cat-chariots-de-facade","8":"product_cat-diable-a-vitres","9":"product_tag-chariot-a-chassis","10":"product_tag-chariot-a-chassis-2","11":"product_tag-chariot-a-portes","12":"product_tag-chariot-a-triple-vitrage","13":"product_tag-chariot-a-vitres","14":"product_tag-chariot-a-vitres-chariot-a-panneaux","15":"product_tag-chariots-a-panneaux","16":"product_tag-transport-de-triple-vitrage","17":"product_tag-transport-de-verre","18":"product_tag-transport-de-verre-2","19":"product_tag-transport-de-verre-a-la-main","20":"product_shipping_class-colis-160-50-40","22":"first","23":"instock","24":"taxable","25":"shipping-taxable","26":"purchasable","27":"product-type-simple"},"acf":[],"_links":{"self":[{"href":"https:\/\/gevelridder.nl\/fr\/wp-json\/wp\/v2\/product\/133262","targetHints":{"allow":["GET"]}}],"collection":[{"href":"https:\/\/gevelridder.nl\/fr\/wp-json\/wp\/v2\/product"}],"about":[{"href":"https:\/\/gevelridder.nl\/fr\/wp-json\/wp\/v2\/types\/product"}],"wp:featuredmedia":[{"embeddable":true,"href":"https:\/\/gevelridder.nl\/fr\/wp-json\/wp\/v2\/media\/131943"}],"wp:attachment":[{"href":"https:\/\/gevelridder.nl\/fr\/wp-json\/wp\/v2\/media?parent=133262"}],"wp:term":[{"taxonomy":"product_brand","embeddable":true,"href":"https:\/\/gevelridder.nl\/fr\/wp-json\/wp\/v2\/product_brand?post=133262"},{"taxonomy":"product_cat","embeddable":true,"href":"https:\/\/gevelridder.nl\/fr\/wp-json\/wp\/v2\/product_cat?post=133262"},{"taxonomy":"product_tag","embeddable":true,"href":"https:\/\/gevelridder.nl\/fr\/wp-json\/wp\/v2\/product_tag?post=133262"}],"curies":[{"name":"wp","href":"https:\/\/api.w.org\/{rel}","templated":true}]}}