
{"id":133208,"date":"2026-03-24T11:39:17","date_gmt":"2026-03-24T11:39:17","guid":{"rendered":"https:\/\/gevelridder.nl\/product\/diable-cargoridder150-avec-levage\/"},"modified":"2026-04-06T18:27:53","modified_gmt":"2026-04-06T18:27:53","slug":"diable-cargoridder150-avec-levage","status":"publish","type":"product","link":"https:\/\/gevelridder.nl\/fr\/produit\/diable-cargoridder150-avec-levage\/","title":{"rendered":"Diable CargoRidder150 avec levage"},"content":{"rendered":"\n<h2 class=\"wp-block-heading\">Diable \u00e9l\u00e9vateur CargoRidder150 : La Solution Innovante pour un Travail S\u00fbr et Efficace<\/h2>\n\n\n\n<p>D\u00e9couvre le diable \u00e9l\u00e9vateur CargoRidder150, l\u2019aide au levage innovante.<\/p>\n\n\n\n<p>Le levage de charges lourdes doit \u00eatre \u00e9vit\u00e9 ! Prot\u00e8ge-toi et tes employ\u00e9s pendant le transport et le chargement de gros colis et \u00e9quipements.<\/p>\n\n\n\n<p>Avec ce diable sp\u00e9cial en aluminium \u00e9quip\u00e9 de grandes roues (D=250 mm) et d\u2019une plateforme ou fourche r\u00e9glable par treuil, le transport et le levage de charges sur les plateaux de camions, utilitaires, \u00e9tag\u00e8res ou tables de travail devient une option s\u00fbre.<\/p>\n\n\n\n<p>La conduite avec le diable inclin\u00e9 est \u00e9galement tr\u00e8s confortable gr\u00e2ce aux grandes roues et \u00e0 l\u2019inclinaison permise par les essieux plac\u00e9s loin vers l\u2019arri\u00e8re.<\/p>\n\n\n\n<p>Le d\u00e9fi auquel de nombreuses organisations font face est crucial pour la sant\u00e9 et l\u2019efficacit\u00e9 de leurs employ\u00e9s. Imagine : ton client travaille avec des cartons de plus de 23 kg, qui doivent \u00eatre distribu\u00e9s quotidiennement depuis un centre logistique vers diverses destinations avec des utilitaires sans hayon. Actuellement, le levage de ces f\u00fbts lourds se fait souvent manuellement. Ce qui est non seulement p\u00e9nible pour le corps des employ\u00e9s, mais affecte aussi n\u00e9gativement leur satisfaction au travail. De plus, ces manipulations manuelles d\u00e9passent les normes de levage en vigueur de 23 kg, ce qui est contraire \u00e0 la r\u00e9glementation actuelle.<\/p>\n\n\n\n<p>Nous comprenons les d\u00e9fis auxquels ton organisation est confront\u00e9e et nous avons la solution. Contrairement \u00e0 de nombreux autres processus de d\u00e9veloppement qui m\u00e8nent souvent \u00e0 des appareils complexes, co\u00fbteux et particuli\u00e8rement lourds, nous avons choisi une approche privil\u00e9giant la facilit\u00e9 d\u2019utilisation et l\u2019efficacit\u00e9 des co\u00fbts. Notre objectif est d\u2019offrir un outil pratique qui r\u00e9pond parfaitement aux besoins de tes employ\u00e9s.<\/p>\n\n\n\n<h3 class=\"wp-block-heading\">Conception du diable \u00e9l\u00e9vateur CargoRidder<\/h3>\n\n\n\n<p>Le diable \u00e9l\u00e9vateur CargoRidder est con\u00e7u pour fonctionner en harmonie avec l\u2019homme, comme un artisan avec ses outils. Avec le diable \u00e9l\u00e9vateur CargoRidder, tes employ\u00e9s peuvent soulever des charges lourdes en toute s\u00e9curit\u00e9 et efficacement, sans risques de surcharge et de mal de dos. Notre philosophie est simple : ce doit \u00eatre non seulement s\u00fbr, mais aussi pratique et facile \u00e0 utiliser.<\/p>\n\n\n\n<p>Quelques caract\u00e9ristiques du diable \u00e9l\u00e9vateur CargoRidder :<\/p>\n\n\n\n<ul class=\"wp-block-list\">\n<li>La s\u00e9curit\u00e9 avant tout : Nous avons veill\u00e9 \u00e0 ce que le diable \u00e9l\u00e9vateur CargoRidder respecte toutes les normes de s\u00e9curit\u00e9, et les risques r\u00e9siduels \u00e9ventuels sont couverts par des instructions de s\u00e9curit\u00e9 claires.<\/li>\n\n\n\n<li>Le diable p\u00e8se 24 kg, ce qui le rend facile \u00e0 transporter et ne constitue pas une charge suppl\u00e9mentaire pour tes employ\u00e9s.<\/li>\n\n\n\n<li>Compact et portable : Gr\u00e2ce \u00e0 sa conception compacte, le diable \u00e9l\u00e9vateur CargoRidder peut facilement \u00eatre transport\u00e9 dans l\u2019utilitaire sans prendre d\u2019espace pr\u00e9cieux.<\/li>\n\n\n\n<li>CMU 150 kg<\/li>\n\n\n\n<li>Poids propre 24 kg, les fourches 5 kg.<\/li>\n<\/ul>\n\n\n\n<p>Nous sommes convaincus que le diable \u00e9l\u00e9vateur CargoRidder150 (un mini-\u00e9l\u00e9vateur) sera un compl\u00e9ment pr\u00e9cieux \u00e0 tes activit\u00e9s professionnelles. Investis dans la sant\u00e9 et l\u2019efficacit\u00e9 de tes employ\u00e9s et profite \u00e0 long terme d\u2019une r\u00e9duction de l\u2019absent\u00e9isme et d\u2019un environnement de travail agr\u00e9able.<\/p>\n\n\n\n<p>Opte pour le diable \u00e9l\u00e9vateur CargoRidder et fais la diff\u00e9rence dans ton organisation. Contacte-nous d\u00e8s aujourd\u2019hui et d\u00e9couvre comment le diable \u00e9l\u00e9vateur CargoRidder peut \u00e9lever ton entreprise \u00e0 un niveau sup\u00e9rieur. Nous ne vendons pas un produit, nous investissons dans ton bien-\u00eatre !<\/p>\n\n\n\n<h3 class=\"wp-block-heading\"><strong>TNO \u2013 Faits sur la charge physique de travail<\/strong><\/h3>\n\n\n\n<p>La charge physique reste une cause importante de maladies professionnelles et d\u2019absent\u00e9isme. Nos produits sont con\u00e7us pour contribuer \u00e0 un environnement de travail plus sain, conform\u00e9ment aux conclusions de TNO.<\/p>\n\n\n\n<p>D\u00e9couvre la puissance du diable \u00e9l\u00e9vateur CargoRidder. Un superbe mini-\u00e9l\u00e9vateur pour un transport efficace et des conditions de travail saines.<\/p>\n","protected":false},"excerpt":{"rendered":"<p>\u2714\u00a0Diable \u00e9l\u00e9vateur CMU 150 kg<\/p>\n<p>\u2714\u00a0Pneus tout-terrain pleins<\/p>\n<p>\u2714\u00a0Fourches r\u00e9glables 32-59 cm<\/p>\n<p>\u2714\u00a0Hauteur de levage 105 cm, minimum 62 mm<\/p>\n<p>\u2714\u00a0Pliable<\/p>\n<p>\u2714\u00a0Poids : m\u00e2t 24 kg, fourche 5 kg<\/p>\n<p>\u2714\u00a0Dimensions : fourche 370 x 320 \u2013 590 mm<\/p>\n<p>\u2714\u00a0Treuil \u2013 capacit\u00e9 : c\u00e2ble \u00d8 4 mm \u2013 230 kg, m\u00e9canisme de treuil DIN 15020 \u2013 1429 kg<\/p>\n<p>\u2714\u00a0D\u00e9ploiement rapide, avec diff\u00e9rentes options<\/p>\n","protected":false},"featured_media":132305,"template":"","meta":{"_acf_changed":false,"_seopress_robots_primary_cat":"none","_seopress_titles_title":"","_seopress_titles_desc":"","_seopress_robots_index":""},"product_brand":[],"product_cat":[890,892,893],"product_tag":[1465,1548,1649,1045,1650],"class_list":{"0":"post-133208","1":"product","2":"type-product","3":"status-publish","4":"has-post-thumbnail","6":"product_cat-cargoridder","7":"product_cat-chariots","8":"product_cat-chariots-de-facade","9":"product_tag-coursier","10":"product_tag-monte-materiaux","11":"product_tag-prevention-du-mal-de-dos","12":"product_tag-secteur-logistique","13":"product_tag-slim-dozen-tillen-in-bus","14":"product_shipping_class-europalette","16":"first","17":"instock","18":"taxable","19":"shipping-taxable","20":"purchasable","21":"product-type-simple"},"acf":[],"_links":{"self":[{"href":"https:\/\/gevelridder.nl\/fr\/wp-json\/wp\/v2\/product\/133208","targetHints":{"allow":["GET"]}}],"collection":[{"href":"https:\/\/gevelridder.nl\/fr\/wp-json\/wp\/v2\/product"}],"about":[{"href":"https:\/\/gevelridder.nl\/fr\/wp-json\/wp\/v2\/types\/product"}],"wp:featuredmedia":[{"embeddable":true,"href":"https:\/\/gevelridder.nl\/fr\/wp-json\/wp\/v2\/media\/132305"}],"wp:attachment":[{"href":"https:\/\/gevelridder.nl\/fr\/wp-json\/wp\/v2\/media?parent=133208"}],"wp:term":[{"taxonomy":"product_brand","embeddable":true,"href":"https:\/\/gevelridder.nl\/fr\/wp-json\/wp\/v2\/product_brand?post=133208"},{"taxonomy":"product_cat","embeddable":true,"href":"https:\/\/gevelridder.nl\/fr\/wp-json\/wp\/v2\/product_cat?post=133208"},{"taxonomy":"product_tag","embeddable":true,"href":"https:\/\/gevelridder.nl\/fr\/wp-json\/wp\/v2\/product_tag?post=133208"}],"curies":[{"name":"wp","href":"https:\/\/api.w.org\/{rel}","templated":true}]}}