
{"id":133181,"date":"2026-03-24T11:35:38","date_gmt":"2026-03-24T11:35:38","guid":{"rendered":"https:\/\/gevelridder.nl\/product\/support-de-levage-pour-stores-et-volets-roulants\/"},"modified":"2026-04-06T19:09:17","modified_gmt":"2026-04-06T19:09:17","slug":"support-de-levage-pour-stores-et-volets-roulants","status":"publish","type":"product","link":"https:\/\/gevelridder.nl\/fr\/produit\/support-de-levage-pour-stores-et-volets-roulants\/","title":{"rendered":"Support de levage pour stores et volets roulants"},"content":{"rendered":"\n<h2 class=\"wp-block-heading\">Support de levage pour stores et volets roulants<\/h2>\n\n\n\n<p>Le support de levage pour stores et volets roulants d\u2019AtoutL\u00e8ve est non seulement pratique, mais il vous \u00e9vite \u00e9galement de devoir monter \u00e0 l\u2019\u00e9chelle avec le store ou le volet roulant lourd. Le support est facile \u00e0 monter et \u00e0 d\u00e9monter, de sorte qu\u2019il prend peu de place dans le fourgon. Pour \u00e9viter d\u2019endommager le store ou le volet roulant, le support est soigneusement recouvert de moquette.<\/p>\n\n\n\n<p>La charge physique, outre la charge psychosociale, est toujours la principale cause de maladies professionnelles et d\u2019absent\u00e9isme. Ceci est une fiche d\u2019information de TNO avec des chiffres de juin 2018. Utilisez donc les aides au levage d\u2019AtoutL\u00e8ve.<\/p>\n","protected":false},"excerpt":{"rendered":"<p>ATTENTION : nous fabriquons sur mesure et selon vos souhaits le support de levage pour votre store ou volet roulant. Appelez-nous pour plus d\u2019informations. Le support de levage pour stores et volets roulants d\u2019AtoutL\u00e8ve est non seulement pratique, mais il vous \u00e9vite \u00e9galement de devoir monter \u00e0 l\u2019\u00e9chelle avec ce poids important. Le support est facile \u00e0 monter et \u00e0 d\u00e9monter, de sorte qu\u2019il prend peu de place dans le fourgon. Pour \u00e9viter d\u2019endommager le store ou le volet roulant, le support est soigneusement recouvert de moquette. Vous avez bien s\u00fbr \u00e9galement besoin d\u2019un AtoutL\u00e8ve en plus du support, nous vous conseillons l\u2019<a href=\"https:\/\/gevelridder.nl\/?post_type=product&amp;p=99254\">AtoutL\u00e8ve M<\/a>\u00a0pour \u00e9galement placer le store au premier \u00e9tage. De plus, il est judicieux d\u2019acheter le\u00a0<a href=\"https:\/\/gevelridder.nl\/fr\/?post_type=product&amp;p=129060\">wheelie<\/a>\u00a0pour le transport horizontal. Bien s\u00fbr, vous pouvez \u00e9galement acheter des \u00e9chelles chez nous : FABRIQU\u00c9 en Hollande !<\/p>\n","protected":false},"featured_media":131867,"template":"","meta":{"_acf_changed":false,"_seopress_robots_primary_cat":"none","_seopress_titles_title":"","_seopress_titles_desc":"","_seopress_robots_index":""},"product_brand":[],"product_cat":[888,889,904],"product_tag":[1605,1601,1602,1583,1396,1603,1096,1606,1604],"class_list":{"0":"post-133181","1":"product","2":"type-product","3":"status-publish","4":"has-post-thumbnail","6":"product_cat-atoutleve","7":"product_cat-atoutleves","8":"product_cat-pieces-detachees","9":"product_tag-accrocher-un-store-banne","10":"product_tag-alumninium","11":"product_tag-hijsbeugel-zonwering","12":"product_tag-monter-un-store-banne","13":"product_tag-support-de-levage","14":"product_tag-support-de-levage-de-volet-roulant","15":"product_tag-support-de-levage-pour-stores","16":"product_tag-support-de-store-banne","17":"product_tag-traverse","18":"product_shipping_class-65-euros","20":"first","21":"instock","22":"sale","23":"taxable","24":"shipping-taxable","25":"purchasable","26":"product-type-simple"},"acf":[],"_links":{"self":[{"href":"https:\/\/gevelridder.nl\/fr\/wp-json\/wp\/v2\/product\/133181","targetHints":{"allow":["GET"]}}],"collection":[{"href":"https:\/\/gevelridder.nl\/fr\/wp-json\/wp\/v2\/product"}],"about":[{"href":"https:\/\/gevelridder.nl\/fr\/wp-json\/wp\/v2\/types\/product"}],"wp:featuredmedia":[{"embeddable":true,"href":"https:\/\/gevelridder.nl\/fr\/wp-json\/wp\/v2\/media\/131867"}],"wp:attachment":[{"href":"https:\/\/gevelridder.nl\/fr\/wp-json\/wp\/v2\/media?parent=133181"}],"wp:term":[{"taxonomy":"product_brand","embeddable":true,"href":"https:\/\/gevelridder.nl\/fr\/wp-json\/wp\/v2\/product_brand?post=133181"},{"taxonomy":"product_cat","embeddable":true,"href":"https:\/\/gevelridder.nl\/fr\/wp-json\/wp\/v2\/product_cat?post=133181"},{"taxonomy":"product_tag","embeddable":true,"href":"https:\/\/gevelridder.nl\/fr\/wp-json\/wp\/v2\/product_tag?post=133181"}],"curies":[{"name":"wp","href":"https:\/\/api.w.org\/{rel}","templated":true}]}}