
{"id":133178,"date":"2026-04-03T09:29:11","date_gmt":"2026-04-03T09:29:11","guid":{"rendered":"https:\/\/gevelridder.nl\/product\/serre-joint-alu-pour-chariot-a-vitres\/"},"modified":"2026-04-06T19:05:25","modified_gmt":"2026-04-06T19:05:25","slug":"serre-joint-alu-pour-chariot-a-vitres","status":"publish","type":"product","link":"https:\/\/gevelridder.nl\/fr\/produit\/serre-joint-alu-pour-chariot-a-vitres\/","title":{"rendered":"Serre-joint Alu pour Chariot \u00e0 vitres"},"content":{"rendered":"\n<h2 class=\"wp-block-heading\">Pince de serrage<\/h2>\n\n\n\n<p>Ce serre-joint 2.1 pratique d\u2019AtoutL\u00e8ve n\u2019est pas seulement l\u00e9ger, mais aussi s\u00fbr et robuste \u00e0 l\u2019usage. Gr\u00e2ce au long chariot, ce serre-joint en aluminium peut m\u00eame \u00eatre \u00ab gar\u00e9 \u00bb \u00e0 l\u2019arri\u00e8re du Chariot \u00e0 vitres.<\/p>\n\n\n\n<p>En principe, 1 serre-joint suffit si tu l\u2019utilises sur le Chariot \u00e0 vitres en aluminium. Pour les grandes vitres, nous recommandons deux serre-joints.<\/p>\n\n\n\n<p>Fabriqu\u00e9 en aluminium de haute qualit\u00e9 avec plaque de grenouille en inox et recouvert du m\u00eame tapis que le chariot \u00e0 vitres. Prix \u00e0 l\u2019unit\u00e9.<\/p>\n\n\n\n<p>Les serre-joints sont un \u00e9l\u00e9ment crucial pour la s\u00e9curit\u00e9 dans ton atelier ou sur le chantier. Des situations dangereuses peuvent survenir si le chariot \u00e0 vitres ou le chevalet \u00e0 verre n\u2019est pas droit, ce qui peut faire tomber le verre ou d\u2019autres mat\u00e9riaux en plaques. Mais les conditions m\u00e9t\u00e9orologiques peuvent aussi causer des dangers inattendus. Sur un chantier, dans un jardin ou sur un balcon, le vent est un risque ; les plaques de verre prennent beaucoup de vent. Ne laisse donc jamais ton chariot \u00e0 vitres sans surveillance sur le chantier, surtout par vent. Une rafale peut faire basculer tout le chariot. Le serre-joint est cette main suppl\u00e9mentaire n\u00e9cessaire pour un transport de verre s\u00e9curis\u00e9.<\/p>\n\n\n\n<p>Les produits AtoutL\u00e8ve sont principalement en aluminium : l\u00e9gers, solides, rapidement d\u00e9ployables et fabriqu\u00e9s en Hollande. C\u2019est pourquoi ce serre-joint s\u2019int\u00e8gre parfaitement dans la gamme d\u2019AtoutL\u00e8ve, ton sp\u00e9cialiste en \u00e9quipements de levage !<\/p>\n","protected":false},"excerpt":{"rendered":"<p><b>\u2714\u00a0<\/b><strong>\u00c0 utiliser pour nos chariots \u00e0 verre \/ plaques.<\/strong><\/p>\n<p><b>\u2714\u00a0<\/b><strong>Pour fixer verre\/plaques sur le chantier.<\/strong><\/p>\n<p><strong>\u2714\u00a0L\u00e9ger, en aluminium<\/strong><\/p>\n<p><strong>\u2714\u00a0Plaque de grenouille inox,\u00a0extra solide<\/strong><\/p>\n<p><strong>\u2714\u00a0L= 70 cm, Ltapis = 36 mm<\/strong><\/p>\n<p><strong>\u2714\u00a0tube requis dimension jour 25\u00d725<\/strong><\/p>\n<p><strong>\u2714\u00a0Poids propre 2 kg.<\/strong><\/p>\n<p><strong>\u2714\u00a0<\/strong><strong>recouvert de tapis \u00e0 verre.<\/strong><\/p>\n<p><strong>\u2714\u00a0<\/strong><strong>Fabriqu\u00e9\u00a0en\u00a0Hollande.<\/strong><\/p>\n<p>Le serre-joint en aluminium d\u2019AtoutL\u00e8ve, sp\u00e9cialement con\u00e7u pour nos chariots \u00e0 vitres l\u00e9gers.<\/p>\n<p>Attention : Non adapt\u00e9 pour les situations de transport routier (par ex. sur remorque sur la voie publique &gt; 7 km\/h).<\/p>\n","protected":false},"featured_media":1864,"template":"","meta":{"_acf_changed":false,"_seopress_robots_primary_cat":"none","_seopress_titles_title":"Serre-joint 2025 pour Chariot \u00e0 vitres","_seopress_titles_desc":"Serre-joint l\u00e9ger pratique pour nos chariots \u00e0 verre en aluminium pour fixer le verre contre les chutes vers l'avant. Le serre-joint est recouvert de tapis \u00e0 verre.","_seopress_robots_index":""},"product_brand":[],"product_cat":[891,892,895,905],"product_tag":[1511,1054,1015,1500,1513,1515,1512,1514],"class_list":{"0":"post-133178","1":"product","2":"type-product","3":"status-publish","4":"has-post-thumbnail","6":"product_cat-chariot-a-panneaux-et-a-vitres","7":"product_cat-chariots","8":"product_cat-diable-a-vitres","9":"product_cat-pieces-detachees-2","10":"product_tag-chariot-a-panneaux-2","11":"product_tag-chariot-a-panneaux","12":"product_tag-chariot-a-vitres","13":"product_tag-leger","14":"product_tag-pince-de-serrage","15":"product_tag-securite","16":"product_tag-serre-joint-aluminium","17":"product_tag-support-verre","18":"product_shipping_class-paquet-80-50-20","20":"first","21":"instock","22":"taxable","23":"shipping-taxable","24":"purchasable","25":"product-type-simple"},"acf":[],"_links":{"self":[{"href":"https:\/\/gevelridder.nl\/fr\/wp-json\/wp\/v2\/product\/133178","targetHints":{"allow":["GET"]}}],"collection":[{"href":"https:\/\/gevelridder.nl\/fr\/wp-json\/wp\/v2\/product"}],"about":[{"href":"https:\/\/gevelridder.nl\/fr\/wp-json\/wp\/v2\/types\/product"}],"wp:featuredmedia":[{"embeddable":true,"href":"https:\/\/gevelridder.nl\/fr\/wp-json\/wp\/v2\/media\/1864"}],"wp:attachment":[{"href":"https:\/\/gevelridder.nl\/fr\/wp-json\/wp\/v2\/media?parent=133178"}],"wp:term":[{"taxonomy":"product_brand","embeddable":true,"href":"https:\/\/gevelridder.nl\/fr\/wp-json\/wp\/v2\/product_brand?post=133178"},{"taxonomy":"product_cat","embeddable":true,"href":"https:\/\/gevelridder.nl\/fr\/wp-json\/wp\/v2\/product_cat?post=133178"},{"taxonomy":"product_tag","embeddable":true,"href":"https:\/\/gevelridder.nl\/fr\/wp-json\/wp\/v2\/product_tag?post=133178"}],"curies":[{"name":"wp","href":"https:\/\/api.w.org\/{rel}","templated":true}]}}