
{"id":133120,"date":"2026-03-24T08:17:09","date_gmt":"2026-03-24T08:17:09","guid":{"rendered":"https:\/\/gevelridder.nl\/product\/entretoise-atoutleve-pi\/"},"modified":"2026-04-13T14:51:35","modified_gmt":"2026-04-13T14:51:35","slug":"entretoise-atoutleve-pi","status":"publish","type":"product","link":"https:\/\/gevelridder.nl\/fr\/produit\/entretoise-atoutleve-pi\/","title":{"rendered":"Entretoise AtoutL\u00e8ve Pi"},"content":{"rendered":"\n<p>Utilisez-vous d\u00e9j\u00e0 l\u2019entretoise AtoutL\u00e8ve Base pour l\u2019<a href=\"https:\/\/gevelridder.nl\/product\/gevelridder-s-incl-afstandhouder\/\">AtoutL\u00e8ve S<\/a>&nbsp;et l\u2019<a href=\"https:\/\/gevelridder.nl\/?post_type=product&amp;p=99254\">AtoutL\u00e8ve M<\/a>&nbsp;?<\/p>\n\n\n\n<h2 class=\"wp-block-heading\">Joute avec l\u2019entretoise AtoutL\u00e8ve Pi<\/h2>\n\n\n\n<p>La joute est votre jeu pr\u00e9f\u00e9r\u00e9, quand la lance est plus longue que celle du concurrent pendant la joute \u00e0 cheval, les chances de gagner sont les plus grandes. Il en va de m\u00eame avec l\u2019utilisation d\u2019outils dans la construction. Avec #constructionIntelligente, tu devances la concurrence !<\/p>\n\n\n\n<p>Nous, Chevaliers de la Table Ronde, rompons une lance en faveur des produits AtoutL\u00e8ve !<\/p>\n\n\n\n<p>Les tubes de l\u2019entretoise de base sont fabriqu\u00e9s en aluminium et sont donc l\u00e9gers. Les entretoises sont utilis\u00e9es pour \u00e9loigner le crochet de l\u2019AtoutL\u00e8ve de la fa\u00e7ade. Ceci est n\u00e9cessaire dans les situations o\u00f9, par exemple, un pare-soleil d\u00e9passe de la fa\u00e7ade. Les entretoises sont \u00e9galement pratiques dans les situations o\u00f9 il n\u2019y a pas d\u2019espace au-dessus du cadre pour soutenir l\u2019AtoutL\u00e8ve. L\u2019AtoutL\u00e8ve peut alors \u00eatre plac\u00e9 sur le toit sup\u00e9rieur avec ces supports. La traverse de cette entretoise est \u00e9galement con\u00e7ue pour \u00eatre plac\u00e9e contre les montants d\u2019un chevalet ou d\u2019un support \u00e0 verre. Ainsi, tu peux placer le verre avec l\u2019AtoutL\u00e8ve sur notre&nbsp;<a href=\"https:\/\/gevelridder.nl\/product\/glaskar-250-platenwagen\/\">chariot \u00e0 verre<\/a>.<\/p>\n\n\n\n<p>D\u2019o\u00f9 vient l\u2019expression \u00ab rompre une lance pour quelque chose \u00bb ? Selon notre langue, voici ce qui&nbsp;<a href=\"https:\/\/onzetaal.nl\/schatkamer\/lezen\/uitdrukkingen\/ergens-een-lans-voor-breken\">suit<\/a>&nbsp;:<\/p>\n\n\n\n<p><em>Rompre une lance pour quelque chose<\/em>&nbsp;signifie \u2018d\u00e9fendre quelque chose\u2019, \u2018recommander quelque chose\u2019. Tu peux aussi&nbsp;<em>rompre une lance pour quelqu\u2019un<\/em>&nbsp;; cela signifie que tu prends sa d\u00e9fense ou que tu le\/la prot\u00e8ges.<\/p>\n\n\n\n<p>Pour en savoir plus sur la s\u00e9curit\u00e9, consulte&nbsp;<a href=\"https:\/\/www.nlarbeidsinspectie.nl\/onderwerpen\/arbocatalogus\" target=\"_blank\" rel=\"noreferrer noopener\">le catalogue de s\u00e9curit\u00e9 au travail.<\/a><\/p>\n\n\n\n<p>Cette expression existe dans de nombreuses langues, par exemple :&nbsp;<em>f\u00fcr jemanden\/etwas eine Lanze brechen\/einlegen<\/em>&nbsp;(allemand),&nbsp;<em>rompre des lances pour quelqu\u2019un(e)<\/em>&nbsp;(fran\u00e7ais),&nbsp;<em>to break a lance for someone\/something<\/em>&nbsp;(anglais) et&nbsp;<em>spezzare una lancia a\/in favore di qualcuno\/qualcosa<\/em>&nbsp;(italien).<\/p>\n\n\n\n<p>C\u2019est bon \u00e0 savoir\u2026<\/p>\n\n\n\n<p>L\u2019entretoise AtoutL\u00e8ve Base convient uniquement \u00e0 l\u2019<a href=\"https:\/\/gevelridder.nl\/product\/gevelridder-s-incl-afstandhouder\/\">AtoutL\u00e8ve S<\/a>\u00a0et \u00e0 l\u2019<a href=\"https:\/\/gevelridder.nl\/fr\/produit\/atoutleve-m-hybride\/\">AtoutL\u00e8ve M<\/a>.<\/p>\n","protected":false},"excerpt":{"rendered":"<p>Chers Chevaliers, utilisez-vous d\u00e9j\u00e0 l\u2019entretoise AtoutL\u00e8ve base avec l\u2019<a href=\"https:\/\/gevelridder.nl\/fr\/produit\/atoutleve-m-hybride\/\">AtoutL\u00e8ve M<\/a>\u00a0ou l\u2019<a href=\"https:\/\/gevelridder.nl\/product\/gevelridder-s-incl-afstandhouder\/\">AtoutL\u00e8ve S<\/a>\u00a0? Cette entretoise de base convient \u00e9galement pour soulever le verre du chevalet. La joute est votre jeu pr\u00e9f\u00e9r\u00e9, quand la lance est plus longue que celle du concurrent pendant la joute \u00e0 cheval, les chances de gagner sont les plus grandes. Il en va de m\u00eame avec l\u2019utilisation d\u2019outils dans la construction. Avec #constructionIntelligente, tu devances la concurrence ! Nous, Chevaliers de la Table Ronde, rompons une lance en faveur des produits AtoutL\u00e8ve ! Cette entretoise est fournie en standard avec l\u2019AtoutL\u00e8ve M et S, donc tu n\u2019as pas besoin de la commander s\u00e9par\u00e9ment.<\/p>\n","protected":false},"featured_media":131391,"template":"","meta":{"_acf_changed":false,"_seopress_robots_primary_cat":"none","_seopress_titles_title":"","_seopress_titles_desc":"","_seopress_robots_index":""},"product_brand":[],"product_cat":[904],"product_tag":[1110,1116,1399,1477],"class_list":{"0":"post-133120","1":"product","2":"type-product","3":"status-publish","4":"has-post-thumbnail","6":"product_cat-pieces-detachees","7":"product_tag-distance","8":"product_tag-entretoise-atoutleve","9":"product_tag-palan","10":"product_tag-treuils","11":"product_shipping_class-40-euros","13":"first","14":"instock","15":"taxable","16":"shipping-taxable","17":"purchasable","18":"product-type-simple"},"acf":[],"_links":{"self":[{"href":"https:\/\/gevelridder.nl\/fr\/wp-json\/wp\/v2\/product\/133120","targetHints":{"allow":["GET"]}}],"collection":[{"href":"https:\/\/gevelridder.nl\/fr\/wp-json\/wp\/v2\/product"}],"about":[{"href":"https:\/\/gevelridder.nl\/fr\/wp-json\/wp\/v2\/types\/product"}],"wp:featuredmedia":[{"embeddable":true,"href":"https:\/\/gevelridder.nl\/fr\/wp-json\/wp\/v2\/media\/131391"}],"wp:attachment":[{"href":"https:\/\/gevelridder.nl\/fr\/wp-json\/wp\/v2\/media?parent=133120"}],"wp:term":[{"taxonomy":"product_brand","embeddable":true,"href":"https:\/\/gevelridder.nl\/fr\/wp-json\/wp\/v2\/product_brand?post=133120"},{"taxonomy":"product_cat","embeddable":true,"href":"https:\/\/gevelridder.nl\/fr\/wp-json\/wp\/v2\/product_cat?post=133120"},{"taxonomy":"product_tag","embeddable":true,"href":"https:\/\/gevelridder.nl\/fr\/wp-json\/wp\/v2\/product_tag?post=133120"}],"curies":[{"name":"wp","href":"https:\/\/api.w.org\/{rel}","templated":true}]}}