
{"id":133112,"date":"2026-03-24T08:17:10","date_gmt":"2026-03-24T08:17:10","guid":{"rendered":"https:\/\/gevelridder.nl\/product\/entretoise-atoutleve-2-metres\/"},"modified":"2026-04-06T18:36:13","modified_gmt":"2026-04-06T18:36:13","slug":"entretoise-atoutleve-2-metres","status":"publish","type":"product","link":"https:\/\/gevelridder.nl\/fr\/produit\/entretoise-atoutleve-2-metres\/","title":{"rendered":"Entretoise AtoutL\u00e8ve 2 m\u00e8tres"},"content":{"rendered":"\n<p>Chers Chevaliers, utilisez-vous d\u00e9j\u00e0 l\u2019entretoise AtoutL\u00e8ve 2 m\u00e8tres avec l\u2019<a href=\"https:\/\/gevelridder.nl\/product\/gevelridder-l\/\">AtoutL\u00e8ve L<\/a>&nbsp;?<\/p>\n\n\n\n<h2 class=\"wp-block-heading\">Joute avec l\u2019entretoise AtoutL\u00e8ve 2 m\u00e8tres<\/h2>\n\n\n\n<p>La joute est un jeu appr\u00e9ci\u00e9 de vous tous, si la lance est plus longue que celle de l\u2019adversaire pendant la joute \u00e0 cheval, les chances de gagner sont les plus grandes. Il en va de m\u00eame avec l\u2019utilisation d\u2019outils dans la construction. Avec #constructionintelligente, tu surpasses la concurrence !<\/p>\n\n\n\n<p>Nous, Chevaliers de la table ronde, brisons la lance pour les produits d\u2019AtoutL\u00e8ve !<\/p>\n\n\n\n<p>Les tubes sont en aluminium et donc l\u00e9gers. Les entretoises sont utilis\u00e9es pour \u00e9loigner davantage le crochet de l\u2019AtoutL\u00e8ve de la fa\u00e7ade. Ceci est n\u00e9cessaire dans la situation o\u00f9, par exemple, un dispositif de protection solaire d\u00e9passe de la fa\u00e7ade. Les entretoises sont \u00e9galement utiles dans la situation o\u00f9 il n\u2019y a pas d\u2019espace au-dessus du cadre pour soutenir l\u2019AtoutL\u00e8ve. L\u2019AtoutL\u00e8ve peut alors \u00eatre plac\u00e9 sur le toit sup\u00e9rieur avec ces supports.<\/p>\n\n\n\n<p>D\u2019o\u00f9 vient l\u2019expression \u00ab&nbsp;ergens een lans voor breken&nbsp;\u00bb (prendre la d\u00e9fense de quelque chose)&nbsp;? Selon notre langue, le&nbsp;<a href=\"https:\/\/onzetaal.nl\/schatkamer\/lezen\/uitdrukkingen\/ergens-een-lans-voor-breken\">suivant&nbsp;:<\/a><\/p>\n\n\n\n<p><em>Ergens een lans voor breken<\/em>&nbsp;signifie \u00ab&nbsp;d\u00e9fendre quelque chose&nbsp;\u00bb, \u00ab&nbsp;faire l\u2019\u00e9loge de quelque chose&nbsp;\u00bb. On peut aussi&nbsp;<em>voor iemand een lans breken<\/em>&nbsp;; cela signifie que l\u2019on prend la d\u00e9fense de quelqu\u2019un ou qu\u2019on le\/la d\u00e9fend.<\/p>\n\n\n\n<p>Le&nbsp;<em>Groot Uitdrukkingenwoordenboek<\/em>&nbsp;(Grand dictionnaire des expressions) de Van Dale (2006) indique que cette expression remonte au Moyen \u00c2ge. Lorsque des chevaliers brisaient une lance pour quelqu\u2019un, cela signifiait qu\u2019ils se battaient pour cette personne dans une joute (pendant un tournoi). Selon&nbsp;<a href=\"https:\/\/www.dbnl.org\/tekst\/stoe002nede01_01\/stoe002nede01_01_1358.php\" target=\"_blank\" rel=\"noreferrer noopener\">F.A. Stoett<\/a>&nbsp;\u00e9galement,&nbsp;<em>een lans breken<\/em>&nbsp;(briser une lance) vient du monde de la chevalerie&nbsp;;&nbsp;<em>een lans voor iemand breken<\/em>&nbsp;(briser une lance pour quelqu\u2019un) signifiait initialement \u00ab&nbsp;entrer dans l\u2019ar\u00e8ne pour cette personne&nbsp;\u00bb.<\/p>\n\n\n\n<p>Cette expression existe dans de nombreuses langues, par exemple&nbsp;:&nbsp;<em>f\u00fcr jemanden\/etwas eine Lanze brechen\/einlegen<\/em>&nbsp;(allemand),&nbsp;<em>rompre des lances pour quelqu\u2019un(e)<\/em>&nbsp;(fran\u00e7ais),&nbsp;<em>to break a lance for someone\/something<\/em>&nbsp;(anglais) et&nbsp;<em>spezzare una lancia a\/in favore di qualcuno\/qualcosa<\/em>&nbsp;(italien).<\/p>\n\n\n\n<p>C\u2019est juste pour que tu le saches\u2026<\/p>\n\n\n\n<p>L\u2019entretoise convient \u00e9galement pour l\u2019<a href=\"https:\/\/gevelridder.nl\/product\/gevelridder-s-incl-afstandhouder\/\">AtoutL\u00e8ve S<\/a>&nbsp;et l\u2019<a href=\"https:\/\/gevelridder.nl\/?post_type=product&amp;p=99254\">AtoutL\u00e8ve M<\/a>.<\/p>\n","protected":false},"excerpt":{"rendered":"<p>Chers Chevaliers, utilisez-vous d\u00e9j\u00e0 l\u2019entretoise AtoutL\u00e8ve 2 m\u00e8tres avec l\u2019<a href=\"https:\/\/gevelridder.nl\/product\/gevelridder-l\/\">AtoutL\u00e8ve L\u00a0?<\/a><\/p>\n<p>La joute est un jeu appr\u00e9ci\u00e9 de vous tous, si la lance est plus longue que celle de l\u2019adversaire pendant la joute \u00e0 cheval, les chances de gagner sont les plus grandes. Il en va de m\u00eame avec l\u2019utilisation d\u2019outils dans la construction. Avec #constructionintelligente, tu surpasses la concurrence\u00a0! La lance convient \u00e9galement pour l\u2019<a href=\"https:\/\/gevelridder.nl\/product\/gevelridder-s-incl-afstandhouder\/\">AtoutL\u00e8ve S<\/a>\u00a0et l\u2019<a href=\"https:\/\/gevelridder.nl\/?post_type=product&amp;p=99254\">AtoutL\u00e8ve M<\/a><\/p>\n<p>Nous, Chevaliers de la table ronde, brisons la lance pour les produits d\u2019AtoutL\u00e8ve !<\/p>\n","protected":false},"featured_media":131515,"template":"","meta":{"_acf_changed":false,"_seopress_robots_primary_cat":"none","_seopress_titles_title":"","_seopress_titles_desc":"","_seopress_robots_index":""},"product_brand":[],"product_cat":[904],"product_tag":[997,1113],"class_list":{"0":"post-133112","1":"product","2":"type-product","3":"status-publish","4":"has-post-thumbnail","6":"product_cat-pieces-detachees","7":"product_tag-atoutleve","8":"product_tag-entretoise","9":"product_shipping_class-40-euros","11":"first","12":"instock","13":"taxable","14":"shipping-taxable","15":"purchasable","16":"product-type-simple"},"acf":[],"_links":{"self":[{"href":"https:\/\/gevelridder.nl\/fr\/wp-json\/wp\/v2\/product\/133112","targetHints":{"allow":["GET"]}}],"collection":[{"href":"https:\/\/gevelridder.nl\/fr\/wp-json\/wp\/v2\/product"}],"about":[{"href":"https:\/\/gevelridder.nl\/fr\/wp-json\/wp\/v2\/types\/product"}],"wp:featuredmedia":[{"embeddable":true,"href":"https:\/\/gevelridder.nl\/fr\/wp-json\/wp\/v2\/media\/131515"}],"wp:attachment":[{"href":"https:\/\/gevelridder.nl\/fr\/wp-json\/wp\/v2\/media?parent=133112"}],"wp:term":[{"taxonomy":"product_brand","embeddable":true,"href":"https:\/\/gevelridder.nl\/fr\/wp-json\/wp\/v2\/product_brand?post=133112"},{"taxonomy":"product_cat","embeddable":true,"href":"https:\/\/gevelridder.nl\/fr\/wp-json\/wp\/v2\/product_cat?post=133112"},{"taxonomy":"product_tag","embeddable":true,"href":"https:\/\/gevelridder.nl\/fr\/wp-json\/wp\/v2\/product_tag?post=133112"}],"curies":[{"name":"wp","href":"https:\/\/api.w.org\/{rel}","templated":true}]}}