
{"id":132913,"date":"2026-03-25T08:47:54","date_gmt":"2026-03-25T08:47:54","guid":{"rendered":"https:\/\/gevelridder.nl\/politique-de-confidentialite\/"},"modified":"2026-04-02T10:21:53","modified_gmt":"2026-04-02T10:21:53","slug":"politique-de-confidentialite","status":"publish","type":"page","link":"https:\/\/gevelridder.nl\/fr\/politique-de-confidentialite\/","title":{"rendered":"Politique de confidentialit\u00e9"},"content":{"rendered":"\n<p>Lors du conseil et de l\u2019achat de nos services et\/ou produits, nous demandons tes donn\u00e9es personnelles. AtoutL\u00e8ve B.V. respecte le R\u00e8glement G\u00e9n\u00e9ral sur la Protection des Donn\u00e9es. Concernant la protection de ta vie priv\u00e9e, la politique suivante s\u2019applique.<\/p>\n\n\n\n<h4 class=\"wp-block-heading\"><strong>Responsables de ta&nbsp;<\/strong>vie priv\u00e9e<\/h4>\n\n\n\n<p>AtoutL\u00e8ve B.V., dont le si\u00e8ge social est situ\u00e9 Provincialeweg 4-9, 4013 CL Kapel Avezaath, inscrite au registre du commerce de la Chambre de Commerce sous le num\u00e9ro 61679232. Joignable au 085-0270020 et via info@gevelridder.nl.<\/p>\n\n\n\n<p>Le d\u00e9l\u00e9gu\u00e9 \u00e0 la protection des donn\u00e9es est Wim de Groot et est joignable au 085-0270020 et via info@gevelridder.nl.<\/p>\n\n\n\n<p>ainsi tu sais o\u00f9 t\u2019adresser pour tes questions de confidentialit\u00e9.<\/p>\n\n\n\n<h3 class=\"wp-block-heading\">Pourquoi traitons-nous tes donn\u00e9es priv\u00e9es ?<\/h3>\n\n\n\n<p>Dans le cadre de nos services, nous enregistrons des donn\u00e9es. Nous l\u2019avons d\u00e9taill\u00e9 dans le registre des donn\u00e9es. Nous traitons tes donn\u00e9es de confidentialit\u00e9 parce que :<\/p>\n\n\n\n<p>Tu t\u2019inscris chez nous \u00e0 l\u2019une de nos newsletters ;<br>Tu demandes des informations chez nous, par exemple via notre page de contact ;<br>Pour des analyses statistiques.<\/p>\n\n\n\n<h3 class=\"wp-block-heading\"><strong>Combien de temps conservons-nous tes donn\u00e9es personnelles ?<\/strong><\/h3>\n\n\n\n<p>Nous conservons tes donn\u00e9es personnelles au moins tant que tu es client chez AtoutL\u00e8ve B.V. M\u00eame apr\u00e8s la fin de nos services, nous sommes l\u00e9galement oblig\u00e9s de conserver certaines donn\u00e9es. Enfin, nous examinons la possibilit\u00e9 de te fournir \u00e0 nouveau des services \u00e0 l\u2019avenir. Apr\u00e8s la p\u00e9riode de conservation, nous d\u00e9truisons tes donn\u00e9es. Tu as toujours le droit de nous demander de supprimer tes donn\u00e9es.<\/p>\n\n\n\n<p>Tu veux que nous supprimions tes donn\u00e9es de notre fichier ? Envoie alors un e-mail \u00e0 info@gevelridder.nl. Nous \u00e9valuons ta demande dans les 7 jours ouvrables. Si aucun contrat n\u2019est en cours, nous satisfaisons ta demande dans le m\u00eame d\u00e9lai.<\/p>\n\n\n\n<h3 class=\"wp-block-heading\"><strong>Droit d\u2019acc\u00e8s et de contr\u00f4le<\/strong><\/h3>\n\n\n\n<p>Le R\u00e8glement G\u00e9n\u00e9ral sur la Protection des Donn\u00e9es t\u2019accorde certains droits concernant les donn\u00e9es personnelles que nous traitons. Tu as le droit \u00e0 l\u2019effacement des donn\u00e9es personnelles, le droit \u00e0 la limitation du traitement, le droit de t\u2019opposer au traitement et le droit \u00e0 la portabilit\u00e9 des donn\u00e9es.<\/p>\n\n\n\n<p>Si l\u2019aper\u00e7u des donn\u00e9es que nous fournissons contient selon toi des inexactitudes, tu peux demander par \u00e9crit l\u2019ajustement des donn\u00e9es en envoyant un e-mail \u00e0 info@gevelridder.nl. Nous satisfaisons ta demande dans les 7 jours ouvrables.<\/p>\n\n\n\n<p>De plus, tu as le droit de nous signaler que tu ne souhaites pas recevoir d\u2019informations sur nos produits et services. Tu peux \u00e9galement le signaler en envoyant un e-mail \u00e0 info@gevelridder.nl.<\/p>\n\n\n\n<h3 class=\"wp-block-heading\"><strong>Politique de confidentialit\u00e9 d\u2019autres sites web<\/strong><\/h3>\n\n\n\n<p>Sur gevelridder.nl, des liens vers d\u2019autres sites web sont inclus. Nous ne sommes cependant pas responsables de la politique de confidentialit\u00e9 de ces sites web. Pour plus d\u2019informations \u00e0 ce sujet, nous te renvoyons aux sites web concern\u00e9s.<\/p>\n\n\n\n<h3 class=\"wp-block-heading\"><strong>Nous utilisons des cookies<\/strong><\/h3>\n\n\n\n<p>Nous utilisons des cookies lors de ta visite sur notre site web. Pour les donn\u00e9es non anonymis\u00e9es, nous demandons un accord pr\u00e9alable. \u00c0 l\u2019aide de cookies, nous collectons des informations sur l\u2019utilisation de nos services. Les cookies sont de petits morceaux d\u2019information que ton navigateur stocke automatiquement sur ton ordinateur. Ainsi, nous pouvons te reconna\u00eetre lors d\u2019une prochaine visite. Les cookies ne sont pas utilis\u00e9s pour reconna\u00eetre des personnes ; ils identifient seulement les ordinateurs. Ils peuvent cependant contenir des informations personnelles. En utilisant des cookies, nous pouvons continuer \u00e0 am\u00e9liorer nos services et les adapter aux souhaits des visiteurs. en gardant ta vie priv\u00e9e \u00e0 l\u2019esprit naturellement.<\/p>\n\n\n\n<h3 class=\"wp-block-heading\"><strong>Pourquoi utilisons-nous des cookies<\/strong><\/h3>\n\n\n\n<p>Pour faire mieux fonctionner le site web.<br>Pour rendre l\u2019utilisation du site web plus facile.<br>Pour mesurer si les visiteurs peuvent facilement trouver les informations souhait\u00e9es sur notre site web.<\/p>\n\n\n\n<h3 class=\"wp-block-heading\"><strong>Quels cookies utilisons-nous sur ce site web ?<\/strong><\/h3>\n\n\n\n<p><strong>Google Analytics<br><\/strong>Ce site web utilise Google Analytics, un service d\u2019analyse web propos\u00e9 par Google Inc. Les informations g\u00e9n\u00e9r\u00e9es par le cookie sur ton utilisation du site web (y compris ton adresse IP) sont transmises et stock\u00e9es par Google sur des serveurs aux \u00c9tats-Unis. Google utilise ces informations pour suivre comment tu utilises le site web, \u00e9tablir des rapports sur l\u2019activit\u00e9 du site web pour les exploitants de sites web et offrir d\u2019autres services li\u00e9s \u00e0 l\u2019activit\u00e9 du site web et \u00e0 l\u2019utilisation d\u2019Internet. Google peut fournir ces informations \u00e0 des tiers si Google y est l\u00e9galement oblig\u00e9, ou dans la mesure o\u00f9 ces tiers traitent les informations au nom de Google. Google ne combinera pas ton adresse IP avec d\u2019autres donn\u00e9es dont Google dispose.<\/p>\n\n\n\n<p><strong>Hotjar<br><\/strong>Nous utilisons&nbsp;<a href=\"https:\/\/www.hotjar.com\/\">Hotjar<\/a>&nbsp;pour mieux comprendre les besoins de nos utilisateurs et am\u00e9liorer notre service ainsi que l\u2019exp\u00e9rience qui l\u2019accompagne. Hotjar est un service technologique qui nous aide \u00e0 mieux comprendre l\u2019exp\u00e9rience de nos utilisateurs. Cela nous permet d\u2019am\u00e9liorer notre site web avec les commentaires des utilisateurs. Hotjar utilise des cookies et d\u2019autres technologies pour collecter des donn\u00e9es sur le comportement de nos utilisateurs et leurs appareils (en particulier les adresses IP des appareils (enregistr\u00e9es et stock\u00e9es uniquement sous forme anonymis\u00e9e), la r\u00e9solution d\u2019\u00e9cran de l\u2019appareil, le type d\u2019appareil (identifiants d\u2019appareil uniques), les informations du navigateur, la localisation g\u00e9ographique (seulement au niveau du pays), la langue pr\u00e9f\u00e9r\u00e9e pour l\u2019affichage de notre site web). Cette fonctionnalit\u00e9 n\u2019est activ\u00e9e que lorsque tu as donn\u00e9 ton consentement pour le placement des cookies. Hotjar conserve ces informations dans un profil utilisateur pseudo-anonymis\u00e9. Ni Hotjar ni nous n\u2019utiliserons jamais ces informations pour identifier des utilisateurs individuels ou pour les lier \u00e0 d\u2019autres donn\u00e9es d\u2019un utilisateur individuel. Pour plus d\u2019informations, consulte la politique de confidentialit\u00e9 de Hotjar en cliquant sur&nbsp;<a href=\"https:\/\/www.hotjar.com\/privacy\/\">ce lien<\/a>.<\/p>\n\n\n\n<h3 class=\"wp-block-heading\"><strong>Cookies permanents<\/strong><\/h3>\n\n\n\n<p>En utilisant des cookies permanents, nous nous assurons que tu n\u2019aies pas \u00e0 refaire certaines actions. Nous reconnaissons les pr\u00e9f\u00e9rences que tu as indiqu\u00e9es lors d\u2019une visite pr\u00e9c\u00e9dente sur notre site web. Ainsi tu \u00e9conomises du temps et le site web est plus agr\u00e9able \u00e0 utiliser. Tu peux supprimer les cookies permanents via les param\u00e8tres de ton navigateur.<\/p>\n\n\n\n<h3 class=\"wp-block-heading\"><strong>Cookies de session<\/strong><\/h3>\n\n\n\n<p>Nous utilisons des cookies de session pendant ta visite et ils sont automatiquement supprim\u00e9s d\u00e8s que tu fermes le navigateur. Nous retenons quelles parties tu consultes pendant une visite et adaptons nos services en cons\u00e9quence.<\/p>\n\n\n\n<h3 class=\"wp-block-heading\"><strong>Cookies de r\u00e9seaux sociaux<\/strong><\/h3>\n\n\n\n<p>Sur notre site web, tu trouveras des boutons avec lesquels tu peux promouvoir nos messages ou pages web sur les r\u00e9seaux sociaux. Pense au \u00ab like \u00bb via Facebook, Instagram ou YouTube ou envoyer un \u00ab tweet \u00bb via Twitter. Ces boutons fonctionnent via des morceaux de code qui proviennent des plateformes de r\u00e9seaux sociaux elles-m\u00eames. Via ce code, des cookies sont plac\u00e9s. Nous n\u2019avons aucune influence l\u00e0-dessus. Les plateformes de r\u00e9seaux sociaux indiquent dans leur d\u00e9claration de confidentialit\u00e9 ce qu\u2019elles font avec tes donn\u00e9es via les cookies. Notre site web utilise \u00e9galement un Facebook Pixel. Le Facebook Pixel fait en sorte que tu voies sur Facebook du contenu pertinent de notre site web. De cette fa\u00e7on, nous pouvons mieux te servir en ligne.<\/p>\n\n\n\n<h3 class=\"wp-block-heading\"><strong>Cookies de suivi de notre part<\/strong><\/h3>\n\n\n\n<p>Nous demandons un cookie de suivi d\u00e8s que tu visites un site web de notre r\u00e9seau. Ainsi, nous pouvons savoir qu\u2019en plus de notre site web, tu as \u00e9galement \u00e9t\u00e9 sur le ou les autres sites web concern\u00e9s de notre r\u00e9seau. Le profil ainsi construit n\u2019est pas li\u00e9 \u00e0 ton nom, adresse, adresse e-mail et autres, mais sert uniquement \u00e0 adapter les publicit\u00e9s \u00e0 ton profil, afin qu\u2019elles soient le plus pertinentes possible pour toi.<\/p>\n\n\n\n<p><a href=\"https:\/\/gevelridder.nl\/fr\/politique-de-confidentialite\/#\">Modifier les pr\u00e9f\u00e9rences de cookies actuelles ?<\/a><\/p>\n\n\n\n<h3 class=\"wp-block-heading\"><strong>Supprimer les cookies dans Internet Explorer<\/strong><\/h3>\n\n\n\n<p>Va au menu Outils &gt; Options Internet &gt; onglet G\u00e9n\u00e9ral. Clique sous Historique de navigation sur Supprimer. Tu ne veux peut-\u00eatre pas tout supprimer. Assure-toi qu\u2019au moins Cookies soit coch\u00e9 et clique sur Supprimer.<\/p>\n\n\n\n<h3 class=\"wp-block-heading\"><strong>Supprimer les cookies dans Firefox<\/strong><\/h3>\n\n\n\n<p>Va \u00e0 Outils &gt; Options &gt; onglet Vie priv\u00e9e. Clique sur Effacer l\u2019historique r\u00e9cent. Sous D\u00e9tails, tu peux indiquer ce que tu veux exactement effacer. Coche au moins Cookies. Tu peux aussi indiquer l\u2019\u00e2ge des cookies. Choisis ici Tout.<\/p>\n\n\n\n<h3 class=\"wp-block-heading\"><strong>Supprimer les cookies dans Chrome<\/strong><\/h3>\n\n\n\n<p>Clique sur l\u2019ic\u00f4ne avec 3 lignes en haut \u00e0 droite. Clique sur Outils &gt; Effacer les donn\u00e9es de navigation\u2026 Assure-toi qu\u2019au moins \u00ab Supprimer les cookies et autres donn\u00e9es de site et de plug-in \u00bb soit coch\u00e9. Tu peux aussi indiquer l\u2019\u00e2ge des cookies. Choisis ici Tout.<\/p>\n\n\n\n<h3 class=\"wp-block-heading\"><strong>Droits d\u2019auteur et de base de donn\u00e9es<\/strong><\/h3>\n\n\n\n<p>Tous les droits d\u2019auteur et de base de donn\u00e9es concernant (le contenu de) notre site web sont express\u00e9ment r\u00e9serv\u00e9s. Ces droits appartiennent \u00e0 AtoutL\u00e8ve B.V. \u00e0 Kapel Avezaath.<\/p>\n\n\n\n<h3 class=\"wp-block-heading\"><strong>Modifications<\/strong><\/h3>\n\n\n\n<p>Nous nous r\u00e9servons \u00e0 tout moment le droit de modifier notre politique de confidentialit\u00e9. Sur cette page, tu trouveras cependant toujours la version la plus r\u00e9cente. Consulte donc r\u00e9guli\u00e8rement notre politique de confidentialit\u00e9 sur ce site web.<\/p>\n\n\n\n<h3 class=\"wp-block-heading\"><strong>Fuite de donn\u00e9es<\/strong><\/h3>\n\n\n\n<p>Si tu penses avoir trouv\u00e9 un point faible dans l\u2019un de nos services (num\u00e9riques) (faille de s\u00e9curit\u00e9) ou si tu peux voir ou acc\u00e9der \u00e0 des informations confidentielles comme par exemple des donn\u00e9es priv\u00e9es (<a href=\"https:\/\/autoriteitpersoonsgegevens.nl\/nl\/onderwerpen\/beveiliging\/meldplicht-datalekken#:~:text=Bij%20een%20datalek%20gaat%20het%20om%20ongeoorloofde%20of%20onbedoelde%20toegang,niet%20voor%20in%20de%20wet.\">fuite de donn\u00e9es<\/a>), nous aimerions collaborer avec toi pour r\u00e9soudre cette situation le plus rapidement possible. Nous te demandons donc aimablement de partager ces informations avec nous.<\/p>\n\n\n\n<h3 class=\"wp-block-heading\"><strong>Plaintes concernant notre politique de confidentialit\u00e9 ?<\/strong><\/h3>\n\n\n\n<p>Tu as une plainte concernant la fa\u00e7on dont nous g\u00e9rons tes donn\u00e9es personnelles ? Alors tu peux la d\u00e9poser chez nous en envoyant un e-mail \u00e0 info@gevelridder.nl avec comme objet \u00ab Plainte \u00bb. Nous r\u00e9pondons dans les 7 jours ouvrables \u00e0 ta demande. Tu peux aussi d\u00e9poser une plainte aupr\u00e8s de l\u2019Autorit\u00e9 de Protection des Donn\u00e9es.<\/p>\n\n\n\n<p>Nous avons le droit d\u2019adapter cette d\u00e9claration de confidentialit\u00e9. Nous te conseillons de consulter r\u00e9guli\u00e8rement cette d\u00e9claration de confidentialit\u00e9. En tout cas au moment o\u00f9 tu nous fournis tes donn\u00e9es personnelles.<\/p>\n\n\n\n<h3 class=\"wp-block-heading\"><strong>Tu as encore des questions sur notre politique de confidentialit\u00e9 ?<\/strong><\/h3>\n\n\n\n<p>Envoie alors un e-mail \u00e0 info@gevelridder.nl. M\u00eame si tu as des questions sur tes donn\u00e9es ou si tu veux les modifier, tu peux utiliser cette adresse e-mail. Notre service client se fera un plaisir de t\u2019aider. ou va \u00e0&nbsp;<a href=\"https:\/\/gevelridder.nl\/fr\/contact\/\">contact<\/a>.<\/p>\n","protected":false},"excerpt":{"rendered":"<p>Lors du conseil et de l\u2019achat de nos services et\/ou produits, nous demandons tes donn\u00e9es personnelles. AtoutL\u00e8ve B.V. respecte le [&hellip;]<\/p>\n","protected":false},"author":1,"featured_media":0,"parent":0,"menu_order":0,"comment_status":"closed","ping_status":"closed","template":"","meta":{"_acf_changed":false,"_seopress_robots_primary_cat":"","_seopress_titles_title":"","_seopress_titles_desc":"","_seopress_robots_index":"","footnotes":""},"class_list":["post-132913","page","type-page","status-publish","hentry"],"acf":[],"_links":{"self":[{"href":"https:\/\/gevelridder.nl\/fr\/wp-json\/wp\/v2\/pages\/132913","targetHints":{"allow":["GET"]}}],"collection":[{"href":"https:\/\/gevelridder.nl\/fr\/wp-json\/wp\/v2\/pages"}],"about":[{"href":"https:\/\/gevelridder.nl\/fr\/wp-json\/wp\/v2\/types\/page"}],"author":[{"embeddable":true,"href":"https:\/\/gevelridder.nl\/fr\/wp-json\/wp\/v2\/users\/1"}],"replies":[{"embeddable":true,"href":"https:\/\/gevelridder.nl\/fr\/wp-json\/wp\/v2\/comments?post=132913"}],"version-history":[{"count":2,"href":"https:\/\/gevelridder.nl\/fr\/wp-json\/wp\/v2\/pages\/132913\/revisions"}],"predecessor-version":[{"id":132918,"href":"https:\/\/gevelridder.nl\/fr\/wp-json\/wp\/v2\/pages\/132913\/revisions\/132918"}],"wp:attachment":[{"href":"https:\/\/gevelridder.nl\/fr\/wp-json\/wp\/v2\/media?parent=132913"}],"curies":[{"name":"wp","href":"https:\/\/api.w.org\/{rel}","templated":true}]}}