
{"id":132909,"date":"2026-03-25T08:56:44","date_gmt":"2026-03-25T08:56:44","guid":{"rendered":"https:\/\/gevelridder.nl\/expedition-et-livraison\/"},"modified":"2026-04-08T07:46:21","modified_gmt":"2026-04-08T07:46:21","slug":"expedition-et-livraison","status":"publish","type":"page","link":"https:\/\/gevelridder.nl\/fr\/expedition-et-livraison\/","title":{"rendered":"Exp\u00e9dition et livraison"},"content":{"rendered":"","protected":false},"excerpt":{"rendered":"","protected":false},"author":1,"featured_media":0,"parent":0,"menu_order":0,"comment_status":"closed","ping_status":"closed","template":"page-fullwidth.php","meta":{"_acf_changed":false,"_seopress_robots_primary_cat":"","_seopress_titles_title":"","_seopress_titles_desc":"Pour toute commande sup\u00e9rieure \u00e0 1000 euros, nous n'appliquons pas de frais d'exp\u00e9dition. Si tu viens chercher ta commande, tu b\u00e9n\u00e9ficies d'une remise de 5% sur celle-ci.","_seopress_robots_index":"","footnotes":""},"class_list":["post-132909","page","type-page","status-publish","hentry"],"acf":[],"_links":{"self":[{"href":"https:\/\/gevelridder.nl\/fr\/wp-json\/wp\/v2\/pages\/132909","targetHints":{"allow":["GET"]}}],"collection":[{"href":"https:\/\/gevelridder.nl\/fr\/wp-json\/wp\/v2\/pages"}],"about":[{"href":"https:\/\/gevelridder.nl\/fr\/wp-json\/wp\/v2\/types\/page"}],"author":[{"embeddable":true,"href":"https:\/\/gevelridder.nl\/fr\/wp-json\/wp\/v2\/users\/1"}],"replies":[{"embeddable":true,"href":"https:\/\/gevelridder.nl\/fr\/wp-json\/wp\/v2\/comments?post=132909"}],"version-history":[{"count":2,"href":"https:\/\/gevelridder.nl\/fr\/wp-json\/wp\/v2\/pages\/132909\/revisions"}],"predecessor-version":[{"id":134381,"href":"https:\/\/gevelridder.nl\/fr\/wp-json\/wp\/v2\/pages\/132909\/revisions\/134381"}],"wp:attachment":[{"href":"https:\/\/gevelridder.nl\/fr\/wp-json\/wp\/v2\/media?parent=132909"}],"curies":[{"name":"wp","href":"https:\/\/api.w.org\/{rel}","templated":true}]}}