
{"id":132902,"date":"2026-03-31T08:14:10","date_gmt":"2026-03-31T08:14:10","guid":{"rendered":"https:\/\/gevelridder.nl\/aide-et-support\/"},"modified":"2026-04-08T07:43:46","modified_gmt":"2026-04-08T07:43:46","slug":"aide-et-support","status":"publish","type":"page","link":"https:\/\/gevelridder.nl\/fr\/aide-et-support\/","title":{"rendered":"Aide et support"},"content":{"rendered":"\n<div style=\"height:100px\" aria-hidden=\"true\" class=\"wp-block-spacer\"><\/div>\n\n\n\n<h2 class=\"wp-block-heading\">Comment pouvons-nous t&rsquo;aider ?<\/h2>\n\n\n\n<div class=\"wp-block-wpseopress-faq-block-v2 is-layout-flow wp-block-wpseopress-faq-block-v2-is-layout-flow\">\n<details id=\"lis-toujours-le-manuel-avant-utilisation\" class=\"wp-block-details is-layout-flow wp-block-details-is-layout-flow\"><summary>Lis toujours le manuel avant utilisation !<\/summary>\n<p>Si tu as encore des questions sur nos outils et \u00e9quipements, tu peux nous contacter par e-mail, et nous sommes bien s\u00fbr aussi joignables par t\u00e9l\u00e9phone.<\/p>\n<\/details>\n\n\n\n<details id=\"email\" class=\"wp-block-details is-layout-flow wp-block-details-is-layout-flow\"><summary>Email<\/summary>\n<p>Tu peux nous contacter par e-mail \u00e0 l&rsquo;adresse : <a href=\"mailto:info@gevelridder.nl?subject=Reactie vanaf de website\" itemprop=\"email\" rel=\"norefferer\" style=\"text-decoration: none;\" target=\"_blank\">info@gevelridder.nl<\/a><\/p>\n<\/details>\n\n\n\n<details id=\"les-images-et-photos-peuvent-differer-du-produit-livre\" class=\"wp-block-details is-layout-flow wp-block-details-is-layout-flow\"><summary>Les images et photos peuvent diff\u00e9rer du produit livr\u00e9.<\/summary>\n<p>Il est toujours possible que les photos et images sur ce site diff\u00e8rent l\u00e9g\u00e8rement du produit livr\u00e9. Nous garantissons cependant que le produit livr\u00e9 sera toujours \u00e9quivalent et fonctionnera comme il se doit. <\/p>\n<\/details>\n\n\n\n<details id=\"quel-est-le-delai-de-livraison\" class=\"wp-block-details is-layout-flow wp-block-details-is-layout-flow\"><summary>Quel est le d\u00e9lai de livraison ?<\/summary>\n<p>La livraison est g\u00e9n\u00e9ralement assez rapide. En principe, nous avons tous les produits en stock et ils seront livr\u00e9s dans les 2-3 jours apr\u00e8s paiement. Si cela n&rsquo;est pas possible, tu recevras un message \u00e0 ce sujet.  <\/p>\n<\/details>\n<script type=\"application\/ld+json\">{\"@context\":\"https:\/\/schema.org\",\"@type\":\"FAQPage\",\"url\":\"https:\/\/gevelridder.nl\/fr\/aide-et-support\/\",\"@id\":\"https:\/\/gevelridder.nl\/fr\/aide-et-support\/\",\"mainEntity\":[{\"@type\":\"Question\",\"url\":\"https:\/\/gevelridder.nl\/fr\/aide-et-support\/#lis-toujours-le-manuel-avant-utilisation\",\"name\":\"Lis toujours le manuel avant utilisation !\",\"answerCount\":1,\"acceptedAnswer\":{\"@type\":\"Answer\",\"text\":\"&lt;p>Si tu as encore des questions sur nos outils et \u00e9quipements, tu peux nous contacter par e-mail, et nous sommes bien s\u00fbr aussi joignables par t\u00e9l\u00e9phone.&lt;\/p>\"}},{\"@type\":\"Question\",\"url\":\"https:\/\/gevelridder.nl\/fr\/aide-et-support\/#email\",\"name\":\"Email\",\"answerCount\":1,\"acceptedAnswer\":{\"@type\":\"Answer\",\"text\":\"&lt;p>Tu peux nous contacter par e-mail \u00e0 l'adresse : <a href=\"mailto:info@gevelridder.nl?subject=Reactie vanaf de website\" itemprop=\"email\" rel=\"norefferer\" style=\"text-decoration: none;\" target=\"_blank\">info@gevelridder.nl<\/a>&lt;\/p>\"}},{\"@type\":\"Question\",\"url\":\"https:\/\/gevelridder.nl\/fr\/aide-et-support\/#les-images-et-photos-peuvent-differer-du-produit-livre\",\"name\":\"Les images et photos peuvent diff\u00e9rer du produit livr\u00e9.\",\"answerCount\":1,\"acceptedAnswer\":{\"@type\":\"Answer\",\"text\":\"&lt;p>Il est toujours possible que les photos et images sur ce site diff\u00e8rent l\u00e9g\u00e8rement du produit livr\u00e9. Nous garantissons cependant que le produit livr\u00e9 sera toujours \u00e9quivalent et fonctionnera comme il se doit. &lt;\/p>\"}},{\"@type\":\"Question\",\"url\":\"https:\/\/gevelridder.nl\/fr\/aide-et-support\/#quel-est-le-delai-de-livraison\",\"name\":\"Quel est le d\u00e9lai de livraison ?\",\"answerCount\":1,\"acceptedAnswer\":{\"@type\":\"Answer\",\"text\":\"&lt;p>La livraison est g\u00e9n\u00e9ralement assez rapide. En principe, nous avons tous les produits en stock et ils seront livr\u00e9s dans les 2-3 jours apr\u00e8s paiement. Si cela n'est pas possible, tu recevras un message \u00e0 ce sujet.  &lt;\/p>\"}}]}<\/script><\/div>\n","protected":false},"excerpt":{"rendered":"<p>Comment pouvons-nous t&rsquo;aider ?<\/p>\n","protected":false},"author":1,"featured_media":0,"parent":0,"menu_order":0,"comment_status":"closed","ping_status":"closed","template":"page-fullwidth.php","meta":{"_acf_changed":false,"_seopress_robots_primary_cat":"","_seopress_titles_title":"","_seopress_titles_desc":"","_seopress_robots_index":"","footnotes":""},"class_list":["post-132902","page","type-page","status-publish","hentry"],"acf":[],"_links":{"self":[{"href":"https:\/\/gevelridder.nl\/fr\/wp-json\/wp\/v2\/pages\/132902","targetHints":{"allow":["GET"]}}],"collection":[{"href":"https:\/\/gevelridder.nl\/fr\/wp-json\/wp\/v2\/pages"}],"about":[{"href":"https:\/\/gevelridder.nl\/fr\/wp-json\/wp\/v2\/types\/page"}],"author":[{"embeddable":true,"href":"https:\/\/gevelridder.nl\/fr\/wp-json\/wp\/v2\/users\/1"}],"replies":[{"embeddable":true,"href":"https:\/\/gevelridder.nl\/fr\/wp-json\/wp\/v2\/comments?post=132902"}],"version-history":[{"count":5,"href":"https:\/\/gevelridder.nl\/fr\/wp-json\/wp\/v2\/pages\/132902\/revisions"}],"predecessor-version":[{"id":134376,"href":"https:\/\/gevelridder.nl\/fr\/wp-json\/wp\/v2\/pages\/132902\/revisions\/134376"}],"wp:attachment":[{"href":"https:\/\/gevelridder.nl\/fr\/wp-json\/wp\/v2\/media?parent=132902"}],"curies":[{"name":"wp","href":"https:\/\/api.w.org\/{rel}","templated":true}]}}