
{"id":132722,"date":"2023-09-01T09:19:15","date_gmt":"2023-09-01T09:19:15","guid":{"rendered":"https:\/\/gevelridder.nl\/contact\/"},"modified":"2026-03-31T14:22:45","modified_gmt":"2026-03-31T14:22:45","slug":"contact","status":"publish","type":"page","link":"https:\/\/gevelridder.nl\/fr\/contact\/","title":{"rendered":"Contact"},"content":{"rendered":"\n<h2 class=\"wp-block-heading\">Bureau de vente, exp\u00e9dition et showroom<\/h2>\n\n<p>Notre bureau de vente, notre service d\u2019exp\u00e9dition et notre showroom sont situ\u00e9s \u00e0 Kapel Avezaath, au milieu des Pays-Bas. Tu peux donc nous y contacter personnellement. La plupart des produits de notre boutique en ligne sont largement disponibles en stock. Haute qualit\u00e9, service rapide et attention au client sont nos priorit\u00e9s.   <\/p>\n\n<p>Tu ne trouves pas un produit sur notre site ? Fais-le nous savoir ! Tu veux d\u2019abord voir ou essayer nos produits ? Appelle-nous pour prendre rendez-vous ou pour une visite de notre sp\u00e9cialiste produit chez toi.   <\/p>\n","protected":false},"excerpt":{"rendered":"<p>Bureau de vente, exp\u00e9dition et showroom Notre bureau de vente, notre service d\u2019exp\u00e9dition et notre showroom sont situ\u00e9s \u00e0 Kapel [&hellip;]<\/p>\n","protected":false},"author":1,"featured_media":0,"parent":0,"menu_order":0,"comment_status":"closed","ping_status":"closed","template":"contact-page.php","meta":{"_acf_changed":false,"_seopress_robots_primary_cat":"","_seopress_titles_title":"","_seopress_titles_desc":"","_seopress_robots_index":"","footnotes":""},"class_list":["post-132722","page","type-page","status-publish","hentry"],"acf":[],"_links":{"self":[{"href":"https:\/\/gevelridder.nl\/fr\/wp-json\/wp\/v2\/pages\/132722","targetHints":{"allow":["GET"]}}],"collection":[{"href":"https:\/\/gevelridder.nl\/fr\/wp-json\/wp\/v2\/pages"}],"about":[{"href":"https:\/\/gevelridder.nl\/fr\/wp-json\/wp\/v2\/types\/page"}],"author":[{"embeddable":true,"href":"https:\/\/gevelridder.nl\/fr\/wp-json\/wp\/v2\/users\/1"}],"replies":[{"embeddable":true,"href":"https:\/\/gevelridder.nl\/fr\/wp-json\/wp\/v2\/comments?post=132722"}],"version-history":[{"count":3,"href":"https:\/\/gevelridder.nl\/fr\/wp-json\/wp\/v2\/pages\/132722\/revisions"}],"predecessor-version":[{"id":132729,"href":"https:\/\/gevelridder.nl\/fr\/wp-json\/wp\/v2\/pages\/132722\/revisions\/132729"}],"wp:attachment":[{"href":"https:\/\/gevelridder.nl\/fr\/wp-json\/wp\/v2\/media?parent=132722"}],"curies":[{"name":"wp","href":"https:\/\/api.w.org\/{rel}","templated":true}]}}