
{"id":141301,"date":"2026-03-24T08:17:09","date_gmt":"2026-03-24T08:17:09","guid":{"rendered":"https:\/\/gevelridder.nl\/product\/kim23-plus-bomba-manual-de-vacio-automatica-de-piston\/"},"modified":"2026-05-08T12:51:06","modified_gmt":"2026-05-08T12:51:06","slug":"kim23-plus-bomba-manual-de-vacio-automatica-de-piston","status":"publish","type":"product","link":"https:\/\/gevelridder.nl\/es\/producto\/kim23-plus-bomba-manual-de-vacio-automatica-de-piston\/","title":{"rendered":"KIM23 Plus Bomba manual de vac\u00edo autom\u00e1tica de pist\u00f3n"},"content":{"rendered":"\n<h2 class=\"wp-block-heading\">El Caballero de la Fachada (Gevelridder) presenta el KIM23<\/h2>\n\n<p>Los pistones de bomba negros quieren dejar una raya en el cristal, al utilizar esta versi\u00f3n gris no tendr\u00e1s este problema . Los pistones tienen un manguito de goma para una mayor protecci\u00f3n de los bordes. Este pist\u00f3n bomba avanzado funciona con una bater\u00eda interna de litio que tambi\u00e9n es m\u00e1s pesada que la versi\u00f3n kim75. El elevador por vac\u00edo est\u00e1 dise\u00f1ado espec\u00edficamente para levantar superficies no porosas. La KIM23 Plus est\u00e1 equipada con un sistema de vac\u00edo autom\u00e1tico, que incluye una pantalla digital para un rendimiento \u00f3ptimo y facilidad de uso.    <\/p>\n\n<p><strong>\u2714 <\/strong>Elevador de baldosas\/vidrio\/madera con funci\u00f3n de vac\u00edo autom\u00e1tico El KIM120 Plus es una valiosa incorporaci\u00f3n a nuestra creciente gama de productos de vac\u00edo, especialmente en el segmento asequible. A un precio imbatible, este elevador por vac\u00edo puede levantar sin esfuerzo hasta un m\u00e1ximo de 120 kg en horizontal y 100 kg en vertical. Dispone de una funci\u00f3n de vac\u00edo autom\u00e1tica, en la que la bomba se enciende autom\u00e1ticamente en cuanto la presi\u00f3n de vac\u00edo alcanza unos \u00b1 -0,5 bares. Una vez alcanzada la presi\u00f3n negativa deseada, la bomba se apaga autom\u00e1ticamente.   <\/p>\n\n<p><strong>\u2714 <\/strong>Aspirador para baldosas\/vidrio\/madera con pr\u00e1ctica pantalla LED El aspirador con bomba KIM120 Plus ha sido codise\u00f1ado por consejos de Fachada Knight y se basa en una tecnolog\u00eda de vac\u00edo probada. El nuevo KIM23 ha experimentado mejoras en todos los frentes. Incorpora una pr\u00e1ctica pantalla LED que muestra informaci\u00f3n importante con c\u00f3digos de colores: verde para el nivel de vac\u00edo y rojo para el nivel de bater\u00eda. Esto te mantiene siempre informado sobre el estado de la KIM23.   <\/p>\n\n<p><strong>\u2714 <\/strong>Ventosa de bomba KIM23+ para superficies no porosas La KIM23+ ofrece una soluci\u00f3n muy asequible, pero ten en cuenta que esta ventosa s\u00f3lo es adecuada para levantar materiales no porosos y lisos, como placas de cristal, baldosas de cer\u00e1mica y otras superficies lisas.<\/p>\n\n<p><strong>\u2714 <\/strong>Funciona con una bater\u00eda de litio m\u00e1s potente Una mejora respecto a otras marcas es que la KIM120 Plus funciona con una bater\u00eda interna de litio con una capacidad de <strong>5600 mAh<\/strong>. Tras un tiempo de carga de unas 8 horas, esta bater\u00eda ofrece hasta 16 horas de uso continuo (en la pr\u00e1ctica, ser\u00e1n d\u00edas). La carga es f\u00e1cil con el cable USB-C compatible con la UE que se incluye, y puedes utilizar simplemente el adaptador de tu smartphone.  <\/p>\n\n<p><strong>\u2714 <\/strong>Se suministra completo El KIM23 Plus se suministra como un paquete completo, que incluye:<\/p>\n\n<ul class=\"wp-block-list\">\n<li>Aspirador KIM23 Plus con goma gris<\/li>\n\n\n\n<li>\u00a1Cable de carga (USB-C, conforme a la norma de la UE) y fuente de alimentaci\u00f3n!<\/li>\n\n\n\n<li>Juego de filtros de repuesto (con 3 filtros sueltos)<\/li>\n\n\n\n<li>Cepillo de limpieza<\/li>\n\n\n\n<li>Manual del usuario en ingl\u00e9s<\/li>\n\n\n\n<li>Maleta de transporte<\/li>\n<\/ul>\n\n<p><strong>GRAN VENTAJA<\/strong><\/p>\n\n<ul class=\"wp-block-list\">\n<li>Una ventosa de goma negra puede dejar anillos en las superficies de cristal, con la kim120 no tendr\u00e1s este problema gracias a la goma gris. La superficie queda sin rayas despu\u00e9s de usarla. <\/li>\n<\/ul>\n\n<h4 class=\"wp-block-heading\">Vac\u00edo<\/h4>\n\n<p>Trabajar con elevadores por vac\u00edo en tiempo h\u00famedo o mojado es arriesgado. La humedad en la superficie del cristal puede hacer que las ventosas pierdan adherencia, lo que puede provocar que el cristal se desprenda inesperadamente. Esto aumenta el riesgo de accidentes y da\u00f1os.  <\/p>\n\n<p>Adem\u00e1s, puede entrar humedad o suciedad en la c\u00e1mara de vac\u00edo del elevador. Esto altera la estanqueidad y puede provocar la contaminaci\u00f3n de los bordes de estanqueidad o de los filtros, lo que, con el tiempo, merma el rendimiento del sistema. <\/p>\n\n<p>Cuando hay vapor de agua en el vac\u00edo, el punto de ebullici\u00f3n desciende, lo que hace que la humedad se evapore m\u00e1s r\u00e1pidamente. Como resultado, aumenta la presi\u00f3n del vapor dentro del sistema de vac\u00edo, reduciendo efectivamente el nivel de vac\u00edo. Esto disminuye la presi\u00f3n negativa (la diferencia entre la presi\u00f3n interna y la externa) y, por tanto, tambi\u00e9n disminuye la potencia de succi\u00f3n y el agarre del levantador. Este efecto hace que los levantadores por vac\u00edo sean a\u00fan menos fiables en condiciones h\u00famedas.   <\/p>\n\n<p>Por esta raz\u00f3n, se desaconseja encarecidamente el uso de elevadores por vac\u00edo con lluvia, condensaci\u00f3n o sobre cristales h\u00famedos.<\/p>\n","protected":false},"excerpt":{"rendered":"<p>Una potente aspiradora manual el\u00e9ctrica para coches que no deja rayas, muy adecuada para cristales entre otras cosas.<\/p>\n<p><strong>\u2714 <\/strong><strong>Almohadilla especial de goma gris suave<\/strong><\/p>\n<p><strong>\u2714 Menos bombeo el\u00e9ctrico, prolonga la vida \u00fatil<\/strong><\/p>\n<p><strong>\u2714 <\/strong><strong>WLL 75 kg<\/strong><\/p>\n<p><strong>\u2714 <\/strong><strong>Protecci\u00f3n adicional mediante pu\u00f1o de goma<\/strong><\/p>\n<p><strong>\u2714 <\/strong><strong>V\u00e1lvula antipolvo de retroceso interno<\/strong><\/p>\n<p><strong>\u2714 Sistema de vac\u00edo autom\u00e1tico<\/strong><\/p>\n<p><strong>\u2714 USB C recargable<\/strong><\/p>\n<p><strong>\u2714 Pantalla Led vac\u00edo y bater\u00eda<\/strong><\/p>\n<p><strong>\u2714 Incluye funda, cargador y cable.<\/strong><\/p>\n","protected":false},"featured_media":0,"template":"","meta":{"_acf_changed":false,"_seopress_robots_primary_cat":"none","_seopress_titles_title":"","_seopress_titles_desc":"","_seopress_robots_index":""},"product_brand":[],"product_cat":[3151,2701,2702,3138,3146,2683,2681,3152],"product_tag":[3153,3155,3154,3156,3159,3157,2697,2883,2881,2879,2877,3158,2875],"class_list":{"0":"post-141301","1":"product","2":"type-product","3":"status-publish","5":"product_cat-grabo","6":"product_cat-herramientas","7":"product_cat-herramientas-de-vidrio","8":"product_cat-kim","9":"product_cat-pistones-de-bomba-2","10":"product_cat-pistones-de-bomba","11":"product_cat-soportes-de-cristal","12":"product_cat-veribor","13":"product_tag-auto-vac","14":"product_tag-auto-vac-cuum","15":"product_tag-autovac","16":"product_tag-autovacuum","17":"product_tag-coche-aspirador","18":"product_tag-grabo","19":"product_tag-mover","20":"product_tag-nuevo","21":"product_tag-piston-de-la-bomba","22":"product_tag-piston-de-vacio","23":"product_tag-piston-recargable-por-usb","24":"product_tag-tienda","25":"product_tag-vidrio","26":"product_shipping_class-pakket-45-35-25","28":"first","29":"instock","30":"taxable","31":"shipping-taxable","32":"purchasable","33":"product-type-simple"},"acf":[],"_links":{"self":[{"href":"https:\/\/gevelridder.nl\/es\/wp-json\/wp\/v2\/product\/141301","targetHints":{"allow":["GET"]}}],"collection":[{"href":"https:\/\/gevelridder.nl\/es\/wp-json\/wp\/v2\/product"}],"about":[{"href":"https:\/\/gevelridder.nl\/es\/wp-json\/wp\/v2\/types\/product"}],"wp:attachment":[{"href":"https:\/\/gevelridder.nl\/es\/wp-json\/wp\/v2\/media?parent=141301"}],"wp:term":[{"taxonomy":"product_brand","embeddable":true,"href":"https:\/\/gevelridder.nl\/es\/wp-json\/wp\/v2\/product_brand?post=141301"},{"taxonomy":"product_cat","embeddable":true,"href":"https:\/\/gevelridder.nl\/es\/wp-json\/wp\/v2\/product_cat?post=141301"},{"taxonomy":"product_tag","embeddable":true,"href":"https:\/\/gevelridder.nl\/es\/wp-json\/wp\/v2\/product_tag?post=141301"}],"curies":[{"name":"wp","href":"https:\/\/api.w.org\/{rel}","templated":true}]}}