
{"id":141299,"date":"2026-03-24T11:43:18","date_gmt":"2026-03-24T11:43:18","guid":{"rendered":"https:\/\/gevelridder.nl\/product\/sir-liftalot2-giratorio-con-pistones-de-bomba-2\/"},"modified":"2026-05-08T12:51:06","modified_gmt":"2026-05-08T12:51:06","slug":"sir-liftalot2-giratorio-con-pistones-de-bomba-2","status":"publish","type":"product","link":"https:\/\/gevelridder.nl\/es\/producto\/sir-liftalot2-giratorio-con-pistones-de-bomba-2\/","title":{"rendered":"Sir Liftalot2 giratorio con pistones de bomba"},"content":{"rendered":"\n<h2 class=\"wp-block-heading\">Sir Liftalot2 giratorio con pistones de bomba<\/h2>\n\n<p>Para cualquier trabajador de la construcci\u00f3n que busque la herramienta perfecta para que su trabajo sea fluido y seguro, presentamos Sir Liftalot2, el aparato elevador por vac\u00edo giratorio. La comodidad que ofrece este dispositivo cambia las reglas del juego en el mundo de la construcci\u00f3n. Sir Liftalot2 no es un aparato elevador m\u00e1s. Tiene dos robustas <a href=\"https:\/\/gevelridder.nl\/product\/aaaaaanbieding-powr-grip-pompzuiger-lexaan\/\">campanas de vac\u00edo manuales<\/a> que pueden soportar un total de 150 kg. Si tienes que levantar, girar o colocar pesadas planchas de cristal, este aparato te facilitar\u00e1 mucho el trabajo. \u00bfY lo mejor? Gira hasta 360 grados. Eso significa que puedes maniobrar el cristal en la posici\u00f3n que quieras sin ning\u00fan esfuerzo. La fuerza de Sir Liftalot2 reside en el dise\u00f1o sencillo y bien pensado de la bomba aspiradora manual de lexan. El lexano es conocido por su durabilidad y resistencia. Estos pistones de bomba manual proporcionan un agarre firme del material, reduciendo significativamente el riesgo de accidentes o da\u00f1os.          <\/p>\n\n<h2 class=\"wp-block-heading\">\u00bfPor qu\u00e9 elegir Sir Liftalot2?<\/h2>\n\n<ol class=\"wp-block-list\">\n<li><strong>La seguridad ante todo:<\/strong> Con una capacidad de elevaci\u00f3n de 150 kg, tienes asegurada una forma estable y segura de manipular el vidrio.<\/li>\n\n\n\n<li><strong>Control total:<\/strong> La funci\u00f3n giratoria de 360 grados te permite girar el vaso en cualquier direcci\u00f3n, garantizando una colocaci\u00f3n precisa.<\/li>\n\n\n\n<li><strong>Succi\u00f3n potente:<\/strong> Los pistones de la bomba manual de lexan garantizan un agarre firme y minimizan el riesgo de accidentes.<\/li>\n\n\n\n<li><strong>F\u00e1cil de usar:<\/strong> No requiere instrucciones complicadas ni formaci\u00f3n. Sir Liftalot2 es f\u00e1cil de usar, incluso para el principiante. <\/li>\n<\/ol>\n\n<p>Para los trabajadores de la construcci\u00f3n que aprecian la calidad y la comodidad en la obra, Sir Liftalot2 es la herramienta ideal. Prep\u00e1rate para llevar tus proyectos al siguiente nivel con este aparato elevador por vac\u00edo giratorio. <\/p>\n","protected":false},"excerpt":{"rendered":"<div class=\"woocommerce-product-details__short-description\">\n<p>Levanta, gira y coloca el cristal con seguridad y facilidad. Los duraderos pistones de la bomba manual de Lexan garantizan un agarre firme y estabilidad. Para mayor eficacia y seguridad en el lugar de trabajo, elige Sir Liftalot2.  <\/p>\n<\/div>\n","protected":false},"featured_media":0,"template":"","meta":{"_acf_changed":false,"_seopress_robots_primary_cat":"none","_seopress_titles_title":"","_seopress_titles_desc":"","_seopress_robots_index":""},"product_brand":[],"product_cat":[2872,2681],"product_tag":[3118,3117,3119,3147,2875],"class_list":{"0":"post-141299","1":"product","2":"type-product","3":"status-publish","5":"product_cat-elevadores-de-vidrio-por-vacio","6":"product_cat-soportes-de-cristal","7":"product_tag-lugares","8":"product_tag-pistones-giratorios","9":"product_tag-sirliftalot-giratorio-150-kg","10":"product_tag-vacuumheffer-250-kg","11":"product_tag-vidrio","12":"product_shipping_class-pakket-80-50-20","14":"first","15":"instock","16":"taxable","17":"shipping-taxable","18":"purchasable","19":"product-type-simple"},"acf":[],"_links":{"self":[{"href":"https:\/\/gevelridder.nl\/es\/wp-json\/wp\/v2\/product\/141299","targetHints":{"allow":["GET"]}}],"collection":[{"href":"https:\/\/gevelridder.nl\/es\/wp-json\/wp\/v2\/product"}],"about":[{"href":"https:\/\/gevelridder.nl\/es\/wp-json\/wp\/v2\/types\/product"}],"wp:attachment":[{"href":"https:\/\/gevelridder.nl\/es\/wp-json\/wp\/v2\/media?parent=141299"}],"wp:term":[{"taxonomy":"product_brand","embeddable":true,"href":"https:\/\/gevelridder.nl\/es\/wp-json\/wp\/v2\/product_brand?post=141299"},{"taxonomy":"product_cat","embeddable":true,"href":"https:\/\/gevelridder.nl\/es\/wp-json\/wp\/v2\/product_cat?post=141299"},{"taxonomy":"product_tag","embeddable":true,"href":"https:\/\/gevelridder.nl\/es\/wp-json\/wp\/v2\/product_tag?post=141299"}],"curies":[{"name":"wp","href":"https:\/\/api.w.org\/{rel}","templated":true}]}}