
{"id":141298,"date":"2026-03-24T11:33:10","date_gmt":"2026-03-24T11:33:10","guid":{"rendered":"https:\/\/gevelridder.nl\/product\/tapa-negra-para-piston-de-bomba-21-cm\/"},"modified":"2026-05-08T12:51:10","modified_gmt":"2026-05-08T12:51:10","slug":"tapa-negra-para-piston-de-bomba-21-cm","status":"publish","type":"product","link":"https:\/\/gevelridder.nl\/es\/producto\/tapa-negra-para-piston-de-bomba-21-cm\/","title":{"rendered":"Tapa negra para pist\u00f3n de bomba 21 cm"},"content":{"rendered":"\n<h2 class=\"wp-block-heading\"><strong>Una protecci\u00f3n caballeresca para tu pist\u00f3n de bomba: La funda de cuero<\/strong><\/h2>\n\n<p>En el coraz\u00f3n de Holanda, con cuidado y dedicaci\u00f3n, la funda de cuero para el pist\u00f3n de la bomba est\u00e1 hecha a mano por Gevelridder. Es una verdadera obra de artesan\u00eda, hecha con amor por el detalle y la calidad. Esta funda de cuero no es un accesorio m\u00e1s; es un s\u00edmbolo de durabilidad y protecci\u00f3n para tu preciado pist\u00f3n de bomba. Con un fuerte borde el\u00e1stico, esta funda se ajusta perfectamente alrededor del pist\u00f3n de tu bomba, protegi\u00e9ndolo completamente del polvo, la suciedad y la grasa.   <\/p>\n\n<h3 class=\"wp-block-heading\"><strong>\u00bfPor qu\u00e9 una funda de cuero para el pist\u00f3n de tu bomba?<\/strong><\/h3>\n\n<p>El pist\u00f3n de tu bomba es una herramienta esencial que trabaja duro todos los d\u00edas. Para que siga haciendo su trabajo y luzca como nuevo durante a\u00f1os, merece la mejor protecci\u00f3n. Aqu\u00ed es donde entra en juego la funda de cuero de Gevelridder. Tanto si eres un profesional del sector como un apasionado del bricolaje, comprendes la importancia de mantener adecuadamente tus herramientas. Utilizar esta funda de cuero no s\u00f3lo prolongar\u00e1 la vida \u00fatil de tu aspiradora de bomba, sino que tambi\u00e9n conservar\u00e1 su aspecto. Ninguna part\u00edcula de polvo, rastro de suciedad o mancha de grasa podr\u00e1 da\u00f1ar el pist\u00f3n de tu bomba. La funda de cuero es adecuada para la:      <\/p>\n\n<ul class=\"wp-block-list\">\n<li><a href=\"https:\/\/gevelridder.nl\/product\/grabo-ottovac\/\" target=\"_blank\" rel=\"noreferrer noopener\">Ottovac<\/a><\/li>\n\n\n\n<li><a href=\"https:\/\/gevelridder.nl\/product\/anbieding-powr-grip-pompzuiger-lexaan\/\" target=\"_blank\" rel=\"noreferrer noopener\">Pist\u00f3n de bomba Lexane<\/a><\/li>\n\n\n\n<li><a href=\"https:\/\/gevelridder.nl\/product\/powr-grip-pompzuiger-metaal\/\" target=\"_blank\" rel=\"noreferrer noopener\">pist\u00f3n de bomba de acero<\/a><\/li>\n<\/ul>\n\n<h3 class=\"wp-block-heading\"><strong>Hecho en Holanda: Un s\u00edmbolo de calidad<\/strong><\/h3>\n\n<p>Cuando eliges la funda de cuero para el pist\u00f3n de tu bomba de Gevelridder, eliges calidad y artesan\u00eda. La etiqueta \u00abMade in Holland\u00bb garantiza productos fabricados con orgullo y cuidado en Holanda. Es una promesa de materiales de alta calidad y mano de obra impecable. Protege el pist\u00f3n de tu bomba con la elegancia y durabilidad de la artesan\u00eda del cuero. Elige la funda de cuero de Facade Knight (Gevelridder) y dale a tu pist\u00f3n de bomba el trato caballeresco que se merece.    <\/p>\n","protected":false},"excerpt":{"rendered":"<div class=\"woocommerce-product-details__short-description\">\n<p>Tapa protectora para el pist\u00f3n de tu bomba, por ejemplo para los pistones powr-grip, Bohle o Kim. Di\u00e1metro aproximado 21 cm <\/p>\n<\/div>\n","protected":false},"featured_media":0,"template":"","meta":{"_acf_changed":false,"_seopress_robots_primary_cat":"none","_seopress_titles_title":"","_seopress_titles_desc":"","_seopress_robots_index":""},"product_brand":[],"product_cat":[3146,2683,2681],"product_tag":[2686],"class_list":{"0":"post-141298","1":"product","2":"type-product","3":"status-publish","5":"product_cat-pistones-de-bomba-2","6":"product_cat-pistones-de-bomba","7":"product_cat-soportes-de-cristal","8":"product_tag-tapa-del-piston-de-la-bomba","9":"product_shipping_class-pakket-45-35-25","11":"first","12":"instock","13":"taxable","14":"shipping-taxable","15":"purchasable","16":"product-type-simple"},"acf":[],"_links":{"self":[{"href":"https:\/\/gevelridder.nl\/es\/wp-json\/wp\/v2\/product\/141298","targetHints":{"allow":["GET"]}}],"collection":[{"href":"https:\/\/gevelridder.nl\/es\/wp-json\/wp\/v2\/product"}],"about":[{"href":"https:\/\/gevelridder.nl\/es\/wp-json\/wp\/v2\/types\/product"}],"wp:attachment":[{"href":"https:\/\/gevelridder.nl\/es\/wp-json\/wp\/v2\/media?parent=141298"}],"wp:term":[{"taxonomy":"product_brand","embeddable":true,"href":"https:\/\/gevelridder.nl\/es\/wp-json\/wp\/v2\/product_brand?post=141298"},{"taxonomy":"product_cat","embeddable":true,"href":"https:\/\/gevelridder.nl\/es\/wp-json\/wp\/v2\/product_cat?post=141298"},{"taxonomy":"product_tag","embeddable":true,"href":"https:\/\/gevelridder.nl\/es\/wp-json\/wp\/v2\/product_tag?post=141298"}],"curies":[{"name":"wp","href":"https:\/\/api.w.org\/{rel}","templated":true}]}}