
{"id":141295,"date":"2026-03-24T08:17:10","date_gmt":"2026-03-24T08:17:10","guid":{"rendered":"https:\/\/gevelridder.nl\/product\/bomba-electrica-kim150\/"},"modified":"2026-05-08T12:50:50","modified_gmt":"2026-05-08T12:50:50","slug":"bomba-electrica-kim150","status":"publish","type":"product","link":"https:\/\/gevelridder.nl\/es\/producto\/bomba-electrica-kim150\/","title":{"rendered":"Bomba el\u00e9ctrica Kim150"},"content":{"rendered":"\n<h2 class=\"wp-block-heading\"><strong>Kim150 Plus &#8211; El elevador por vac\u00edo m\u00e1s ligero del mundo con esta capacidad<\/strong><\/h2>\n\n<p>El <strong>Kim150 Plus<\/strong> es el <strong>elevador por vac\u00edo m\u00e1s ligero<\/strong> de su clase. Gracias a su <strong>armaz\u00f3n de aluminio ultraligero<\/strong> y a sus dos potentes <strong>ventosas Kim120<\/strong> Plus, este elevador por vac\u00edo es ideal para <strong>levantar materiales pesados y no porosos<\/strong>, como <strong>cristal, baldosas cer\u00e1micas, paneles y superficies met\u00e1licas lisas<\/strong>, de forma segura y sin esfuerzo. <\/p>\n\n<p>Con unas <strong>dimensiones de 23 x 63 cm y s\u00f3lo 9 cm de grosor<\/strong> (incluidas las ventosas), este innovador elevador por vac\u00edo ofrece <strong>la m\u00e1xima flexibilidad<\/strong> a <strong>cristaleros, contratistas y profesionales de la construcci\u00f3n<\/strong>. Adem\u00e1s, las <strong>dos ventosas Kim120 Plus<\/strong> pueden retirarse f\u00e1cilmente del marco y utilizarse por separado: \u00a1dos<strong>herramientas en una!<\/strong> <\/p>\n\n<hr class=\"wp-block-separator has-alpha-channel-opacity\"\/>\n\n<h2 class=\"wp-block-heading\"><strong>Kim150 Plus: M\u00e1xima potencia de aspiraci\u00f3n en un dise\u00f1o compacto<\/strong><\/h2>\n\n<p>La <strong>Kim150<\/strong> Plus incorpora <strong>dos ventosas de vac\u00edo Kim120 Plus (versi\u00f3n 3.0)<\/strong>, alimentadas por una <strong>bater\u00eda interna de litio<\/strong>. Este <strong>sistema de vac\u00edo autom\u00e1tico<\/strong> se activa cuando la presi\u00f3n desciende <strong>a unos -0,5 bares<\/strong>, con lo que el proceso de elevaci\u00f3n <strong>es totalmente autom\u00e1tico<\/strong>, sin riesgo de p\u00e9rdida de presi\u00f3n. <\/p>\n\n<h3 class=\"wp-block-heading\"><strong>Beneficios clave:<\/strong><\/h3>\n\n<p>\u2705 <strong>El elevador por vac\u00edo m\u00e1s ligero del mundo con una capacidad de 150 kg<\/strong><br\/>\u2705 <strong>Sistema de vac\u00edo autom\u00e1tico<\/strong> &#8211; se autoactiva para una seguridad \u00f3ptima<br\/>\u2705 <strong>Potente bater\u00eda de litio (5000 mAh)<\/strong> &#8211; hasta <strong>16 horas de uso continuo<\/strong> tras s\u00f3lo <strong>8 horas de carga<\/strong><br\/>\u2705 <strong>Pantalla LED con indicadores de color<\/strong> &#8211; conoce siempre el nivel de vac\u00edo (verde) y el estado de la bater\u00eda (rojo)<br\/>\u2705 <strong>Goma gris<\/strong> &#8211; evita marcas o rayas en el cristal y superficies lisas<\/p>\n\n<p>El <strong>elevador por vac\u00edo Kim150<\/strong> Plus se adhiere f\u00e1cilmente a materiales como:<br\/>? Vidrio<br\/>? Baldosas de cer\u00e1mica<br\/>? Paneles met\u00e1licos lisos<br\/>? Muebles, encimeras y mucho m\u00e1s    <\/p>\n\n<hr class=\"wp-block-separator has-alpha-channel-opacity\"\/>\n\n<h2 class=\"wp-block-heading\"><strong>Carga y funcionamiento: Sencillo y eficaz<\/strong><\/h2>\n\n<p>El <strong>Kim150<\/strong> Plus se carga mediante un <strong>cable USB-C<\/strong> que cumple <strong>la normativa de la UE<\/strong>. Esto permite una carga c\u00f3moda utilizando un <strong>adaptador est\u00e1ndar de smartphone<\/strong>. <strong>Se carga completamente en 8 horas<\/strong>, proporcionando hasta <strong>16 horas de uso ininterrumpido<\/strong>. <\/p>\n\n<h3 class=\"wp-block-heading\"><strong>Incluido en el paquete:<\/strong><\/h3>\n\n<p>\u2714 <strong>Ventosas de aspiraci\u00f3n Kim120 Plus (x2)<\/strong><br\/>\u2714 <strong>Cable de carga USB-C<\/strong><br\/>\u2714 <strong>Filtros de repuesto (juego de 3)<\/strong><br\/>\u2714 <strong>Cepillo de limpieza<\/strong><br\/>\u2714 <strong>Manual del usuario (EN y NL)<\/strong><br\/>\u2714 <strong>Malet\u00edn de transporte duradero gratuito<\/strong><\/p>\n\n<hr class=\"wp-block-separator has-alpha-channel-opacity\"\/>\n\n<h2 class=\"wp-block-heading\"><strong>Por qu\u00e9 el Kim150 Plus es ideal para cristaleros y profesionales de la construcci\u00f3n<\/strong><\/h2>\n\n<p>El <strong>elevador por vac\u00edo Kim150 Plus<\/strong> es una <strong>herramienta esencial<\/strong> para <strong>cristaleros, contratistas y subcontratistas<\/strong> que necesitan <strong>elevar materiales pesados de forma segura y ergon\u00f3mica<\/strong>. Gracias a su <strong>dise\u00f1o ligero<\/strong> y a su <strong>gran potencia de succi\u00f3n<\/strong>, este elevador por vac\u00edo es perfecto <strong>tanto para montaje horizontal como vertical<\/strong>. <\/p>\n\n<p>? <strong>Manipulaci\u00f3n segura y ergon\u00f3mica<\/strong> &#8211; recomendada por <strong>expertos en salud y seguridad en el trabajo<\/strong><br\/>? <strong>Ahorro de tiempo<\/strong> &#8211; trabaja <strong>m\u00e1s r\u00e1pido y eficazmente<\/strong> con menos esfuerzo<br\/>? <strong>M\u00e1ximo agarre y estabilidad<\/strong> &#8211; evita da\u00f1ar el cristal y otros materiales<\/p>\n\n<hr class=\"wp-block-separator has-alpha-channel-opacity\"\/>\n\n<h2 class=\"wp-block-heading\"><strong>Protecci\u00f3n Antica\u00eddas: M\u00e1s seguridad en las alturas<\/strong><\/h2>\n\n<p>El <strong>elevador por vac\u00edo Kim150<\/strong> Plus est\u00e1 equipado con <strong>puntos de montaje especiales<\/strong> para la <strong>protecci\u00f3n obligatoria contra ca\u00eddas<\/strong>. Esto lo hace adecuado para <strong>elevar objetos por encima de 1,2 metros<\/strong>, garantizando el cumplimiento de <strong>la normativa de seguridad para trabajos en altura<\/strong>. <\/p>\n\n<p>Con la <strong>Kim150<\/strong> Plus, trabajar\u00e1s no s\u00f3lo <strong>m\u00e1s r\u00e1pido<\/strong>, sino tambi\u00e9n <strong>m\u00e1s seguro<\/strong>.<\/p>\n\n<hr class=\"wp-block-separator has-alpha-channel-opacity\"\/>\n\n<h2 class=\"wp-block-heading\"><strong>\u00a1Pide hoy mismo el elevador por vac\u00edo m\u00e1s ligero del mundo!<\/strong><\/h2>\n\n<p>\u00bfBuscas la \u00faltima <strong>tecnolog\u00eda de vac\u00edo ligero<\/strong> para elevar materiales pesados sin esfuerzo? Pide hoy el <strong>elevador por vac\u00edo Kim150<\/strong> Plus y experimenta <strong>la m\u00e1xima eficacia y seguridad<\/strong>. <\/p>\n\n<p>? <strong>\u00a1Haz tu pedido ahora a trav\u00e9s de Gevelridder.nl y descubre la potencia de la Kim150 Plus!<\/strong>?<\/p>\n","protected":false},"excerpt":{"rendered":"<h3><strong>Kim150 PLUS &#8211; El elevador por vac\u00edo de 150 kg m\u00e1s ligero del mundo<\/strong><\/h3>\n<p>El <strong>Kim150 PLUS<\/strong> es un <strong>elevador por vac\u00edo el\u00e9ctrico ultraligero<\/strong> que incorpora <strong>dos potentes ventosas de vac\u00edo Kim120<\/strong> en un <strong>robusto bastidor de aluminio<\/strong>. Perfecto para <strong>cristaleros, contratistas y profesionales de la construcci\u00f3n<\/strong> que necesitan elevar materiales pesados <strong>con seguridad y eficacia<\/strong>. <\/p>\n<p><strong>\u2714 <\/strong><strong>S\u00f3lo pesa 5 kg<\/strong>: \u00a1el <strong>elevador por vac\u00edo de 150 kg<\/strong> m\u00e1s ligero del mundo!<br \/>\n\u2714 <strong>USB-C recargable<\/strong>: hasta <strong>16 horas de uso<\/strong> con una sola carga<br \/>\n\u2714 <strong>Goma gris<\/strong>: evita las rayas en cristales y superficies lisas<br \/>\n\u2714 <strong>Pantalla LED<\/strong>: vac\u00edo en tiempo real y estado de la bater\u00eda<br \/>\n\u2714 <strong>Tres modos de funcionamiento<\/strong> &#8211; adaptables a diversas aplicaciones<br \/>\n\u2714 <strong>Ventosas de vac\u00edo Kim120<\/strong> &#8211; tambi\u00e9n se pueden utilizar por separado como <strong>elevador de vac\u00edo manual<\/strong><\/p>\n","protected":false},"featured_media":0,"template":"","meta":{"_acf_changed":false,"_seopress_robots_primary_cat":"none","_seopress_titles_title":"","_seopress_titles_desc":"","_seopress_robots_index":""},"product_brand":[],"product_cat":[2872,3138,2681],"product_tag":[3057,3072,2876,3142,2690,3139,3140,3098,2688,2889,2874,3059,2892,3143,2884,2881,2886,3141,2802,3144,3145,3126,3064,2880],"class_list":{"0":"post-141295","1":"product","2":"type-product","3":"status-publish","5":"product_cat-elevadores-de-vidrio-por-vacio","6":"product_cat-kim","7":"product_cat-soportes-de-cristal","8":"product_tag-alquiler-de-elevadores-de-cristal","9":"product_tag-ascensor","10":"product_tag-ascensor-de-cristal","11":"product_tag-auto","12":"product_tag-caballero-de-la-fachada-gevelridder","13":"product_tag-cristal","14":"product_tag-elevacion-2","15":"product_tag-elevacion","16":"product_tag-elevador","17":"product_tag-elevador-de-aluminio","18":"product_tag-glaser","19":"product_tag-levantamiento-de-cristales","20":"product_tag-marco-de-ventana-2","21":"product_tag-mas","22":"product_tag-miroiterie","23":"product_tag-piston-de-la-bomba","24":"product_tag-shopfitters","25":"product_tag-sirliftalot4","26":"product_tag-transporte","27":"product_tag-vac","28":"product_tag-vacio","29":"product_tag-vakuumsauger","30":"product_tag-ventosa","31":"product_tag-vidriero","32":"product_shipping_class-pakket-80-50-20","34":"first","35":"instock","36":"taxable","37":"shipping-taxable","38":"purchasable","39":"product-type-simple"},"acf":[],"_links":{"self":[{"href":"https:\/\/gevelridder.nl\/es\/wp-json\/wp\/v2\/product\/141295","targetHints":{"allow":["GET"]}}],"collection":[{"href":"https:\/\/gevelridder.nl\/es\/wp-json\/wp\/v2\/product"}],"about":[{"href":"https:\/\/gevelridder.nl\/es\/wp-json\/wp\/v2\/types\/product"}],"wp:attachment":[{"href":"https:\/\/gevelridder.nl\/es\/wp-json\/wp\/v2\/media?parent=141295"}],"wp:term":[{"taxonomy":"product_brand","embeddable":true,"href":"https:\/\/gevelridder.nl\/es\/wp-json\/wp\/v2\/product_brand?post=141295"},{"taxonomy":"product_cat","embeddable":true,"href":"https:\/\/gevelridder.nl\/es\/wp-json\/wp\/v2\/product_cat?post=141295"},{"taxonomy":"product_tag","embeddable":true,"href":"https:\/\/gevelridder.nl\/es\/wp-json\/wp\/v2\/product_tag?post=141295"}],"curies":[{"name":"wp","href":"https:\/\/api.w.org\/{rel}","templated":true}]}}