
{"id":141294,"date":"2026-04-08T13:04:19","date_gmt":"2026-04-08T13:04:19","guid":{"rendered":"https:\/\/gevelridder.nl\/product\/vacuumlifter-de-vidrio-rotante-v250t\/"},"modified":"2026-05-08T12:50:43","modified_gmt":"2026-05-08T12:50:43","slug":"vacuumlifter-de-vidrio-rotante-v250t","status":"publish","type":"product","link":"https:\/\/gevelridder.nl\/es\/producto\/vacuumlifter-de-vidrio-rotante-v250t\/","title":{"rendered":"Vacu\u00fcmlifter de vidrio Rotante V250T"},"content":{"rendered":"\n<p><strong>Este elevador por vac\u00edo se basa en nuestro exitoso elevador a pilas peque\u00f1o b\u00e1sico.  <\/strong><\/p>\n\n<p>Sin embargo, este modelo ofrece una rotaci\u00f3n de 360 grados y viene con una argolla de elevaci\u00f3n extendida y desmontable. S\u00f3lo pesa 20 kg, y sus dimensiones son 620 \u00d7 270 mm (L x A). La altura oscila entre 450 y 580 mm. WLL=250 kg   <\/p>\n","protected":false},"excerpt":{"rendered":"<p><span style=\"color: #5bbc3a;\">.<\/span><b><span style=\"color: #5bbc3a;\">\u2714<\/span> WLL 250 kg<\/b><\/p>\n<p><b><span style=\"color: #5bbc3a;\">\u2714<\/span> rotaci\u00f3n  <\/b><\/p>\n<p><b><span style=\"color: #5bbc3a;\">\u2714<\/span> extendido <\/b><b>argolla de elevaci\u00f3n desmontable<\/b><\/p>\n<p><span style=\"color: #5bbc3a;\">.<\/span><b><span style=\"color: #5bbc3a;\">\u2714<\/span> peso 20 kg<\/b><\/p>\n","protected":false},"featured_media":132529,"template":"","meta":{"_acf_changed":false,"_seopress_robots_primary_cat":"","_seopress_titles_title":"","_seopress_titles_desc":"Elevador por vac\u00edo compacto con giro de 360 grados. Ligero (20 kg) con ojo de elevaci\u00f3n desmontable y prolongado. Ideal para tareas de elevaci\u00f3n precisas.  ","_seopress_robots_index":""},"product_brand":[],"product_cat":[2872,2681],"product_tag":[3118,3117,2875],"class_list":{"0":"post-141294","1":"product","2":"type-product","3":"status-publish","4":"has-post-thumbnail","6":"product_cat-elevadores-de-vidrio-por-vacio","7":"product_cat-soportes-de-cristal","8":"product_tag-lugares","9":"product_tag-pistones-giratorios","10":"product_tag-vidrio","12":"first","13":"instock","14":"taxable","15":"shipping-taxable","16":"purchasable","17":"product-type-simple"},"acf":[],"_links":{"self":[{"href":"https:\/\/gevelridder.nl\/es\/wp-json\/wp\/v2\/product\/141294","targetHints":{"allow":["GET"]}}],"collection":[{"href":"https:\/\/gevelridder.nl\/es\/wp-json\/wp\/v2\/product"}],"about":[{"href":"https:\/\/gevelridder.nl\/es\/wp-json\/wp\/v2\/types\/product"}],"wp:featuredmedia":[{"embeddable":true,"href":"https:\/\/gevelridder.nl\/es\/wp-json\/wp\/v2\/media\/132529"}],"wp:attachment":[{"href":"https:\/\/gevelridder.nl\/es\/wp-json\/wp\/v2\/media?parent=141294"}],"wp:term":[{"taxonomy":"product_brand","embeddable":true,"href":"https:\/\/gevelridder.nl\/es\/wp-json\/wp\/v2\/product_brand?post=141294"},{"taxonomy":"product_cat","embeddable":true,"href":"https:\/\/gevelridder.nl\/es\/wp-json\/wp\/v2\/product_cat?post=141294"},{"taxonomy":"product_tag","embeddable":true,"href":"https:\/\/gevelridder.nl\/es\/wp-json\/wp\/v2\/product_tag?post=141294"}],"curies":[{"name":"wp","href":"https:\/\/api.w.org\/{rel}","templated":true}]}}