
{"id":141291,"date":"2026-04-08T13:11:39","date_gmt":"2026-04-08T13:11:39","guid":{"rendered":"https:\/\/gevelridder.nl\/product\/vidrio-vacuumlifter-350-tt-doppio-girevole\/"},"modified":"2026-05-08T12:50:43","modified_gmt":"2026-05-08T12:50:43","slug":"vidrio-vacuumlifter-350-tt-doppio-girevole","status":"publish","type":"product","link":"https:\/\/gevelridder.nl\/es\/producto\/vidrio-vacuumlifter-350-tt-doppio-girevole\/","title":{"rendered":"Vidrio Vacu\u00fcmlifter 350 TT Doppio girevole"},"content":{"rendered":"\n<p><strong>Elevador por vac\u00edo a bater\u00eda | 350 kg<\/strong><br\/>Perfecto para cristal, acero y todas las superficies lisas: levanta, inclina y gira con facilidad. Este elevador por vac\u00edo es \u00fanico: compacto, ligero (s\u00f3lo 28 kg), pero lo bastante potente para manejar cargas de hasta 350 kg. <\/p>\n\n<p><strong>\u00bfQu\u00e9 puedes esperar?<\/strong><\/p>\n\n<ul class=\"wp-block-list\">\n<li><strong>Compacto y port\u00e1til<\/strong>: Cabe f\u00e1cilmente en tu furgoneta o veh\u00edculo peque\u00f1o.<\/li>\n\n\n\n<li><strong>F\u00e1cil de usar<\/strong>: sencillo de manejar y recargar.<\/li>\n\n\n\n<li><strong>Seguro y duradero<\/strong>: Dispone de un dep\u00f3sito grande, bater\u00edas fiables y una potente bomba.<\/li>\n\n\n\n<li><strong>Materiales de primera calidad<\/strong>: Fabricado en acero robusto para un uso duradero.<\/li>\n\n\n\n<li><strong>Ventosas resistentes al aceite<\/strong>: Ideales para placas de acero y otros materiales dif\u00edciles.<\/li>\n<\/ul>\n\n<p><strong>Caracter\u00edsticas principales:<\/strong><\/p>\n\n<ul class=\"wp-block-list\">\n<li>Funcionalidad de giro e inclinaci\u00f3n de 360 grados, tambi\u00e9n apta para uso horizontal en suelos y tejados.<\/li>\n\n\n\n<li>Disponible tambi\u00e9n en versi\u00f3n de 250 kg.<\/li>\n<\/ul>\n\n<p><strong>Detalles:<\/strong><\/p>\n\n<ul class=\"wp-block-list\">\n<li><strong>Dimensiones<\/strong>: 620 x 270 x 700 mm (L x A x A)<\/li>\n\n\n\n<li><strong>Peso<\/strong>: 28 kg<\/li>\n<\/ul>\n","protected":false},"excerpt":{"rendered":"<p><strong>Experimenta una potencia de elevaci\u00f3n inigualable con nuestro<\/strong> elevador por vac\u00edo <strong>a bater\u00eda<\/strong> Lleva tus tareas de elevaci\u00f3n al siguiente nivel con este elevador por vac\u00edo compacto y ligero, dise\u00f1ado para manejar hasta 350 kg sin esfuerzo. Tanto si trabajas con cristal, acero o cualquier superficie lisa, esta robusta herramienta ofrece rotaci\u00f3n de 360 grados, funci\u00f3n de inclinaci\u00f3n y una portabilidad sin igual. Dise\u00f1ada para ofrecer seguridad y durabilidad, es perfecta para los profesionales que exigen fiabilidad y eficacia. \u00bfListo para hacer tu trabajo m\u00e1s f\u00e1cil? \u00a1Descubre hoy el poder de la innovaci\u00f3n!    <\/p>\n","protected":false},"featured_media":2736,"template":"","meta":{"_acf_changed":false,"_seopress_robots_primary_cat":"","_seopress_titles_title":"","_seopress_titles_desc":"Elevador por vac\u00edo compacto alimentado por bater\u00eda para hasta 350 kg. Ideal para cristal, acero y superficies lisas. Ligero, seguro, duradero y con capacidad de giro de 360 grados.  ","_seopress_robots_index":""},"product_brand":[],"product_cat":[2872,2681],"product_tag":[3118,3117,3119,2875],"class_list":{"0":"post-141291","1":"product","2":"type-product","3":"status-publish","4":"has-post-thumbnail","6":"product_cat-elevadores-de-vidrio-por-vacio","7":"product_cat-soportes-de-cristal","8":"product_tag-lugares","9":"product_tag-pistones-giratorios","10":"product_tag-sirliftalot-giratorio-150-kg","11":"product_tag-vidrio","13":"first","14":"instock","15":"taxable","16":"shipping-taxable","17":"purchasable","18":"product-type-simple"},"acf":[],"_links":{"self":[{"href":"https:\/\/gevelridder.nl\/es\/wp-json\/wp\/v2\/product\/141291","targetHints":{"allow":["GET"]}}],"collection":[{"href":"https:\/\/gevelridder.nl\/es\/wp-json\/wp\/v2\/product"}],"about":[{"href":"https:\/\/gevelridder.nl\/es\/wp-json\/wp\/v2\/types\/product"}],"wp:featuredmedia":[{"embeddable":true,"href":"https:\/\/gevelridder.nl\/es\/wp-json\/wp\/v2\/media\/2736"}],"wp:attachment":[{"href":"https:\/\/gevelridder.nl\/es\/wp-json\/wp\/v2\/media?parent=141291"}],"wp:term":[{"taxonomy":"product_brand","embeddable":true,"href":"https:\/\/gevelridder.nl\/es\/wp-json\/wp\/v2\/product_brand?post=141291"},{"taxonomy":"product_cat","embeddable":true,"href":"https:\/\/gevelridder.nl\/es\/wp-json\/wp\/v2\/product_cat?post=141291"},{"taxonomy":"product_tag","embeddable":true,"href":"https:\/\/gevelridder.nl\/es\/wp-json\/wp\/v2\/product_tag?post=141291"}],"curies":[{"name":"wp","href":"https:\/\/api.w.org\/{rel}","templated":true}]}}