
{"id":141288,"date":"2026-04-08T12:58:20","date_gmt":"2026-04-08T12:58:20","guid":{"rendered":"https:\/\/gevelridder.nl\/product\/vacuumlifter-de-vidrio-v400\/"},"modified":"2026-05-08T12:50:50","modified_gmt":"2026-05-08T12:50:50","slug":"vacuumlifter-de-vidrio-v400","status":"publish","type":"product","link":"https:\/\/gevelridder.nl\/es\/producto\/vacuumlifter-de-vidrio-v400\/","title":{"rendered":"Vacu\u00fcmlifter de vidrio V400"},"content":{"rendered":"\n<p><strong>Qu\u00e9 puedes esperar:<\/strong><\/p>\n\n<p>Este <strong>elevador por vac\u00edo<\/strong> est\u00e1 equipado con 4 ventosas negras y es adecuado para elevar hasta 400 kg. Gracias a la argolla de elevaci\u00f3n montada en el centro, la m\u00e1quina gira y se inclina f\u00e1cilmente dentro del mecanismo de elevaci\u00f3n. Una ventaja clave de este elevador por vac\u00edo es su dise\u00f1o ligero, con un peso de s\u00f3lo 30 kg.  <\/p>\n\n<p>El aparato dispone de un sistema de vac\u00edo doble con una bomba, dos dep\u00f3sitos de vac\u00edo y dos ventosas por circuito. Sus dimensiones son 840 mm de ancho y 650 mm de alto, con una distancia de 240 mm entre las ventosas. Viene de serie con ventosas negras dise\u00f1adas para cristal y acero.  <\/p>\n\n<p>Si necesitas elevar paneles s\u00e1ndwich u otros materiales con una superficie m\u00e1s rugosa, te recomendamos las ventosas de goma esponjosa blanda gris claro. En este caso, la capacidad m\u00e1xima de elevaci\u00f3n se reduce a 200 kg. El aparato est\u00e1 equipado con peque\u00f1os pies de apoyo, y se proporcionan cubiertas protectoras verdes para las ventosas negras. Si optas por ventosas de goma gris, vendr\u00e1n con fundas de cuero artificial.   <\/p>\n","protected":false},"excerpt":{"rendered":"<p>Elevador por vac\u00edo ligero (30 kg) con una capacidad de 400 kg. Disponible en varios modelos con dep\u00f3sitos, bombas y mando a distancia para diversas necesidades de elevaci\u00f3n. <\/p>\n<p><span style=\"color: #5bbc3a;\">.<\/span><b><span style=\"color: #5bbc3a;\">\u2714<\/span> WLL 400 kg<\/b><\/p>\n<p><span style=\"color: #5bbc3a;\">.<\/span><b><span style=\"color: #5bbc3a;\">\u2714<\/span> Peso 30 kg<\/b><\/p>\n","protected":false},"featured_media":2735,"template":"","meta":{"_acf_changed":false,"_seopress_robots_primary_cat":"","_seopress_titles_title":"","_seopress_titles_desc":"Elevador por vac\u00edo ligero (30 kg) con una capacidad de 350 kg. Disponible en varios modelos con dep\u00f3sitos, bombas y mando a distancia para diversas necesidades de elevaci\u00f3n. ","_seopress_robots_index":""},"product_brand":[],"product_cat":[2872,2681],"product_tag":[3118,3117,3119,2875],"class_list":{"0":"post-141288","1":"product","2":"type-product","3":"status-publish","4":"has-post-thumbnail","6":"product_cat-elevadores-de-vidrio-por-vacio","7":"product_cat-soportes-de-cristal","8":"product_tag-lugares","9":"product_tag-pistones-giratorios","10":"product_tag-sirliftalot-giratorio-150-kg","11":"product_tag-vidrio","13":"first","14":"instock","15":"taxable","16":"shipping-taxable","17":"purchasable","18":"product-type-simple"},"acf":[],"_links":{"self":[{"href":"https:\/\/gevelridder.nl\/es\/wp-json\/wp\/v2\/product\/141288","targetHints":{"allow":["GET"]}}],"collection":[{"href":"https:\/\/gevelridder.nl\/es\/wp-json\/wp\/v2\/product"}],"about":[{"href":"https:\/\/gevelridder.nl\/es\/wp-json\/wp\/v2\/types\/product"}],"wp:featuredmedia":[{"embeddable":true,"href":"https:\/\/gevelridder.nl\/es\/wp-json\/wp\/v2\/media\/2735"}],"wp:attachment":[{"href":"https:\/\/gevelridder.nl\/es\/wp-json\/wp\/v2\/media?parent=141288"}],"wp:term":[{"taxonomy":"product_brand","embeddable":true,"href":"https:\/\/gevelridder.nl\/es\/wp-json\/wp\/v2\/product_brand?post=141288"},{"taxonomy":"product_cat","embeddable":true,"href":"https:\/\/gevelridder.nl\/es\/wp-json\/wp\/v2\/product_cat?post=141288"},{"taxonomy":"product_tag","embeddable":true,"href":"https:\/\/gevelridder.nl\/es\/wp-json\/wp\/v2\/product_tag?post=141288"}],"curies":[{"name":"wp","href":"https:\/\/api.w.org\/{rel}","templated":true}]}}