
{"id":141280,"date":"2026-03-24T11:44:02","date_gmt":"2026-03-24T11:44:02","guid":{"rendered":"https:\/\/gevelridder.nl\/product\/gevelridder-lg-hibrido\/"},"modified":"2026-05-08T12:43:45","modified_gmt":"2026-05-08T12:43:45","slug":"gevelridder-lg-hibrido","status":"publish","type":"product","link":"https:\/\/gevelridder.nl\/es\/producto\/gevelridder-lg-hibrido\/","title":{"rendered":"GEVELRIDDER LG H\u00edbrido"},"content":{"rendered":"\n<h2 class=\"wp-block-heading\">Gevelridder LG H\u00edbrido<\/h2>\n\n<p>Este pr\u00e1ctico dispositivo de elevaci\u00f3n facilita la elevaci\u00f3n de objetos pesados en el exterior, como cristales y marcos de ventanas. Sujetas la carga al gancho de elevaci\u00f3n y la pones en movimiento girando el cabrestante. El cabrestante tambi\u00e9n puede funcionar con un taladro inal\u00e1mbrico. Utilizando soportes a distancia en el tejado, puedes elevar objetos incluso m\u00e1s all\u00e1 de un canal\u00f3n. Por supuesto, sin forzar la espalda, el cuello y los hombros. Hasta 8,978 m1 de altura (rollo de coraz\u00f3n).     <\/p>\n\n<h2 class=\"wp-block-heading\">Riesgos de trabajar sin un dispositivo de elevaci\u00f3n<\/h2>\n\n<p>Levantar objetos pesados es muy agotador para el cuerpo, sobre todo si se hace con frecuencia. Al levantar objetos pesados, existe el riesgo de da\u00f1ar los m\u00fasculos de la espalda, los ligamentos del tejido conjuntivo que rodea la columna vertebral o los discos intervertebrales. Cuanto m\u00e1s peso levantes, mayor ser\u00e1 el riesgo de da\u00f1os. Pero incluso levantar objetos ligeros puede provocar da\u00f1os, por ejemplo porque debe hacerse en una posici\u00f3n desfavorable (agachado, girado o con los brazos levantados) o por levantar demasiados objetos seguidos y sin suficiente tiempo de recuperaci\u00f3n. Para m\u00e1s informaci\u00f3n: <a href=\"https:\/\/www.arboportaal.nl\/\" target=\"_blank\" rel=\"noreferrer noopener\">ArboPortal<\/a>. \u00bfBuscas un tipo espec\u00edfico de Caballero de Fachada? Ponte en contacto con nosotros. El Gevelridder te garantiza un trabajo vertical eficaz y seguro. Recomendamos el <a href=\"https:\/\/gevelridder.nl\/product\/glaskar-250-platenwagen\/\">Gevelwagen de 250 kg<\/a> para el transporte horizontal. Como aspirador, lo mejor es adquirir el <a href=\"https:\/\/gevelridder.nl\/en\/product\/sirliftalot4-250kg\/\">Sir LiftAlot4<\/a> &#8211; Caballero de la Fachada.         <\/p>\n","protected":false},"excerpt":{"rendered":"<p><b>\u2714<\/b> <strong>Para elevar cristales, toldos, instalaciones, etc.<\/strong><\/p>\n<p><strong>\u2714 Para uso hasta el segundo piso<\/strong><\/p>\n<p><strong>\u2714 <\/strong><strong>Desplegable r\u00e1pidamente, con varias opciones.<\/strong> <strong>Altura regulable<\/strong><\/p>\n<p><strong>\u2714 <\/strong><strong>Longitud de transporte 540 cm<\/strong><\/p>\n<p><strong>\u2714 <\/strong><strong>Extensi\u00f3n m\u00e1xima hasta 890 cm.<\/strong><\/p>\n<p><strong>\u2714<\/strong> <strong>WLL250<\/strong><\/p>\n<p><strong>\u2714<\/strong> <strong>Cabrestante con manivela<\/strong><\/p>\n<p><strong>\u2714<\/strong> <strong>El cabrestante se puede enrollar con un taladro inal\u00e1mbrico<\/strong><\/p>\n<p><strong>\u2714<\/strong><strong> Sin emisiones<\/strong><\/p>\n","protected":false},"featured_media":0,"template":"","meta":{"_acf_changed":false,"_seopress_robots_primary_cat":"none","_seopress_titles_title":"","_seopress_titles_desc":"","_seopress_robots_index":""},"product_brand":[],"product_cat":[3010,3079],"product_tag":[3083,3057,3088,2876,3081,3055,2889,3070,3034,3082,3094,3085,2874,3084,3087,2892,3086,3090,3089,3062,3091,3092,2880,3093,3095],"class_list":{"0":"post-141280","1":"product","2":"type-product","3":"status-publish","5":"product_cat-vidriera-gevelridder","6":"product_cat-vidriera-gevelridder-2","7":"product_tag-aire-acondicionado-elevador","8":"product_tag-alquiler-de-elevadores-de-cristal","9":"product_tag-arbovriendelijk","10":"product_tag-ascensor-de-cristal","11":"product_tag-caballero-de-la-fachada-gevelridder-l","12":"product_tag-elevador-2","13":"product_tag-elevador-de-aluminio","14":"product_tag-elevador-de-escalera-2","15":"product_tag-elevador-de-escalera","16":"product_tag-elevador-de-vidrio","17":"product_tag-elevalunas","18":"product_tag-escalera-lioft","19":"product_tag-glaser","20":"product_tag-inversor-elevador-panel-solar","21":"product_tag-inversores","22":"product_tag-marco-de-ventana-2","23":"product_tag-montar-airoc","24":"product_tag-protector-solarlift","25":"product_tag-ruit-plaatsen","26":"product_tag-sirliftalot","27":"product_tag-tilhulp","28":"product_tag-tweede-verdieping","29":"product_tag-vidriero","30":"product_tag-volandis","31":"product_tag-zonwering-ophangen","32":"product_shipping_class-gevelridder-l","34":"first","35":"instock","36":"taxable","37":"shipping-taxable","38":"purchasable","39":"product-type-simple"},"acf":[],"_links":{"self":[{"href":"https:\/\/gevelridder.nl\/es\/wp-json\/wp\/v2\/product\/141280","targetHints":{"allow":["GET"]}}],"collection":[{"href":"https:\/\/gevelridder.nl\/es\/wp-json\/wp\/v2\/product"}],"about":[{"href":"https:\/\/gevelridder.nl\/es\/wp-json\/wp\/v2\/types\/product"}],"wp:attachment":[{"href":"https:\/\/gevelridder.nl\/es\/wp-json\/wp\/v2\/media?parent=141280"}],"wp:term":[{"taxonomy":"product_brand","embeddable":true,"href":"https:\/\/gevelridder.nl\/es\/wp-json\/wp\/v2\/product_brand?post=141280"},{"taxonomy":"product_cat","embeddable":true,"href":"https:\/\/gevelridder.nl\/es\/wp-json\/wp\/v2\/product_cat?post=141280"},{"taxonomy":"product_tag","embeddable":true,"href":"https:\/\/gevelridder.nl\/es\/wp-json\/wp\/v2\/product_tag?post=141280"}],"curies":[{"name":"wp","href":"https:\/\/api.w.org\/{rel}","templated":true}]}}