
{"id":141279,"date":"2026-03-24T08:17:10","date_gmt":"2026-03-24T08:17:10","guid":{"rendered":"https:\/\/gevelridder.nl\/product\/gevelridder-mg-hibrido\/"},"modified":"2026-05-08T12:43:45","modified_gmt":"2026-05-08T12:43:45","slug":"gevelridder-mg-hibrido","status":"publish","type":"product","link":"https:\/\/gevelridder.nl\/es\/producto\/gevelridder-mg-hibrido\/","title":{"rendered":"Gevelridder MG H\u00edbrido"},"content":{"rendered":"\n<h2 class=\"wp-block-heading\">El Gevelridder MG H\u00edbrido<\/h2>\n\n<p>El Gevelridder MG H\u00edbrido, nuestro moderno caballero de la construcci\u00f3n, est\u00e1 equipado con un innovador cabrestante ligero. Accionable con una simple manivela o con la potencia de un taladro inal\u00e1mbrico, este cabrestante ofrece una revolucionaria experiencia de elevaci\u00f3n de cargas. El cabrestante, estrat\u00e9gicamente colocado en el exterior, crea un generoso espacio de trabajo bajo el Caballero de la Fachada (Gevelridder). El Caballero de la Fachada (Gevelridder) es ideal para instalar ventanas y marcos de ventanas pesados, pero tambi\u00e9n puedes utilizarlo para instalar o sustituir idealmente persianas, unidades de aire acondicionado e inversores de paneles solares. Este impresionante arn\u00e9s incluye:    <\/p>\n\n<h2 class=\"wp-block-heading\">\u00bfQu\u00e9 obtienes?<\/h2>\n\n<ol class=\"wp-block-list\">\n<li>Gevelridder M<\/li>\n\n\n\n<li>Una pieza de extensi\u00f3n para una altura extra<\/li>\n\n\n\n<li>Gevelridder M cabeza v<\/li>\n\n\n\n<li>Un cabezal de pluma para colocar sobre andamios.<\/li>\n\n\n\n<li>Distanciador para un posicionamiento \u00f3ptimo<\/li>\n\n\n\n<li>Una boquilla especial para el torno , para trabajar con el taladro inal\u00e1mbrico.<\/li>\n\n\n\n<li>Y, por supuesto, la consabida manivela para el cabrestante<\/li>\n<\/ol>\n\n<p>El Gevelridder MG H\u00edbrido es un centinela en el mundo de la construcci\u00f3n y el montaje, que te permite levantar cargas pesadas con facilidad. Tanto dentro como fuera de los muros de tu castillo. Utilizando el soporte a distancia, puedes elevarlo con gallard\u00eda por encima del alf\u00e9izar de una ventana o colocarlo a una distancia segura de tu fortaleza. Y con la incorporaci\u00f3n de la nueva cabeza de la pluma, se crea un amplio espacio para colocar andamios entre el Caballero de la Fachada (Gevelridder) y la fachada. La protecci\u00f3n es fundamental para el Gevelridder MG H\u00edbrido. El contrapeso, crucial en su funcionamiento, est\u00e1 ahora protegido por una cubierta de goma, que impide que se da\u00f1e el objeto que se est\u00e1 elevando. Cuando te llame el campo de batalla, puedes confiar en la Gevelridder MG H\u00edbrida. Su tama\u00f1o compacto y retr\u00e1ctil facilita su transporte en tu carro o carruaje. Y con la recomendaci\u00f3n del Cat\u00e1logo de Acristalamiento de Seguridad y Salud Laboral, puedes confiar en que esta herramienta de caballer\u00eda te mantendr\u00e1 seguro y eficiente en todo momento. En un mundo lleno de peligros e incertidumbres, el Gevelridder MG H\u00edbrido ofrece una protecci\u00f3n caballeresca frente a los riesgos de la elevaci\u00f3n manual. Entra en el campo de batalla de tus proyectos de construcci\u00f3n con la fuerza y la elegancia del Gevelridder MG H\u00edbrido a tu lado. Porque en estos tiempos modernos, todos nos merecemos un caballero de brillante armadura. Los precios no incluyen los gastos de env\u00edo para nuestros nobles clientes fuera de las fronteras de Holanda y B\u00e9lgica.            <\/p>\n","protected":false},"excerpt":{"rendered":"<p><b>\u2714<\/b> <strong>Para elevar cristales, toldos, instalaciones, etc.<\/strong><\/p>\n<p><strong>\u2714 Para uso hasta el segundo piso inclusive.<\/strong><\/p>\n<p><strong>\u2714 Incluye cabezal Boom para colocar sobre andamios.<\/strong><\/p>\n<p><strong>\u2714 Altura regulable .<\/strong><strong>.<\/strong><\/p>\n<p><strong>\u2714 Peso ligero, se puede llevar en el autob\u00fas.<\/strong><\/p>\n<p><strong>\u2714 <\/strong><strong>Longitud de transporte 2500 mm.<\/strong><\/p>\n<p><strong>\u2714 <\/strong><strong>Extensi\u00f3n m\u00e1xima hasta 5850 mm.<\/strong><\/p>\n<p><strong>\u2714<\/strong> <strong>WLL250\/200 kg (replegado\/extendido).<\/strong><\/p>\n<p><strong>\u2714<\/strong> <strong>Cabrestante con manivela.<\/strong><\/p>\n<p><strong>\u2714<\/strong> <strong>El cabrestante se puede enrollar con un taladro inal\u00e1mbrico.<\/strong><\/p>\n<p><strong>\u2714<\/strong> <strong>Incluye pieza de prolongaci\u00f3n y espaciador.<\/strong><\/p>\n<p><strong>\u2714<\/strong><strong> Sin emisiones.<\/strong><\/p>\n<p><strong>\u2660 \u00bfTambi\u00e9n vas al segundo piso?<\/strong><\/p>\n<p><strong>Entonces pide el <a href=\"https:\/\/gevelridder.nl\/en\/product\/gevelridder-l-hybrid\/\">Gevelridder L H\u00edbrido<\/a> con \u00e9l.<\/strong><\/p>\n","protected":false},"featured_media":0,"template":"","meta":{"_acf_changed":false,"_seopress_robots_primary_cat":"none","_seopress_titles_title":"","_seopress_titles_desc":"","_seopress_robots_index":""},"product_brand":[],"product_cat":[3079,3010],"product_tag":[3083,3057,2876,3058,3053,3054,2687,2813,3076,3106,3055,3034,3110,2874,3060,3108,3059,2884,3111,3061,3062,3063,3064,3065,2880],"class_list":{"0":"post-141279","1":"product","2":"type-product","3":"status-publish","5":"product_cat-vidriera-gevelridder-2","6":"product_cat-vidriera-gevelridder","7":"product_tag-aire-acondicionado-elevador","8":"product_tag-alquiler-de-elevadores-de-cristal","9":"product_tag-ascensor-de-cristal","10":"product_tag-ascensor-de-cristal-3","11":"product_tag-caballero-de-la-fachada-gevelridder-m","12":"product_tag-caballero-electrico-hibrido-de-fachada-gevelridder","13":"product_tag-colocacion-del-cristal","14":"product_tag-cristal-de-montaje","15":"product_tag-cristal-elevable-nuevo","16":"product_tag-elevacion-inversor-paneles-solares","17":"product_tag-elevador-2","18":"product_tag-elevador-de-escalera","19":"product_tag-elevador-de-escalera-marco-de-ventana","20":"product_tag-glaser","21":"product_tag-griplift","22":"product_tag-instalar-aire-acondicionado","23":"product_tag-levantamiento-de-cristales","24":"product_tag-miroiterie","25":"product_tag-montar-inversor","26":"product_tag-shopfitter","27":"product_tag-sirliftalot","28":"product_tag-suncreenlift","29":"product_tag-ventosa","30":"product_tag-viavac","31":"product_tag-vidriero","32":"product_shipping_class-gevelridder-m","34":"first","35":"instock","36":"taxable","37":"shipping-taxable","38":"purchasable","39":"product-type-simple"},"acf":[],"_links":{"self":[{"href":"https:\/\/gevelridder.nl\/es\/wp-json\/wp\/v2\/product\/141279","targetHints":{"allow":["GET"]}}],"collection":[{"href":"https:\/\/gevelridder.nl\/es\/wp-json\/wp\/v2\/product"}],"about":[{"href":"https:\/\/gevelridder.nl\/es\/wp-json\/wp\/v2\/types\/product"}],"wp:attachment":[{"href":"https:\/\/gevelridder.nl\/es\/wp-json\/wp\/v2\/media?parent=141279"}],"wp:term":[{"taxonomy":"product_brand","embeddable":true,"href":"https:\/\/gevelridder.nl\/es\/wp-json\/wp\/v2\/product_brand?post=141279"},{"taxonomy":"product_cat","embeddable":true,"href":"https:\/\/gevelridder.nl\/es\/wp-json\/wp\/v2\/product_cat?post=141279"},{"taxonomy":"product_tag","embeddable":true,"href":"https:\/\/gevelridder.nl\/es\/wp-json\/wp\/v2\/product_tag?post=141279"}],"curies":[{"name":"wp","href":"https:\/\/api.w.org\/{rel}","templated":true}]}}