
{"id":141275,"date":"2026-03-24T11:33:10","date_gmt":"2026-03-24T11:33:10","guid":{"rendered":"https:\/\/gevelridder.nl\/product\/proteccion-anticaidas-sistema-de-doble-seguridad-secundaria\/"},"modified":"2026-05-08T12:43:12","modified_gmt":"2026-05-08T12:43:12","slug":"proteccion-anticaidas-sistema-de-doble-seguridad-secundaria","status":"publish","type":"product","link":"https:\/\/gevelridder.nl\/es\/producto\/proteccion-anticaidas-sistema-de-doble-seguridad-secundaria\/","title":{"rendered":"Protecci\u00f3n antica\u00eddas &#8211; Sistema de doble seguridad secundaria"},"content":{"rendered":"\n<p>El Dispositivo de Seguridad Secundario (SSD) Gevelridder es un sistema de seguridad secundario crucial que proporciona protecci\u00f3n adicional cuando se trabaja con elevadores por vac\u00edo para vidrio. Este sistema est\u00e1 dise\u00f1ado para bajar un panel de vidrio de forma segura en caso de p\u00e9rdida inesperada de vac\u00edo. Las correas de poli\u00e9ster de alta calidad se colocan f\u00e1cilmente alrededor de la carga y se conectan a un gancho de gr\u00faa o a un punto de montaje. Gracias a su construcci\u00f3n robusta, sus fundas protectoras y su dise\u00f1o resistente al desgaste, las correas son ideales para un uso intensivo en acristalamiento, construcci\u00f3n de fachadas, trabajos de instalaci\u00f3n y manipulaci\u00f3n industrial de vidrio.   <\/p>\n\n<p>El sistema SSD de Gevelridder evita que los paneles de cristal se caigan en caso de emergencia, lo que aumenta enormemente la seguridad de cristaleros, instaladores, gruistas y personal de la construcci\u00f3n. No es un dispositivo de elevaci\u00f3n en s\u00ed mismo, sino una capa de seguridad adicional que se utiliza junto a los elevadores por vac\u00edo profesionales. El conjunto incluye fundas protectoras y una bolsa de almacenamiento duradera para transportarlo y guardarlo con seguridad.  <\/p>\n\n<p>Tanto si trabajas con grandes paneles de vidrio, pesados elementos de acristalamiento aislante o trabajos de instalaci\u00f3n en altura, el Gevelridder SSD ofrece la m\u00e1xima seguridad y cumple las normas profesionales del sector del vidrio y las fachadas. Adecuado para una amplia gama de entornos de trabajo, el SSD es un complemento indispensable en cualquier lugar de trabajo donde se transporte, eleve o instale vidrio. <\/p>\n","protected":false},"excerpt":{"rendered":"<p>El Sistema de Doble Seguridad Secundaria de Protecci\u00f3n Antica\u00eddas (11 metros) es una herramienta esencial para cualquier persona que trabaje con elevadores por vac\u00edo de vidrio o equipos de instalaci\u00f3n de acristalamiento. Este dispositivo de seguridad secundario reduce el riesgo durante la elevaci\u00f3n y maniobra del vidrio al funcionar como una protecci\u00f3n adicional en caso de p\u00e9rdida de vac\u00edo. No es un dispositivo de elevaci\u00f3n, sino una soluci\u00f3n de seguridad a\u00f1adida que ayuda a evitar accidentes y mejora la seguridad en el lugar de trabajo.  <br data-start=\"2879\" data-end=\"2882\"><em data-start=\"2882\" data-end=\"2933\">1) el precio s\u00f3lo se aplica al sistema antica\u00eddas*.<\/em><\/p>\n","protected":false},"featured_media":0,"template":"","meta":{"_acf_changed":false,"_seopress_robots_primary_cat":"none","_seopress_titles_title":"","_seopress_titles_desc":"","_seopress_robots_index":""},"product_brand":[],"product_cat":[2872],"product_tag":[3057,2876,3058,3053,2687,3076,3077,3078,2874,3060,3059,2884,2879,2880],"class_list":{"0":"post-141275","1":"product","2":"type-product","3":"status-publish","5":"product_cat-elevadores-de-vidrio-por-vacio","6":"product_tag-alquiler-de-elevadores-de-cristal","7":"product_tag-ascensor-de-cristal","8":"product_tag-ascensor-de-cristal-3","9":"product_tag-caballero-de-la-fachada-gevelridder-m","10":"product_tag-colocacion-del-cristal","11":"product_tag-cristal-elevable-nuevo","12":"product_tag-ggs","13":"product_tag-glas-valbeveiliging","14":"product_tag-glaser","15":"product_tag-griplift","16":"product_tag-levantamiento-de-cristales","17":"product_tag-miroiterie","18":"product_tag-piston-de-vacio","19":"product_tag-vidriero","20":"product_shipping_class-25-euros","22":"first","23":"instock","24":"taxable","25":"shipping-taxable","26":"purchasable","27":"product-type-simple"},"acf":[],"_links":{"self":[{"href":"https:\/\/gevelridder.nl\/es\/wp-json\/wp\/v2\/product\/141275","targetHints":{"allow":["GET"]}}],"collection":[{"href":"https:\/\/gevelridder.nl\/es\/wp-json\/wp\/v2\/product"}],"about":[{"href":"https:\/\/gevelridder.nl\/es\/wp-json\/wp\/v2\/types\/product"}],"wp:attachment":[{"href":"https:\/\/gevelridder.nl\/es\/wp-json\/wp\/v2\/media?parent=141275"}],"wp:term":[{"taxonomy":"product_brand","embeddable":true,"href":"https:\/\/gevelridder.nl\/es\/wp-json\/wp\/v2\/product_brand?post=141275"},{"taxonomy":"product_cat","embeddable":true,"href":"https:\/\/gevelridder.nl\/es\/wp-json\/wp\/v2\/product_cat?post=141275"},{"taxonomy":"product_tag","embeddable":true,"href":"https:\/\/gevelridder.nl\/es\/wp-json\/wp\/v2\/product_tag?post=141275"}],"curies":[{"name":"wp","href":"https:\/\/api.w.org\/{rel}","templated":true}]}}