
{"id":141272,"date":"2026-03-24T08:17:10","date_gmt":"2026-03-24T08:17:10","guid":{"rendered":"https:\/\/gevelridder.nl\/product\/pluma-hibrida-gevelridder\/"},"modified":"2026-05-08T12:42:36","modified_gmt":"2026-05-08T12:42:36","slug":"pluma-hibrida-gevelridder","status":"publish","type":"product","link":"https:\/\/gevelridder.nl\/es\/producto\/pluma-hibrida-gevelridder\/","title":{"rendered":"Pluma h\u00edbrida Gevelridder"},"content":{"rendered":"\n<h2 class=\"wp-block-heading\">Pluma h\u00edbrida Gevelridder<\/h2>\n\n<h2 class=\"wp-block-heading\">La Pluma H\u00edbrida Gevelridder es un conjunto de pluma que puede colocarse en las Gevelridder H\u00edbridas M y L.<\/h2>\n\n<p>Es un producto ideal para elevar sobre andamios. La pluma es ligera y f\u00e1cil de transportar en un autob\u00fas. El Gevelridder est\u00e1 recomendado en el Cat\u00e1logo de Salud y Seguridad para el Acristalamiento. El uso de este producto deja las manos libres durante el montaje y elimina el peligro de escaleras y escalerillas. Longitud de transporte 2400 mm, anchura del pie 850 mm. Extensible hasta 4 metros en 2 partes (WLL 200 kg). Utilizando la tercera parte extensible hasta 5850 mm (WLL 200 kg).      <\/p>\n\n<h2 class=\"wp-block-heading\">\u00bfTrabajar sin Gevelridder M H\u00edbrido?<\/h2>\n\n<p>Levantar peso es muy agotador para el cuerpo, sobre todo si se hace con frecuencia. Al levantar objetos pesados, existe el riesgo de da\u00f1ar los m\u00fasculos de la espalda, el tejido conjuntivo que rodea la columna vertebral o los discos intervertebrales. Cuanto m\u00e1s peso levantes, mayor ser\u00e1 el riesgo de da\u00f1os. Pero incluso levantar objetos ligeros puede provocar da\u00f1os, por ejemplo porque debe hacerse en una posici\u00f3n desfavorable (agachado, girado o con los brazos levantados) o por levantar demasiados objetos seguidos con muy poco tiempo de recuperaci\u00f3n. Para <a href=\"https:\/\/www.arboportaal.nl\/onderwerpen\/tillen-en-dragen\/wat-zijn-de-risico%E2%80%99s-van-tillen-en-dragen\">m\u00e1s informaci\u00f3n<\/a>. El Caballero de la Fachada (Gevelridder) te garantiza un trabajo vertical eficaz y seguro. Para el transporte horizontal, te recomendamos nuestro <a href=\"https:\/\/gevelridder.nl\/es\/producto\/pinza-tensora-para-glaskar-2-0-alu\/\">cami\u00f3n para vidrio<\/a>.      <\/p>\n","protected":false},"excerpt":{"rendered":"<p>El cabezal suelto del Gevelridder M H\u00edbrido ahora lo puedes cambiar f\u00e1cilmente por un cabezal de pluma, de esta forma puedes colocar f\u00e1cilmente tu andamio entre el Gevelridder y el Gevel. Adem\u00e1s de trabajar de forma segura y saludable con este Gevelridder, el H\u00edbrido es un producto que se ajusta a las normas del nitr\u00f3geno, sin movimientos de tr\u00e1fico adicionales porque te lo llevas en tu autob\u00fas y sin emisiones de los motores, lo que es una ventaja en estos tiempos. <\/p>\n","protected":false},"featured_media":0,"template":"","meta":{"_acf_changed":false,"_seopress_robots_primary_cat":"none","_seopress_titles_title":"","_seopress_titles_desc":"","_seopress_robots_index":""},"product_brand":[],"product_cat":[2682,3010],"product_tag":[3057,3058,2876,3053,3054,2687,2813,3055,3034,2874,3060,3059,2892,2884,3056,3061,3062,3063,3064,3065,2880],"class_list":{"0":"post-141272","1":"product","2":"type-product","3":"status-publish","5":"product_cat-piezas","6":"product_cat-vidriera-gevelridder","7":"product_tag-alquiler-de-elevadores-de-cristal","8":"product_tag-ascensor-de-cristal-3","9":"product_tag-ascensor-de-cristal","10":"product_tag-caballero-de-la-fachada-gevelridder-m","11":"product_tag-caballero-electrico-hibrido-de-fachada-gevelridder","12":"product_tag-colocacion-del-cristal","13":"product_tag-cristal-de-montaje","14":"product_tag-elevador-2","15":"product_tag-elevador-de-escalera","16":"product_tag-glaser","17":"product_tag-griplift","18":"product_tag-levantamiento-de-cristales","19":"product_tag-marco-de-ventana-2","20":"product_tag-miroiterie","21":"product_tag-pluma","22":"product_tag-shopfitter","23":"product_tag-sirliftalot","24":"product_tag-suncreenlift","25":"product_tag-ventosa","26":"product_tag-viavac","27":"product_tag-vidriero","28":"product_shipping_class-75-euros","30":"first","31":"instock","32":"taxable","33":"shipping-taxable","34":"purchasable","35":"product-type-simple"},"acf":[],"_links":{"self":[{"href":"https:\/\/gevelridder.nl\/es\/wp-json\/wp\/v2\/product\/141272","targetHints":{"allow":["GET"]}}],"collection":[{"href":"https:\/\/gevelridder.nl\/es\/wp-json\/wp\/v2\/product"}],"about":[{"href":"https:\/\/gevelridder.nl\/es\/wp-json\/wp\/v2\/types\/product"}],"wp:attachment":[{"href":"https:\/\/gevelridder.nl\/es\/wp-json\/wp\/v2\/media?parent=141272"}],"wp:term":[{"taxonomy":"product_brand","embeddable":true,"href":"https:\/\/gevelridder.nl\/es\/wp-json\/wp\/v2\/product_brand?post=141272"},{"taxonomy":"product_cat","embeddable":true,"href":"https:\/\/gevelridder.nl\/es\/wp-json\/wp\/v2\/product_cat?post=141272"},{"taxonomy":"product_tag","embeddable":true,"href":"https:\/\/gevelridder.nl\/es\/wp-json\/wp\/v2\/product_tag?post=141272"}],"curies":[{"name":"wp","href":"https:\/\/api.w.org\/{rel}","templated":true}]}}